{"id":1819,"date":"2023-09-12T10:58:09","date_gmt":"2023-09-12T10:58:09","guid":{"rendered":"https:\/\/lasikenka.tietokettu.net\/?page_id=1819"},"modified":"2025-03-20T16:50:09","modified_gmt":"2025-03-20T13:50:09","slug":"kimmon-yksityistunnit","status":"publish","type":"page","link":"https:\/\/lasikenka.fi\/index.php\/kimmon-yksityistunnit\/","title":{"rendered":"Kimmon-yksityistunnit"},"content":{"rendered":"\t\t<div data-elementor-type=\"wp-page\" data-elementor-id=\"1819\" class=\"elementor elementor-1819\">\n\t\t\t\t<div class=\"elementor-element elementor-element-6a3f7d1 e-flex e-con-boxed e-con e-parent\" data-id=\"6a3f7d1\" data-element_type=\"container\" data-e-type=\"container\">\n\t\t\t\t\t<div class=\"e-con-inner\">\n\t\t\t\t<div class=\"elementor-element elementor-element-a900f20 elementor-invisible elementor-widget elementor-widget-image\" data-id=\"a900f20\" data-element_type=\"widget\" data-e-type=\"widget\" data-settings=\"{&quot;_animation&quot;:&quot;slideInLeft&quot;}\" data-widget_type=\"image.default\">\n\t\t\t\t<div class=\"elementor-widget-container\">\n\t\t\t\t\t\t\t\t\t\t\t\t\t\t\t<img fetchpriority=\"high\" decoding=\"async\" width=\"189\" height=\"300\" src=\"https:\/\/lasikenka.fi\/wp-content\/uploads\/2023\/08\/Kimmo_Luukkonen-189x300.jpg\" class=\"attachment-medium size-medium wp-image-792\" alt=\"\" srcset=\"https:\/\/lasikenka.fi\/wp-content\/uploads\/2023\/08\/Kimmo_Luukkonen-189x300.jpg 189w, https:\/\/lasikenka.fi\/wp-content\/uploads\/2023\/08\/Kimmo_Luukkonen.jpg 630w\" sizes=\"(max-width: 189px) 100vw, 189px\" \/>\t\t\t\t\t\t\t\t\t\t\t\t\t\t\t<\/div>\n\t\t\t\t<\/div>\n\t\t\t\t\t<\/div>\n\t\t\t\t<\/div>\n\t\t<div class=\"elementor-element elementor-element-ecb0b6d e-flex e-con-boxed e-con e-parent\" data-id=\"ecb0b6d\" data-element_type=\"container\" data-e-type=\"container\">\n\t\t\t\t\t<div class=\"e-con-inner\">\n\t\t\t\t<div class=\"elementor-element elementor-element-9ce84d5 elementor-invisible elementor-widget elementor-widget-heading\" data-id=\"9ce84d5\" data-element_type=\"widget\" data-e-type=\"widget\" data-settings=\"{&quot;_animation&quot;:&quot;slideInLeft&quot;}\" data-widget_type=\"heading.default\">\n\t\t\t\t<div class=\"elementor-widget-container\">\n\t\t\t\t\t<h2 class=\"elementor-heading-title elementor-size-default\">Kimmo Luukkosen yksityistunnit<\/h2>\t\t\t\t<\/div>\n\t\t\t\t<\/div>\n\t\t\t\t\t<\/div>\n\t\t\t\t<\/div>\n\t\t<div class=\"elementor-element elementor-element-00561b5 e-flex e-con-boxed e-con e-parent\" data-id=\"00561b5\" data-element_type=\"container\" data-e-type=\"container\">\n\t\t\t\t\t<div class=\"e-con-inner\">\n\t\t<div class=\"elementor-element elementor-element-1c54bc6 e-con-full e-flex e-con e-child\" data-id=\"1c54bc6\" data-element_type=\"container\" data-e-type=\"container\">\n\t\t\t\t<div class=\"elementor-element elementor-element-0cb3769 elementor-widget-divider--view-line elementor-widget elementor-widget-divider\" data-id=\"0cb3769\" data-element_type=\"widget\" data-e-type=\"widget\" data-widget_type=\"divider.default\">\n\t\t\t\t<div class=\"elementor-widget-container\">\n\t\t\t\t\t\t\t<div class=\"elementor-divider\">\n\t\t\t<span class=\"elementor-divider-separator\">\n\t\t\t\t\t\t<\/span>\n\t\t<\/div>\n\t\t\t\t\t\t<\/div>\n\t\t\t\t<\/div>\n\t\t\t\t<\/div>\n\t\t\t\t<div class=\"elementor-element elementor-element-ad97dc4 elementor-invisible elementor-widget elementor-widget-text-editor\" data-id=\"ad97dc4\" data-element_type=\"widget\" data-e-type=\"widget\" data-settings=\"{&quot;_animation&quot;:&quot;slideInLeft&quot;}\" data-widget_type=\"text-editor.default\">\n\t\t\t\t<div class=\"elementor-widget-container\">\n\t\t\t\t\t\t\t\t\t<p>Kimmo Luukkonen toimii p\u00e4\u00e4asiassa p\u00e4\u00e4kaupunkiseudulla, mutta satunnaisesti Kimmo liikkuu my\u00f6s Riihim\u00e4en suunnalla, jolloin h\u00e4nelt\u00e4 on mahdollista ottaa yksityistunteja.\u00a0<\/p><p>\u00a0<\/p><p>Kimmo on todella hyv\u00e4 arvioimaan tanssijan kehitystarpeita. Yksityistunnilla saat Kimmolta selke\u00e4t ohjeet, mit\u00e4 asioita sinun kannattaa seuraavaksi treenata.<\/p><p>\u00a0<\/p><p><strong>Jos kiinnostuit, niin ota yhteytt\u00e4 Outiin: <a href=\"mailto:outi@lasikenka.fi\">outi@lasikenka.fi<\/a><\/strong><\/p>\t\t\t\t\t\t\t\t<\/div>\n\t\t\t\t<\/div>\n\t\t\t\t\t<\/div>\n\t\t\t\t<\/div>\n\t\t<div class=\"elementor-element elementor-element-50a9901 e-flex e-con-boxed e-con e-parent\" data-id=\"50a9901\" data-element_type=\"container\" data-e-type=\"container\">\n\t\t\t\t\t<div class=\"e-con-inner\">\n\t\t\t\t<div class=\"elementor-element elementor-element-a1b6608 elementor-widget-divider--view-line elementor-invisible elementor-widget elementor-widget-divider\" data-id=\"a1b6608\" data-element_type=\"widget\" data-e-type=\"widget\" data-settings=\"{&quot;_animation&quot;:&quot;slideInLeft&quot;}\" data-widget_type=\"divider.default\">\n\t\t\t\t<div class=\"elementor-widget-container\">\n\t\t\t\t\t\t\t<div class=\"elementor-divider\">\n\t\t\t<span class=\"elementor-divider-separator\">\n\t\t\t\t\t\t<\/span>\n\t\t<\/div>\n\t\t\t\t\t\t<\/div>\n\t\t\t\t<\/div>\n\t\t\t\t\t<\/div>\n\t\t\t\t<\/div>\n\t\t\t\t<\/div>\n\t\t","protected":false},"excerpt":{"rendered":"<p>Kimmo Luukkosen yksityistunnit Kimmo Luukkonen toimii p\u00e4\u00e4asiassa p\u00e4\u00e4kaupunkiseudulla, mutta satunnaisesti Kimmo liikkuu my\u00f6s Riihim\u00e4en suunnalla, jolloin h\u00e4nelt\u00e4 on mahdollista ottaa yksityistunteja.\u00a0 \u00a0 Kimmo on todella hyv\u00e4 arvioimaan tanssijan kehitystarpeita. Yksityistunnilla saat Kimmolta selke\u00e4t ohjeet, mit\u00e4 asioita sinun kannattaa seuraavaksi treenata. \u00a0 Jos kiinnostuit, niin ota yhteytt\u00e4 Outiin: outi@lasikenka.fi<\/p>\n","protected":false},"author":3,"featured_media":0,"parent":0,"menu_order":0,"comment_status":"closed","ping_status":"closed","template":"","meta":{"site-sidebar-layout":"no-sidebar","site-content-layout":"page-builder","ast-site-content-layout":"full-width-container","site-content-style":"default","site-sidebar-style":"default","ast-global-header-display":"","ast-banner-title-visibility":"","ast-main-header-display":"","ast-hfb-above-header-display":"","ast-hfb-below-header-display":"","ast-hfb-mobile-header-display":"","site-post-title":"disabled","ast-breadcrumbs-content":"","ast-featured-img":"disabled","footer-sml-layout":"","theme-transparent-header-meta":"","adv-header-id-meta":"","stick-header-meta":"","header-above-stick-meta":"","header-main-stick-meta":"","header-below-stick-meta":"","astra-migrate-meta-layouts":"set","footnotes":""},"class_list":["post-1819","page","type-page","status-publish","hentry"],"_links":{"self":[{"href":"https:\/\/lasikenka.fi\/index.php\/wp-json\/wp\/v2\/pages\/1819","targetHints":{"allow":["GET"]}}],"collection":[{"href":"https:\/\/lasikenka.fi\/index.php\/wp-json\/wp\/v2\/pages"}],"about":[{"href":"https:\/\/lasikenka.fi\/index.php\/wp-json\/wp\/v2\/types\/page"}],"author":[{"embeddable":true,"href":"https:\/\/lasikenka.fi\/index.php\/wp-json\/wp\/v2\/users\/3"}],"replies":[{"embeddable":true,"href":"https:\/\/lasikenka.fi\/index.php\/wp-json\/wp\/v2\/comments?post=1819"}],"version-history":[{"count":26,"href":"https:\/\/lasikenka.fi\/index.php\/wp-json\/wp\/v2\/pages\/1819\/revisions"}],"predecessor-version":[{"id":6107,"href":"https:\/\/lasikenka.fi\/index.php\/wp-json\/wp\/v2\/pages\/1819\/revisions\/6107"}],"wp:attachment":[{"href":"https:\/\/lasikenka.fi\/index.php\/wp-json\/wp\/v2\/media?parent=1819"}],"curies":[{"name":"wp","href":"https:\/\/api.w.org\/{rel}","templated":true}]}}