{"id":2090,"date":"2023-09-19T15:51:15","date_gmt":"2023-09-19T12:51:15","guid":{"rendered":"https:\/\/lasikenka.fi\/?page_id=2090"},"modified":"2023-11-29T13:52:55","modified_gmt":"2023-11-29T10:52:55","slug":"mika-ihmeen-lasikenka","status":"publish","type":"page","link":"https:\/\/lasikenka.fi\/index.php\/mika-ihmeen-lasikenka\/","title":{"rendered":"Mik\u00e4 ihmeen lasikenk\u00e4"},"content":{"rendered":"\t\t<div data-elementor-type=\"wp-page\" data-elementor-id=\"2090\" class=\"elementor elementor-2090\">\n\t\t\t\t<div class=\"elementor-element elementor-element-fcc2490 e-flex e-con-boxed e-con e-parent\" data-id=\"fcc2490\" data-element_type=\"container\" data-e-type=\"container\">\n\t\t\t\t\t<div class=\"e-con-inner\">\n\t\t<div class=\"elementor-element elementor-element-63f00ff e-con-full e-flex e-con e-child\" data-id=\"63f00ff\" data-element_type=\"container\" data-e-type=\"container\">\n\t\t\t\t<\/div>\n\t\t<div class=\"elementor-element elementor-element-eb295bd e-con-full e-flex e-con e-child\" data-id=\"eb295bd\" data-element_type=\"container\" data-e-type=\"container\">\n\t\t\t\t<div class=\"elementor-element elementor-element-69bd7b8 elementor-invisible elementor-widget elementor-widget-text-editor\" data-id=\"69bd7b8\" data-element_type=\"widget\" data-e-type=\"widget\" data-settings=\"{&quot;_animation&quot;:&quot;slideInLeft&quot;}\" data-widget_type=\"text-editor.default\">\n\t\t\t\t<div class=\"elementor-widget-container\">\n\t\t\t\t\t\t\t\t\t<h3>Mik\u00e4 ihmeen Lasikenk\u00e4?<\/h3><p>Tanssikoulu Lasikenk\u00e4 aloitti toimintansa Riihim\u00e4ell\u00e4 tammikuussa 2017. Koulun perusti kaksi rohkeaa naista, Outi Tonteri ja Jaana Jokinen. Koulu sai Lasikenk\u00e4-nimen, koska se sijaitsee Lasitehtaantiell\u00e4 ja koska domain oli vapaana! Lasikeng\u00e4st\u00e4 tuli Pikkusulka Tmi Outi Tonterin aputoiminimi.<\/p><p>\u00a0<\/p><p>Isosti l\u00e4hdettiin liikkeelle, mutta vaihtelevalla menestyksell\u00e4:)<\/p><p>Tuoreen yritt\u00e4j\u00e4n oli vaikea hahmottaa, ett\u00e4 markkinointiin menee PALJON enemm\u00e4n aikaa kuin itse asiaan eli tanssituntien vet\u00e4miseen. Hieno juttu oli, ett\u00e4 heti alussa saimme opettajaksi espoolaisen paritanssin moniottelijan Kimmo Luukkosen. Kimmo opetti jatkotason tunteja Lasikeng\u00e4ss\u00e4 kerran viikossa yli kolme vuotta eli koronapandemian aiheuttamaan toiminnan seisahtumiseen asti (maaliskuussa 2020).<\/p><p>\u00a0<\/p><p>Seuratanssinohjaajat Suvi Melaja ja Hannu Pekkola ovat alusta asti olleet mukana toiminnassa ja pit\u00e4neet kerran viikossa omat tanssituntinsa. Vierailevia opettajia oli alkuvuosina s\u00e4\u00e4nn\u00f6llisesti, mutta koronan j\u00e4lkeen olemme p\u00e4\u00e4asiassa opettaneet omin voimin.<\/p><p>\u00a0<\/p><p>Mutta sitten! Syksyll\u00e4 2021 Lasikeng\u00e4ss\u00e4 k\u00e4ynnistyi argentiinalaisen tangon opetus, vet\u00e4jin\u00e4 Maria Christensen ja Simo Lahtinen. Tangossa on aktiivinen oppilasryhm\u00e4 ja kahdessa vuodessa on edistytty hyvin. Syksyll\u00e4 2023 aloitti my\u00f6s uusi alkeisryhm\u00e4.\u00a0<\/p><p>\u00a0<\/p><p>T\u00e4rke\u00e4 osa Lasikeng\u00e4n toimintaa on salin vuokraaminen ulkopuolisille toimijoille, mm. omatoimiseen tanssin harjoitteluun. 110m2 peilisalissa on toimiva laminaattilattia ja hyv\u00e4t \u00e4\u00e4nentoistolaitteet. T\u00e4ss\u00e4 salissa kelpaa treenata tanssia!<\/p>\t\t\t\t\t\t\t\t<\/div>\n\t\t\t\t<\/div>\n\t\t\t\t<\/div>\n\t\t<div class=\"elementor-element elementor-element-8407eef e-con-full e-flex e-con e-child\" data-id=\"8407eef\" data-element_type=\"container\" data-e-type=\"container\">\n\t\t\t\t<\/div>\n\t\t\t\t\t<\/div>\n\t\t\t\t<\/div>\n\t\t\t\t<\/div>\n\t\t","protected":false},"excerpt":{"rendered":"<p>Mik\u00e4 ihmeen Lasikenk\u00e4? Tanssikoulu Lasikenk\u00e4 aloitti toimintansa Riihim\u00e4ell\u00e4 tammikuussa 2017. Koulun perusti kaksi rohkeaa naista, Outi Tonteri ja Jaana Jokinen. Koulu sai Lasikenk\u00e4-nimen, koska se sijaitsee Lasitehtaantiell\u00e4 ja koska domain oli vapaana! Lasikeng\u00e4st\u00e4 tuli Pikkusulka Tmi Outi Tonterin aputoiminimi. \u00a0 Isosti l\u00e4hdettiin liikkeelle, mutta vaihtelevalla menestyksell\u00e4:) Tuoreen yritt\u00e4j\u00e4n oli vaikea hahmottaa, ett\u00e4 markkinointiin menee PALJON &hellip;<\/p>\n<p class=\"read-more\"> <a class=\"\" href=\"https:\/\/lasikenka.fi\/index.php\/mika-ihmeen-lasikenka\/\"> <span class=\"screen-reader-text\">Mik\u00e4 ihmeen lasikenk\u00e4<\/span> Lue lis\u00e4\u00e4 &raquo;<\/a><\/p>\n","protected":false},"author":3,"featured_media":0,"parent":0,"menu_order":0,"comment_status":"closed","ping_status":"closed","template":"","meta":{"site-sidebar-layout":"no-sidebar","site-content-layout":"page-builder","ast-site-content-layout":"full-width-container","site-content-style":"default","site-sidebar-style":"default","ast-global-header-display":"","ast-banner-title-visibility":"","ast-main-header-display":"","ast-hfb-above-header-display":"","ast-hfb-below-header-display":"","ast-hfb-mobile-header-display":"","site-post-title":"disabled","ast-breadcrumbs-content":"","ast-featured-img":"disabled","footer-sml-layout":"","theme-transparent-header-meta":"","adv-header-id-meta":"","stick-header-meta":"","header-above-stick-meta":"","header-main-stick-meta":"","header-below-stick-meta":"","astra-migrate-meta-layouts":"set","footnotes":""},"class_list":["post-2090","page","type-page","status-publish","hentry"],"_links":{"self":[{"href":"https:\/\/lasikenka.fi\/index.php\/wp-json\/wp\/v2\/pages\/2090","targetHints":{"allow":["GET"]}}],"collection":[{"href":"https:\/\/lasikenka.fi\/index.php\/wp-json\/wp\/v2\/pages"}],"about":[{"href":"https:\/\/lasikenka.fi\/index.php\/wp-json\/wp\/v2\/types\/page"}],"author":[{"embeddable":true,"href":"https:\/\/lasikenka.fi\/index.php\/wp-json\/wp\/v2\/users\/3"}],"replies":[{"embeddable":true,"href":"https:\/\/lasikenka.fi\/index.php\/wp-json\/wp\/v2\/comments?post=2090"}],"version-history":[{"count":12,"href":"https:\/\/lasikenka.fi\/index.php\/wp-json\/wp\/v2\/pages\/2090\/revisions"}],"predecessor-version":[{"id":3120,"href":"https:\/\/lasikenka.fi\/index.php\/wp-json\/wp\/v2\/pages\/2090\/revisions\/3120"}],"wp:attachment":[{"href":"https:\/\/lasikenka.fi\/index.php\/wp-json\/wp\/v2\/media?parent=2090"}],"curies":[{"name":"wp","href":"https:\/\/api.w.org\/{rel}","templated":true}]}}