{"id":2767,"date":"2023-10-28T08:51:50","date_gmt":"2023-10-28T05:51:50","guid":{"rendered":"https:\/\/lasikenka.fi\/?page_id=2767"},"modified":"2023-10-29T10:06:35","modified_gmt":"2023-10-29T07:06:35","slug":"haatanssi","status":"publish","type":"page","link":"https:\/\/lasikenka.fi\/index.php\/haatanssi\/","title":{"rendered":"H\u00e4\u00e4tanssi"},"content":{"rendered":"\t\t<div data-elementor-type=\"wp-page\" data-elementor-id=\"2767\" class=\"elementor elementor-2767\">\n\t\t\t\t<div class=\"elementor-element elementor-element-cffb503 e-flex e-con-boxed e-con e-parent\" data-id=\"cffb503\" data-element_type=\"container\" data-e-type=\"container\">\n\t\t\t\t\t<div class=\"e-con-inner\">\n\t\t<div class=\"elementor-element elementor-element-b891af4 e-flex e-con-boxed e-con e-child\" data-id=\"b891af4\" data-element_type=\"container\" data-e-type=\"container\">\n\t\t\t\t\t<div class=\"e-con-inner\">\n\t\t\t\t\t<\/div>\n\t\t\t\t<\/div>\n\t\t\t\t<div class=\"elementor-element elementor-element-a5e9b62 elementor-widget elementor-widget-text-editor\" data-id=\"a5e9b62\" data-element_type=\"widget\" data-e-type=\"widget\" data-widget_type=\"text-editor.default\">\n\t\t\t\t<div class=\"elementor-widget-container\">\n\t\t\t\t\t\t\t\t\t<h2 class=\"wp-block-heading\" style=\"text-align: center;\">H\u00e4\u00e4t tulossa ja tarve tanssitreeneille?<\/h2><h4 class=\"wp-block-heading\" style=\"text-align: center;\">Lasikeng\u00e4ss\u00e4 onnistuu sek\u00e4 perinteisen h\u00e4\u00e4valssin opetus ett\u00e4 halutessasi tanssiaskelten laatiminen itse valitsemaasi musiikkiin!<\/h4>\t\t\t\t\t\t\t\t<\/div>\n\t\t\t\t<\/div>\n\t\t\t\t\t<\/div>\n\t\t\t\t<\/div>\n\t\t<div class=\"elementor-element elementor-element-d2acc8a e-flex e-con-boxed e-con e-parent\" data-id=\"d2acc8a\" data-element_type=\"container\" data-e-type=\"container\">\n\t\t\t\t\t<div class=\"e-con-inner\">\n\t\t\t\t<div class=\"elementor-element elementor-element-d2f6a0c elementor-widget elementor-widget-image\" data-id=\"d2f6a0c\" data-element_type=\"widget\" data-e-type=\"widget\" data-widget_type=\"image.default\">\n\t\t\t\t<div class=\"elementor-widget-container\">\n\t\t\t\t\t\t\t\t\t\t\t\t<figure class=\"wp-caption\">\n\t\t\t\t\t\t\t\t\t\t<img decoding=\"async\" src=\"https:\/\/lasikenka.fi\/wp-content\/uploads\/elementor\/thumbs\/HA2A9031-qdxwitob83msyshiyaz7nszh9a299s5ra9cheq2zik.jpg\" title=\"HA2A9031\" alt=\"HA2A9031\" loading=\"lazy\" \/>\t\t\t\t\t\t\t\t\t\t\t<figcaption class=\"widget-image-caption wp-caption-text\">kuva: Valofotoja, Emilia Tanhuanp\u00e4\u00e4<\/figcaption>\n\t\t\t\t\t\t\t\t\t\t<\/figure>\n\t\t\t\t\t\t\t\t\t<\/div>\n\t\t\t\t<\/div>\n\t\t\t\t\t<\/div>\n\t\t\t\t<\/div>\n\t\t<div class=\"elementor-element elementor-element-f876487 e-flex e-con-boxed e-con e-parent\" data-id=\"f876487\" data-element_type=\"container\" data-e-type=\"container\">\n\t\t\t\t\t<div class=\"e-con-inner\">\n\t\t\t\t<div class=\"elementor-element elementor-element-154dd73 elementor-widget elementor-widget-text-editor\" data-id=\"154dd73\" data-element_type=\"widget\" data-e-type=\"widget\" data-widget_type=\"text-editor.default\">\n\t\t\t\t<div class=\"elementor-widget-container\">\n\t\t\t\t\t\t\t\t\t<h3 class=\"wp-block-heading\" style=\"text-align: center;\">H\u00e4\u00e4tanssin opetus sovitaan asiakkaan toiveiden mukaan ja tuntihinta on yksityistunnin hinta.<\/h3><p style=\"text-align: center;\">Ota yhteytt\u00e4 Outiin: outi@lasikenka.fi tai p.045 208 2610<\/p><p style=\"text-align: center;\">tai Jaanaan: lasikenka39@gmail.com<\/p>\t\t\t\t\t\t\t\t<\/div>\n\t\t\t\t<\/div>\n\t\t\t\t\t<\/div>\n\t\t\t\t<\/div>\n\t\t\t\t<\/div>\n\t\t","protected":false},"excerpt":{"rendered":"<p>H\u00e4\u00e4t tulossa ja tarve tanssitreeneille? Lasikeng\u00e4ss\u00e4 onnistuu sek\u00e4 perinteisen h\u00e4\u00e4valssin opetus ett\u00e4 halutessasi tanssiaskelten laatiminen itse valitsemaasi musiikkiin! kuva: Valofotoja, Emilia Tanhuanp\u00e4\u00e4 H\u00e4\u00e4tanssin opetus sovitaan asiakkaan toiveiden mukaan ja tuntihinta on yksityistunnin hinta. Ota yhteytt\u00e4 Outiin: outi@lasikenka.fi tai p.045 208 2610 tai Jaanaan: lasikenka39@gmail.com<\/p>\n","protected":false},"author":4,"featured_media":0,"parent":0,"menu_order":0,"comment_status":"closed","ping_status":"closed","template":"","meta":{"site-sidebar-layout":"no-sidebar","site-content-layout":"page-builder","ast-site-content-layout":"full-width-container","site-content-style":"default","site-sidebar-style":"default","ast-global-header-display":"","ast-banner-title-visibility":"","ast-main-header-display":"","ast-hfb-above-header-display":"","ast-hfb-below-header-display":"","ast-hfb-mobile-header-display":"","site-post-title":"disabled","ast-breadcrumbs-content":"","ast-featured-img":"disabled","footer-sml-layout":"","theme-transparent-header-meta":"","adv-header-id-meta":"","stick-header-meta":"","header-above-stick-meta":"","header-main-stick-meta":"","header-below-stick-meta":"","astra-migrate-meta-layouts":"set","footnotes":""},"class_list":["post-2767","page","type-page","status-publish","hentry"],"_links":{"self":[{"href":"https:\/\/lasikenka.fi\/index.php\/wp-json\/wp\/v2\/pages\/2767","targetHints":{"allow":["GET"]}}],"collection":[{"href":"https:\/\/lasikenka.fi\/index.php\/wp-json\/wp\/v2\/pages"}],"about":[{"href":"https:\/\/lasikenka.fi\/index.php\/wp-json\/wp\/v2\/types\/page"}],"author":[{"embeddable":true,"href":"https:\/\/lasikenka.fi\/index.php\/wp-json\/wp\/v2\/users\/4"}],"replies":[{"embeddable":true,"href":"https:\/\/lasikenka.fi\/index.php\/wp-json\/wp\/v2\/comments?post=2767"}],"version-history":[{"count":31,"href":"https:\/\/lasikenka.fi\/index.php\/wp-json\/wp\/v2\/pages\/2767\/revisions"}],"predecessor-version":[{"id":2850,"href":"https:\/\/lasikenka.fi\/index.php\/wp-json\/wp\/v2\/pages\/2767\/revisions\/2850"}],"wp:attachment":[{"href":"https:\/\/lasikenka.fi\/index.php\/wp-json\/wp\/v2\/media?parent=2767"}],"curies":[{"name":"wp","href":"https:\/\/api.w.org\/{rel}","templated":true}]}}