{"id":2818,"date":"2023-10-29T09:11:59","date_gmt":"2023-10-29T06:11:59","guid":{"rendered":"https:\/\/lasikenka.fi\/?page_id=2818"},"modified":"2025-03-20T16:48:19","modified_gmt":"2025-03-20T13:48:19","slug":"jaanan-yksityistunnit","status":"publish","type":"page","link":"https:\/\/lasikenka.fi\/index.php\/jaanan-yksityistunnit\/","title":{"rendered":"Jaanan yksityistunnit"},"content":{"rendered":"\t\t<div data-elementor-type=\"wp-page\" data-elementor-id=\"2818\" class=\"elementor elementor-2818\">\n\t\t\t\t<div class=\"elementor-element elementor-element-e30fe1d e-flex e-con-boxed elementor-invisible e-con e-parent\" data-id=\"e30fe1d\" data-element_type=\"container\" data-e-type=\"container\" data-settings=\"{&quot;animation&quot;:&quot;slideInLeft&quot;}\">\n\t\t\t\t\t<div class=\"e-con-inner\">\n\t\t<div class=\"elementor-element elementor-element-f83887a e-flex e-con-boxed e-con e-child\" data-id=\"f83887a\" data-element_type=\"container\" data-e-type=\"container\">\n\t\t\t\t\t<div class=\"e-con-inner\">\n\t\t\t\t<div class=\"elementor-element elementor-element-b9d9632 elementor-widget elementor-widget-image\" data-id=\"b9d9632\" data-element_type=\"widget\" data-e-type=\"widget\" data-widget_type=\"image.default\">\n\t\t\t\t<div class=\"elementor-widget-container\">\n\t\t\t\t\t\t\t\t\t\t\t\t\t\t\t<img fetchpriority=\"high\" decoding=\"async\" width=\"316\" height=\"363\" src=\"https:\/\/lasikenka.fi\/wp-content\/uploads\/2023\/08\/Jaana.png\" class=\"attachment-large size-large wp-image-683\" alt=\"\" srcset=\"https:\/\/lasikenka.fi\/wp-content\/uploads\/2023\/08\/Jaana.png 316w, https:\/\/lasikenka.fi\/wp-content\/uploads\/2023\/08\/Jaana-261x300.png 261w\" sizes=\"(max-width: 316px) 100vw, 316px\" \/>\t\t\t\t\t\t\t\t\t\t\t\t\t\t\t<\/div>\n\t\t\t\t<\/div>\n\t\t\t\t\t<\/div>\n\t\t\t\t<\/div>\n\t\t<div class=\"elementor-element elementor-element-a75c696 e-flex e-con-boxed e-con e-child\" data-id=\"a75c696\" data-element_type=\"container\" data-e-type=\"container\">\n\t\t\t\t\t<div class=\"e-con-inner\">\n\t\t\t\t<div class=\"elementor-element elementor-element-6e25419 elementor-widget elementor-widget-heading\" data-id=\"6e25419\" data-element_type=\"widget\" data-e-type=\"widget\" data-widget_type=\"heading.default\">\n\t\t\t\t<div class=\"elementor-widget-container\">\n\t\t\t\t\t<h2 class=\"elementor-heading-title elementor-size-default\">Jaanan yksityistunnit<\/h2>\t\t\t\t<\/div>\n\t\t\t\t<\/div>\n\t\t\t\t\t<\/div>\n\t\t\t\t<\/div>\n\t\t\t\t\t<\/div>\n\t\t\t\t<\/div>\n\t\t<div class=\"elementor-element elementor-element-d8f989a e-flex e-con-boxed e-con e-parent\" data-id=\"d8f989a\" data-element_type=\"container\" data-e-type=\"container\">\n\t\t\t\t\t<div class=\"e-con-inner\">\n\t\t<div class=\"elementor-element elementor-element-8a30718 e-flex e-con-boxed e-con e-child\" data-id=\"8a30718\" data-element_type=\"container\" data-e-type=\"container\">\n\t\t\t\t\t<div class=\"e-con-inner\">\n\t\t<div class=\"elementor-element elementor-element-cc1302c e-con-full e-flex e-con e-child\" data-id=\"cc1302c\" data-element_type=\"container\" data-e-type=\"container\">\n\t\t\t\t<div class=\"elementor-element elementor-element-f815f06 elementor-widget-divider--view-line elementor-widget elementor-widget-divider\" data-id=\"f815f06\" data-element_type=\"widget\" data-e-type=\"widget\" data-widget_type=\"divider.default\">\n\t\t\t\t<div class=\"elementor-widget-container\">\n\t\t\t\t\t\t\t<div class=\"elementor-divider\">\n\t\t\t<span class=\"elementor-divider-separator\">\n\t\t\t\t\t\t<\/span>\n\t\t<\/div>\n\t\t\t\t\t\t<\/div>\n\t\t\t\t<\/div>\n\t\t\t\t<\/div>\n\t\t\t\t<div class=\"elementor-element elementor-element-443be19 elementor-widget elementor-widget-text-editor\" data-id=\"443be19\" data-element_type=\"widget\" data-e-type=\"widget\" data-widget_type=\"text-editor.default\">\n\t\t\t\t<div class=\"elementor-widget-container\">\n\t\t\t\t\t\t\t\t\t<p>Annan yksityistunteja oman parin kanssa tanssiville ja my\u00f6s ilman omaa paria tuleville oppilaille, sek\u00e4 viejille ett\u00e4 seuraajille. Pienryhm\u00e4t ovat my\u00f6s tervetulleita!<\/p>\t\t\t\t\t\t\t\t<\/div>\n\t\t\t\t<\/div>\n\t\t\t\t\t<\/div>\n\t\t\t\t<\/div>\n\t\t<div class=\"elementor-element elementor-element-a170d1b e-flex e-con-boxed e-con e-child\" data-id=\"a170d1b\" data-element_type=\"container\" data-e-type=\"container\">\n\t\t\t\t\t<div class=\"e-con-inner\">\n\t\t\t\t<div class=\"elementor-element elementor-element-742c0a9 elementor-widget-divider--view-line elementor-widget elementor-widget-divider\" data-id=\"742c0a9\" data-element_type=\"widget\" data-e-type=\"widget\" data-widget_type=\"divider.default\">\n\t\t\t\t<div class=\"elementor-widget-container\">\n\t\t\t\t\t\t\t<div class=\"elementor-divider\">\n\t\t\t<span class=\"elementor-divider-separator\">\n\t\t\t\t\t\t<\/span>\n\t\t<\/div>\n\t\t\t\t\t\t<\/div>\n\t\t\t\t<\/div>\n\t\t\t\t\t<\/div>\n\t\t\t\t<\/div>\n\t\t\t\t<div class=\"elementor-element elementor-element-e9cd8e0 elementor-widget elementor-widget-text-editor\" data-id=\"e9cd8e0\" data-element_type=\"widget\" data-e-type=\"widget\" data-widget_type=\"text-editor.default\">\n\t\t\t\t<div class=\"elementor-widget-container\">\n\t\t\t\t\t\t\t\t\t<section class=\"elementor-section elementor-top-section elementor-element elementor-element-a5b12e3 elementor-section-boxed elementor-section-height-default elementor-section-height-default animated slideInLeft\" data-id=\"a5b12e3\" data-element_type=\"section\" data-settings=\"{&quot;animation&quot;:&quot;slideInLeft&quot;}\"><div class=\"elementor-container elementor-column-gap-default\"><div class=\"elementor-column elementor-col-100 elementor-top-column elementor-element elementor-element-39eb7c3\" data-id=\"39eb7c3\" data-element_type=\"column\"><div class=\"elementor-widget-wrap elementor-element-populated\"><div class=\"elementor-element elementor-element-fca3749 elementor-widget elementor-widget-text-editor\" data-id=\"fca3749\" data-element_type=\"widget\" data-widget_type=\"text-editor.default\"><div class=\"elementor-widget-container\"><p><span style=\"font-size: 1.7em; font-weight: bold; color: #800080;\">Hinnasto<\/span><\/p><\/div><\/div><\/div><\/div><\/div><\/section><section class=\"elementor-section elementor-top-section elementor-element elementor-element-795c474 elementor-section-boxed elementor-section-height-default elementor-section-height-default animated slideInLeft\" data-id=\"795c474\" data-element_type=\"section\" data-settings=\"{&quot;animation&quot;:&quot;slideInLeft&quot;}\"><div class=\"elementor-container elementor-column-gap-default\"><div class=\"elementor-column elementor-col-100 elementor-top-column elementor-element elementor-element-2c637ce\" data-id=\"2c637ce\" data-element_type=\"column\"><div class=\"elementor-widget-wrap elementor-element-populated\"><div class=\"elementor-element elementor-element-2bd471d elementor-widget elementor-widget-text-editor\" data-id=\"2bd471d\" data-element_type=\"widget\" data-widget_type=\"text-editor.default\"><div class=\"elementor-widget-container\"><p>Yksityistuntien hinta on<strong> 50\u20ac\/60min<\/strong> (sis. salivuokra).<\/p><p>\u00a0<\/p><p>Maksutapa Jaanan tunneilla: k\u00e4teinen.\u00a0<\/p><\/div><\/div><\/div><\/div><\/div><\/section>\t\t\t\t\t\t\t\t<\/div>\n\t\t\t\t<\/div>\n\t\t\t\t\t<\/div>\n\t\t\t\t<\/div>\n\t\t\t\t<\/div>\n\t\t","protected":false},"excerpt":{"rendered":"<p>Jaanan yksityistunnit Annan yksityistunteja oman parin kanssa tanssiville ja my\u00f6s ilman omaa paria tuleville oppilaille, sek\u00e4 viejille ett\u00e4 seuraajille. Pienryhm\u00e4t ovat my\u00f6s tervetulleita! Hinnasto Yksityistuntien hinta on 50\u20ac\/60min (sis. salivuokra). \u00a0 Maksutapa Jaanan tunneilla: k\u00e4teinen.\u00a0<\/p>\n","protected":false},"author":4,"featured_media":0,"parent":0,"menu_order":0,"comment_status":"closed","ping_status":"closed","template":"","meta":{"site-sidebar-layout":"no-sidebar","site-content-layout":"page-builder","ast-site-content-layout":"full-width-container","site-content-style":"default","site-sidebar-style":"default","ast-global-header-display":"","ast-banner-title-visibility":"","ast-main-header-display":"","ast-hfb-above-header-display":"","ast-hfb-below-header-display":"","ast-hfb-mobile-header-display":"","site-post-title":"disabled","ast-breadcrumbs-content":"","ast-featured-img":"disabled","footer-sml-layout":"","theme-transparent-header-meta":"","adv-header-id-meta":"","stick-header-meta":"","header-above-stick-meta":"","header-main-stick-meta":"","header-below-stick-meta":"","astra-migrate-meta-layouts":"set","footnotes":""},"class_list":["post-2818","page","type-page","status-publish","hentry"],"_links":{"self":[{"href":"https:\/\/lasikenka.fi\/index.php\/wp-json\/wp\/v2\/pages\/2818","targetHints":{"allow":["GET"]}}],"collection":[{"href":"https:\/\/lasikenka.fi\/index.php\/wp-json\/wp\/v2\/pages"}],"about":[{"href":"https:\/\/lasikenka.fi\/index.php\/wp-json\/wp\/v2\/types\/page"}],"author":[{"embeddable":true,"href":"https:\/\/lasikenka.fi\/index.php\/wp-json\/wp\/v2\/users\/4"}],"replies":[{"embeddable":true,"href":"https:\/\/lasikenka.fi\/index.php\/wp-json\/wp\/v2\/comments?post=2818"}],"version-history":[{"count":31,"href":"https:\/\/lasikenka.fi\/index.php\/wp-json\/wp\/v2\/pages\/2818\/revisions"}],"predecessor-version":[{"id":6101,"href":"https:\/\/lasikenka.fi\/index.php\/wp-json\/wp\/v2\/pages\/2818\/revisions\/6101"}],"wp:attachment":[{"href":"https:\/\/lasikenka.fi\/index.php\/wp-json\/wp\/v2\/media?parent=2818"}],"curies":[{"name":"wp","href":"https:\/\/api.w.org\/{rel}","templated":true}]}}