{"id":3352,"date":"2024-01-29T10:54:45","date_gmt":"2024-01-29T07:54:45","guid":{"rendered":"https:\/\/lasikenka.fi\/?page_id=3352"},"modified":"2024-10-18T23:40:44","modified_gmt":"2024-10-18T20:40:44","slug":"elementor-sivu-3352","status":"publish","type":"page","link":"https:\/\/lasikenka.fi\/index.php\/elementor-sivu-3352\/","title":{"rendered":"Pertin_tunnit"},"content":{"rendered":"\t\t<div data-elementor-type=\"wp-page\" data-elementor-id=\"3352\" class=\"elementor elementor-3352\">\n\t\t\t\t<div class=\"elementor-element elementor-element-0a7644b e-flex e-con-boxed e-con e-parent\" data-id=\"0a7644b\" data-element_type=\"container\" data-e-type=\"container\">\n\t\t\t\t\t<div class=\"e-con-inner\">\n\t\t<div class=\"elementor-element elementor-element-78b6568 e-con-full e-flex e-con e-child\" data-id=\"78b6568\" data-element_type=\"container\" data-e-type=\"container\">\n\t\t\t\t<div class=\"elementor-element elementor-element-95b4c5a elementor-widget elementor-widget-heading\" data-id=\"95b4c5a\" data-element_type=\"widget\" data-e-type=\"widget\" data-widget_type=\"heading.default\">\n\t\t\t\t<div class=\"elementor-widget-container\">\n\t\t\t\t\t<h2 class=\"elementor-heading-title elementor-size-default\">Pertin tunnit<\/h2>\t\t\t\t<\/div>\n\t\t\t\t<\/div>\n\t\t\t\t<\/div>\n\t\t\t\t<div class=\"elementor-element elementor-element-b8e897a elementor-widget elementor-widget-text-editor\" data-id=\"b8e897a\" data-element_type=\"widget\" data-e-type=\"widget\" data-widget_type=\"text-editor.default\">\n\t\t\t\t<div class=\"elementor-widget-container\">\n\t\t\t\t\t\t\t\t\t<h4>Seuratanssinohjaaja Pertti V\u00e4is\u00e4nen opettaa Tanssikoulu Lasikeng\u00e4ss\u00e4 yksitt\u00e4isi\u00e4 tunteja \/tuntikokonaisuuksia.\u00a0<\/h4><div><strong>Pertti antaa my\u00f6s yksityistunteja. Pertin yksityistuntien hinta on 70\u20ac\/h (sis. salivuokran).\u00a0<\/strong><\/div>\t\t\t\t\t\t\t\t<\/div>\n\t\t\t\t<\/div>\n\t\t\t\t\t<\/div>\n\t\t\t\t<\/div>\n\t\t<div class=\"elementor-element elementor-element-e117a27 e-flex e-con-boxed e-con e-parent\" data-id=\"e117a27\" data-element_type=\"container\" data-e-type=\"container\">\n\t\t\t\t\t<div class=\"e-con-inner\">\n\t\t\t\t<div class=\"elementor-element elementor-element-e990621 elementor-widget elementor-widget-image\" data-id=\"e990621\" data-element_type=\"widget\" data-e-type=\"widget\" data-widget_type=\"image.default\">\n\t\t\t\t<div class=\"elementor-widget-container\">\n\t\t\t\t\t\t\t\t\t\t\t\t\t\t\t<img fetchpriority=\"high\" decoding=\"async\" width=\"244\" height=\"300\" src=\"https:\/\/lasikenka.fi\/wp-content\/uploads\/2024\/01\/kuva-244x300.jpg\" class=\"attachment-medium size-medium wp-image-3364\" alt=\"\" srcset=\"https:\/\/lasikenka.fi\/wp-content\/uploads\/2024\/01\/kuva-244x300.jpg 244w, https:\/\/lasikenka.fi\/wp-content\/uploads\/2024\/01\/kuva.jpg 753w\" sizes=\"(max-width: 244px) 100vw, 244px\" \/>\t\t\t\t\t\t\t\t\t\t\t\t\t\t\t<\/div>\n\t\t\t\t<\/div>\n\t\t\t\t\t<\/div>\n\t\t\t\t<\/div>\n\t\t\t\t<\/div>\n\t\t","protected":false},"excerpt":{"rendered":"<p>Pertin tunnit Seuratanssinohjaaja Pertti V\u00e4is\u00e4nen opettaa Tanssikoulu Lasikeng\u00e4ss\u00e4 yksitt\u00e4isi\u00e4 tunteja \/tuntikokonaisuuksia.\u00a0 Pertti antaa my\u00f6s yksityistunteja. Pertin yksityistuntien hinta on 70\u20ac\/h (sis. salivuokran).\u00a0<\/p>\n","protected":false},"author":4,"featured_media":0,"parent":0,"menu_order":0,"comment_status":"closed","ping_status":"closed","template":"","meta":{"site-sidebar-layout":"no-sidebar","site-content-layout":"page-builder","ast-site-content-layout":"full-width-container","site-content-style":"default","site-sidebar-style":"default","ast-global-header-display":"","ast-banner-title-visibility":"","ast-main-header-display":"","ast-hfb-above-header-display":"","ast-hfb-below-header-display":"","ast-hfb-mobile-header-display":"","site-post-title":"disabled","ast-breadcrumbs-content":"","ast-featured-img":"disabled","footer-sml-layout":"","theme-transparent-header-meta":"","adv-header-id-meta":"","stick-header-meta":"","header-above-stick-meta":"","header-main-stick-meta":"","header-below-stick-meta":"","astra-migrate-meta-layouts":"","footnotes":""},"class_list":["post-3352","page","type-page","status-publish","hentry"],"_links":{"self":[{"href":"https:\/\/lasikenka.fi\/index.php\/wp-json\/wp\/v2\/pages\/3352","targetHints":{"allow":["GET"]}}],"collection":[{"href":"https:\/\/lasikenka.fi\/index.php\/wp-json\/wp\/v2\/pages"}],"about":[{"href":"https:\/\/lasikenka.fi\/index.php\/wp-json\/wp\/v2\/types\/page"}],"author":[{"embeddable":true,"href":"https:\/\/lasikenka.fi\/index.php\/wp-json\/wp\/v2\/users\/4"}],"replies":[{"embeddable":true,"href":"https:\/\/lasikenka.fi\/index.php\/wp-json\/wp\/v2\/comments?post=3352"}],"version-history":[{"count":62,"href":"https:\/\/lasikenka.fi\/index.php\/wp-json\/wp\/v2\/pages\/3352\/revisions"}],"predecessor-version":[{"id":5282,"href":"https:\/\/lasikenka.fi\/index.php\/wp-json\/wp\/v2\/pages\/3352\/revisions\/5282"}],"wp:attachment":[{"href":"https:\/\/lasikenka.fi\/index.php\/wp-json\/wp\/v2\/media?parent=3352"}],"curies":[{"name":"wp","href":"https:\/\/api.w.org\/{rel}","templated":true}]}}