{"id":3522,"date":"2024-03-12T18:17:29","date_gmt":"2024-03-12T15:17:29","guid":{"rendered":"https:\/\/lasikenka.fi\/?page_id=3522"},"modified":"2025-03-20T16:46:57","modified_gmt":"2025-03-20T13:46:57","slug":"suvin-ja-hannun-yksityistunnit","status":"publish","type":"page","link":"https:\/\/lasikenka.fi\/index.php\/suvin-ja-hannun-yksityistunnit\/","title":{"rendered":"Suvin ja Hannun yksityistunnit"},"content":{"rendered":"\t\t<div data-elementor-type=\"wp-page\" data-elementor-id=\"3522\" class=\"elementor elementor-3522\">\n\t\t\t\t<div class=\"elementor-element elementor-element-ab8e27f e-flex e-con-boxed e-con e-parent\" data-id=\"ab8e27f\" data-element_type=\"container\" data-e-type=\"container\">\n\t\t\t\t\t<div class=\"e-con-inner\">\n\t\t<div class=\"elementor-element elementor-element-c46a55f e-flex e-con-boxed e-con e-child\" data-id=\"c46a55f\" data-element_type=\"container\" data-e-type=\"container\">\n\t\t\t\t\t<div class=\"e-con-inner\">\n\t\t\t\t<div class=\"elementor-element elementor-element-2534ddd elementor-widget elementor-widget-image\" data-id=\"2534ddd\" data-element_type=\"widget\" data-e-type=\"widget\" data-widget_type=\"image.default\">\n\t\t\t\t<div class=\"elementor-widget-container\">\n\t\t\t\t\t\t\t\t\t\t\t\t\t\t\t<img fetchpriority=\"high\" decoding=\"async\" width=\"296\" height=\"300\" src=\"https:\/\/lasikenka.fi\/wp-content\/uploads\/2023\/08\/Suvi-ja-Hannu-reunuksella-296x300.jpg\" class=\"attachment-medium size-medium wp-image-741\" alt=\"\" srcset=\"https:\/\/lasikenka.fi\/wp-content\/uploads\/2023\/08\/Suvi-ja-Hannu-reunuksella-296x300.jpg 296w, https:\/\/lasikenka.fi\/wp-content\/uploads\/2023\/08\/Suvi-ja-Hannu-reunuksella-1010x1024.jpg 1010w, https:\/\/lasikenka.fi\/wp-content\/uploads\/2023\/08\/Suvi-ja-Hannu-reunuksella-768x778.jpg 768w, https:\/\/lasikenka.fi\/wp-content\/uploads\/2023\/08\/Suvi-ja-Hannu-reunuksella-1515x1536.jpg 1515w, https:\/\/lasikenka.fi\/wp-content\/uploads\/2023\/08\/Suvi-ja-Hannu-reunuksella.jpg 1904w\" sizes=\"(max-width: 296px) 100vw, 296px\" \/>\t\t\t\t\t\t\t\t\t\t\t\t\t\t\t<\/div>\n\t\t\t\t<\/div>\n\t\t\t\t\t<\/div>\n\t\t\t\t<\/div>\n\t\t<div class=\"elementor-element elementor-element-4fda66f e-flex e-con-boxed e-con e-child\" data-id=\"4fda66f\" data-element_type=\"container\" data-e-type=\"container\">\n\t\t\t\t\t<div class=\"e-con-inner\">\n\t\t\t\t<div class=\"elementor-element elementor-element-961a723 elementor-widget elementor-widget-text-editor\" data-id=\"961a723\" data-element_type=\"widget\" data-e-type=\"widget\" data-widget_type=\"text-editor.default\">\n\t\t\t\t<div class=\"elementor-widget-container\">\n\t\t\t\t\t\t\t\t\t<h2>Suvin ja Hannun yksityistunnit<\/h2>\t\t\t\t\t\t\t\t<\/div>\n\t\t\t\t<\/div>\n\t\t\t\t\t<\/div>\n\t\t\t\t<\/div>\n\t\t<div class=\"elementor-element elementor-element-1896b1f e-con-full e-flex e-con e-child\" data-id=\"1896b1f\" data-element_type=\"container\" data-e-type=\"container\">\n\t\t\t\t<div class=\"elementor-element elementor-element-c6f787e elementor-widget-divider--view-line elementor-widget elementor-widget-divider\" data-id=\"c6f787e\" data-element_type=\"widget\" data-e-type=\"widget\" data-widget_type=\"divider.default\">\n\t\t\t\t<div class=\"elementor-widget-container\">\n\t\t\t\t\t\t\t<div class=\"elementor-divider\">\n\t\t\t<span class=\"elementor-divider-separator\">\n\t\t\t\t\t\t<\/span>\n\t\t<\/div>\n\t\t\t\t\t\t<\/div>\n\t\t\t\t<\/div>\n\t\t\t\t<\/div>\n\t\t\t\t<div class=\"elementor-element elementor-element-f025516 elementor-widget elementor-widget-text-editor\" data-id=\"f025516\" data-element_type=\"widget\" data-e-type=\"widget\" data-widget_type=\"text-editor.default\">\n\t\t\t\t<div class=\"elementor-widget-container\">\n\t\t\t\t\t\t\t\t\t<p>Suvi Melaja ja Hannu Pekkola antavat yksityistunteja niin yksin\u00e4\u00e4n tuleville miehille \/ naisille kuin my\u00f6s pariskunnille.&nbsp;<\/p>\n<p>HUOM. sek\u00e4 Suvi ett\u00e4 Hannu ovat paikalla yksityistunneilla, joten saat tehokkaan opetuksen!<\/p>\t\t\t\t\t\t\t\t<\/div>\n\t\t\t\t<\/div>\n\t\t<div class=\"elementor-element elementor-element-1bf8f21 e-con-full e-flex e-con e-child\" data-id=\"1bf8f21\" data-element_type=\"container\" data-e-type=\"container\">\n\t\t\t\t<div class=\"elementor-element elementor-element-ea91ccc elementor-widget-divider--view-line elementor-widget elementor-widget-divider\" data-id=\"ea91ccc\" data-element_type=\"widget\" data-e-type=\"widget\" data-widget_type=\"divider.default\">\n\t\t\t\t<div class=\"elementor-widget-container\">\n\t\t\t\t\t\t\t<div class=\"elementor-divider\">\n\t\t\t<span class=\"elementor-divider-separator\">\n\t\t\t\t\t\t<\/span>\n\t\t<\/div>\n\t\t\t\t\t\t<\/div>\n\t\t\t\t<\/div>\n\t\t\t\t<\/div>\n\t\t\t\t<div class=\"elementor-element elementor-element-9c4fff3 elementor-widget elementor-widget-text-editor\" data-id=\"9c4fff3\" data-element_type=\"widget\" data-e-type=\"widget\" data-widget_type=\"text-editor.default\">\n\t\t\t\t<div class=\"elementor-widget-container\">\n\t\t\t\t\t\t\t\t\t<h2>Hinnasto<\/h2><p>Suvin ja Hannun yksityistuntien hinta on<strong>\u00a060\u20ac\/60min<\/strong> (sis. salivuokra).<\/p><p>Maksutapa Suvin ja Hannun tunneilla: k\u00e4teinen.<\/p>\t\t\t\t\t\t\t\t<\/div>\n\t\t\t\t<\/div>\n\t\t\t\t\t<\/div>\n\t\t\t\t<\/div>\n\t\t\t\t<\/div>\n\t\t","protected":false},"excerpt":{"rendered":"<p>Suvin ja Hannun yksityistunnit Suvi Melaja ja Hannu Pekkola antavat yksityistunteja niin yksin\u00e4\u00e4n tuleville miehille \/ naisille kuin my\u00f6s pariskunnille.&nbsp; HUOM. sek\u00e4 Suvi ett\u00e4 Hannu ovat paikalla yksityistunneilla, joten saat tehokkaan opetuksen! Hinnasto Suvin ja Hannun yksityistuntien hinta on\u00a060\u20ac\/60min (sis. salivuokra). Maksutapa Suvin ja Hannun tunneilla: k\u00e4teinen.<\/p>\n","protected":false},"author":4,"featured_media":0,"parent":0,"menu_order":0,"comment_status":"closed","ping_status":"closed","template":"","meta":{"site-sidebar-layout":"no-sidebar","site-content-layout":"page-builder","ast-site-content-layout":"full-width-container","site-content-style":"default","site-sidebar-style":"default","ast-global-header-display":"","ast-banner-title-visibility":"","ast-main-header-display":"","ast-hfb-above-header-display":"","ast-hfb-below-header-display":"","ast-hfb-mobile-header-display":"","site-post-title":"disabled","ast-breadcrumbs-content":"","ast-featured-img":"disabled","footer-sml-layout":"","theme-transparent-header-meta":"","adv-header-id-meta":"","stick-header-meta":"","header-above-stick-meta":"","header-main-stick-meta":"","header-below-stick-meta":"","astra-migrate-meta-layouts":"set","footnotes":""},"class_list":["post-3522","page","type-page","status-publish","hentry"],"_links":{"self":[{"href":"https:\/\/lasikenka.fi\/index.php\/wp-json\/wp\/v2\/pages\/3522","targetHints":{"allow":["GET"]}}],"collection":[{"href":"https:\/\/lasikenka.fi\/index.php\/wp-json\/wp\/v2\/pages"}],"about":[{"href":"https:\/\/lasikenka.fi\/index.php\/wp-json\/wp\/v2\/types\/page"}],"author":[{"embeddable":true,"href":"https:\/\/lasikenka.fi\/index.php\/wp-json\/wp\/v2\/users\/4"}],"replies":[{"embeddable":true,"href":"https:\/\/lasikenka.fi\/index.php\/wp-json\/wp\/v2\/comments?post=3522"}],"version-history":[{"count":43,"href":"https:\/\/lasikenka.fi\/index.php\/wp-json\/wp\/v2\/pages\/3522\/revisions"}],"predecessor-version":[{"id":6098,"href":"https:\/\/lasikenka.fi\/index.php\/wp-json\/wp\/v2\/pages\/3522\/revisions\/6098"}],"wp:attachment":[{"href":"https:\/\/lasikenka.fi\/index.php\/wp-json\/wp\/v2\/media?parent=3522"}],"curies":[{"name":"wp","href":"https:\/\/api.w.org\/{rel}","templated":true}]}}