{"id":4223,"date":"2024-06-29T13:50:30","date_gmt":"2024-06-29T10:50:30","guid":{"rendered":"https:\/\/lasikenka.fi\/?page_id=4223"},"modified":"2024-09-20T10:07:40","modified_gmt":"2024-09-20T07:07:40","slug":"teematunnit","status":"publish","type":"page","link":"https:\/\/lasikenka.fi\/index.php\/teematunnit\/","title":{"rendered":"Teematunnit"},"content":{"rendered":"\t\t<div data-elementor-type=\"wp-page\" data-elementor-id=\"4223\" class=\"elementor elementor-4223\">\n\t\t\t\t<div class=\"elementor-element elementor-element-b6cd4c2 e-flex e-con-boxed e-con e-parent\" data-id=\"b6cd4c2\" data-element_type=\"container\" data-e-type=\"container\">\n\t\t\t\t\t<div class=\"e-con-inner\">\n\t\t\t\t<div class=\"elementor-element elementor-element-e95a183 elementor-widget-divider--separator-type-pattern elementor-widget-divider--view-line elementor-widget elementor-widget-divider\" data-id=\"e95a183\" data-element_type=\"widget\" data-e-type=\"widget\" data-widget_type=\"divider.default\">\n\t\t\t\t<div class=\"elementor-widget-container\">\n\t\t\t\t\t\t\t<div class=\"elementor-divider\" style=\"--divider-pattern-url: url(&quot;data:image\/svg+xml,%3Csvg xmlns=&#039;http:\/\/www.w3.org\/2000\/svg&#039; preserveAspectRatio=&#039;none&#039; overflow=&#039;visible&#039; height=&#039;100%&#039; viewBox=&#039;0 0 24 24&#039; fill=&#039;none&#039; stroke=&#039;black&#039; stroke-width=&#039;1&#039; stroke-linecap=&#039;square&#039; stroke-miterlimit=&#039;10&#039;%3E%3Cpath d=&#039;M0,6c6,0,0.9,11.1,6.9,11.1S18,6,24,6&#039;\/%3E%3C\/svg%3E&quot;);\">\n\t\t\t<span class=\"elementor-divider-separator\">\n\t\t\t\t\t\t<\/span>\n\t\t<\/div>\n\t\t\t\t\t\t<\/div>\n\t\t\t\t<\/div>\n\t\t\t\t\t<\/div>\n\t\t\t\t<\/div>\n\t\t<div class=\"elementor-element elementor-element-f58af7d e-flex e-con-boxed e-con e-parent\" data-id=\"f58af7d\" data-element_type=\"container\" data-e-type=\"container\">\n\t\t\t\t\t<div class=\"e-con-inner\">\n\t\t\t\t<div class=\"elementor-element elementor-element-3dd44dc elementor-widget elementor-widget-text-editor\" data-id=\"3dd44dc\" data-element_type=\"widget\" data-e-type=\"widget\" data-widget_type=\"text-editor.default\">\n\t\t\t\t<div class=\"elementor-widget-container\">\n\t\t\t\t\t\t\t\t\t<h3><strong>LASIKENG\u00c4N TEEMATUNNIT<\/strong><\/h3>\t\t\t\t\t\t\t\t<\/div>\n\t\t\t\t<\/div>\n\t\t<div class=\"elementor-element elementor-element-37f83a9 e-con-full e-flex e-con e-child\" data-id=\"37f83a9\" data-element_type=\"container\" data-e-type=\"container\">\n\t\t\t\t<div class=\"elementor-element elementor-element-a1f30a1 elementor-widget elementor-widget-text-editor\" data-id=\"a1f30a1\" data-element_type=\"widget\" data-e-type=\"widget\" data-widget_type=\"text-editor.default\">\n\t\t\t\t<div class=\"elementor-widget-container\">\n\t\t\t\t\t\t\t\t\t<p><span style=\"color: #ff0000;\"><strong>HUOM! Teematunnit ovat tauolla t\u00e4ll\u00e4 hetkell\u00e4, palaamme aiheeseen jossain vaiheessa!<\/strong><\/span><\/p>\t\t\t\t\t\t\t\t<\/div>\n\t\t\t\t<\/div>\n\t\t\t\t<\/div>\n\t\t<div class=\"elementor-element elementor-element-4ffc49d e-con-full e-flex e-con e-child\" data-id=\"4ffc49d\" data-element_type=\"container\" data-e-type=\"container\">\n\t\t\t\t<div class=\"elementor-element elementor-element-000a0f9 elementor-widget elementor-widget-text-editor\" data-id=\"000a0f9\" data-element_type=\"widget\" data-e-type=\"widget\" data-widget_type=\"text-editor.default\">\n\t\t\t\t<div class=\"elementor-widget-container\">\n\t\t\t\t\t\t\t\t\t<p>Syksyll\u00e4 2024 Lasikeng\u00e4ss\u00e4 alkoivat <strong>Teematunnit<\/strong>. Ensimm\u00e4inen kerta oli ke 31.7. klo 19.15-20.15 ja tunnit jatkuvat joka keskiviikko samaan aikaan. Opettaja: Outi Tonteri.<\/p><p><span style=\"color: #ff00ff;\"><strong>Mist\u00e4 on kyse? <\/strong><\/span><\/p><p>Teematunneilla haemme <strong>tanssitaitoa<\/strong> perusaskelen ulkopuolisessa ulottuvuudessa. Syvenn\u00e4mme tanssin <strong>perustekniikkaa<\/strong> (tukijalan k\u00e4ytt\u00f6, vartalon k\u00e4ytt\u00f6, jalkaty\u00f6) ja tutkimme miten n\u00e4m\u00e4 taidot vaikuttavat vientiin ja seuraamiseen. Opimme <strong>musiikkiin tanssimista<\/strong> (musiikin tulkintaa) ja etsimme keinoja toteuttaa t\u00e4t\u00e4 yhdess\u00e4 parin kanssa.<\/p><p><span style=\"color: #ff00ff;\"><strong>Kenelle?<\/strong><\/span><\/p><p>Teematunnit sopivat sinulle, jos suljetun otteen tanssit (foksi, tango, valssi) toimivat sinulla jo melko sujuvasti (huom. osaamiesi <em>kuvioiden<\/em> lukum\u00e4\u00e4r\u00e4ll\u00e4 ei ole merkityst\u00e4) ja haluat edet\u00e4 tanssissasi &#8221;seuraavalle tasolle&#8221;. Tuttu ja turvallinen perusaskel j\u00e4tet\u00e4\u00e4n taakse. L\u00e4hdet\u00e4\u00e4n kuuntelemaan, mit\u00e4 ideoita musiikki meille antaa ja miten nuo ideat muunnetaan parin kanssa yhteiseksi tanssiksi.<\/p><p><span style=\"color: #ff00ff;\"><strong>Varoitus<\/strong><\/span><\/p><p>T\u00e4ll\u00e4 kurssilla annat pikkusormesi musiikkiin tanssimiselle &#8212; ja silt\u00e4 tielt\u00e4 ei ole paluuta!<\/p>\t\t\t\t\t\t\t\t<\/div>\n\t\t\t\t<\/div>\n\t\t\t\t<\/div>\n\t\t<div class=\"elementor-element elementor-element-066ab1d e-con-full e-flex e-con e-child\" data-id=\"066ab1d\" data-element_type=\"container\" data-e-type=\"container\">\n\t\t\t\t<div class=\"elementor-element elementor-element-ed10b3a elementor-widget elementor-widget-text-editor\" data-id=\"ed10b3a\" data-element_type=\"widget\" data-e-type=\"widget\" data-widget_type=\"text-editor.default\">\n\t\t\t\t<div class=\"elementor-widget-container\">\n\t\t\t\t\t\t\t\t\t<p><span style=\"color: #808080;\">Tuntisis\u00e4ll\u00f6t:<\/span><\/p><p><span style=\"color: #808080;\"><del>*ke 31.7.24 klo 19.15-20.15 Suomalainen valssi 1\/2 (musiikin tulkintaa ja valssin variaatioita)<\/del><\/span><\/p><p><span style=\"color: #808080;\"><del>*ke 7.8.24 klo 19.15-20.15 Suomalainen valssi 2\/2 (musiikin tulkintaa ja valssin variaatioita)<\/del><\/span><\/p><p><span style=\"color: #808080;\"><del>*ke 14.8.24 klo 19.15-20.15 <\/del><del>Musiikin tulkintaa foksiin 1\/3<\/del> \u00a0<\/span><\/p><p><span style=\"color: #808080;\"><del>*ke 21.8.24 klo 19.15-20.15 Musiikin tulkintaa foksiin 2\/3<\/del><\/span><\/p><p><span style=\"color: #808080;\"><del>*ke 28.8.24 klo 19.15-20.15 Musiikin tulkintaa foksiin 3\/3<\/del><\/span><\/p>\t\t\t\t\t\t\t\t<\/div>\n\t\t\t\t<\/div>\n\t\t<div class=\"elementor-element elementor-element-ff95098 e-con-full e-flex e-con e-child\" data-id=\"ff95098\" data-element_type=\"container\" data-e-type=\"container\">\n\t\t\t\t<div class=\"elementor-element elementor-element-39a81e3 elementor-widget elementor-widget-text-editor\" data-id=\"39a81e3\" data-element_type=\"widget\" data-e-type=\"widget\" data-widget_type=\"text-editor.default\">\n\t\t\t\t<div class=\"elementor-widget-container\">\n\t\t\t\t\t\t\t\t\t<p><del>Teematuntien jatkosuunnitelma: pidet\u00e4\u00e4n niist\u00e4 <strong>taukoa 4.9. ja 11.9.24<\/strong><\/del><\/p><p><del><strong><span style=\"color: #ff0000;\">18.9. pidet\u00e4\u00e4n tunti klo 19.15-20.15 ja aiheena on salsamusiikkiin tutustumista<\/span><\/strong> (ehdin itse kerrata asiaa siihen menness\u00e4 \ud83d\ude42<\/del><\/p>\t\t\t\t\t\t\t\t<\/div>\n\t\t\t\t<\/div>\n\t\t\t\t<\/div>\n\t\t<div class=\"elementor-element elementor-element-ed4732f e-con-full e-flex e-con e-child\" data-id=\"ed4732f\" data-element_type=\"container\" data-e-type=\"container\">\n\t\t\t\t<div class=\"elementor-element elementor-element-b2d26a1 elementor-widget elementor-widget-text-editor\" data-id=\"b2d26a1\" data-element_type=\"widget\" data-e-type=\"widget\" data-widget_type=\"text-editor.default\">\n\t\t\t\t<div class=\"elementor-widget-container\">\n\t\t\t\t\t\t\t\t\t<p><span style=\"color: #ff00ff;\"><strong>K\u00e4yt\u00e4nn\u00f6n ohjeet <\/strong><\/span><\/p><p>Kurssille ei tarvitse ilmoittautua, saavut vain paikalle. Sinulla ei tarvitse olla omaa paria, sill\u00e4 meill\u00e4 on vapaaehtoinen parinvaihto (teematunneilla my\u00f6s tanssitaan paljon ilman paria).<\/p><p><span style=\"color: #ff00ff;\"><strong>Hinnat <\/strong><\/span><\/p><p>*yksi kerta: 8\u20ac<\/p><p>*kortti 4krt: 28\u20ac<\/p><p>*kun ostat kerrallaan 2 kpl 4krt korttia: 50\u20ac<\/p><p>(huom. samat kortit ovat k\u00e4yt\u00f6ss\u00e4 <strong><a href=\"https:\/\/lasikenka.fi\/index.php\/lavatanssin-peruskurssi\/\">Lavatanssin peruskurssilla<\/a><\/strong> &#8211; jos k\u00e4yt molemmilla kursseilla, p\u00e4rj\u00e4\u00e4t yksill\u00e4 korteilla)<\/p>\t\t\t\t\t\t\t\t<\/div>\n\t\t\t\t<\/div>\n\t\t<div class=\"elementor-element elementor-element-036489b e-con-full e-flex e-con e-child\" data-id=\"036489b\" data-element_type=\"container\" data-e-type=\"container\">\n\t\t<div class=\"elementor-element elementor-element-3541bee e-grid e-con-full e-con e-child\" data-id=\"3541bee\" data-element_type=\"container\" data-e-type=\"container\">\n\t\t\t\t<div class=\"elementor-element elementor-element-af0fd7a elementor-widget elementor-widget-image\" data-id=\"af0fd7a\" data-element_type=\"widget\" data-e-type=\"widget\" data-widget_type=\"image.default\">\n\t\t\t\t<div class=\"elementor-widget-container\">\n\t\t\t\t\t\t\t\t\t\t\t\t\t\t\t<img fetchpriority=\"high\" decoding=\"async\" width=\"1024\" height=\"871\" src=\"https:\/\/lasikenka.fi\/wp-content\/uploads\/2024\/06\/kahdeksan_euroa-1024x871.jpg\" class=\"attachment-large size-large wp-image-4199\" alt=\"\" srcset=\"https:\/\/lasikenka.fi\/wp-content\/uploads\/2024\/06\/kahdeksan_euroa-1024x871.jpg 1024w, https:\/\/lasikenka.fi\/wp-content\/uploads\/2024\/06\/kahdeksan_euroa-300x255.jpg 300w, https:\/\/lasikenka.fi\/wp-content\/uploads\/2024\/06\/kahdeksan_euroa-768x653.jpg 768w, https:\/\/lasikenka.fi\/wp-content\/uploads\/2024\/06\/kahdeksan_euroa-1536x1306.jpg 1536w, https:\/\/lasikenka.fi\/wp-content\/uploads\/2024\/06\/kahdeksan_euroa.jpg 1993w\" sizes=\"(max-width: 1024px) 100vw, 1024px\" \/>\t\t\t\t\t\t\t\t\t\t\t\t\t\t\t<\/div>\n\t\t\t\t<\/div>\n\t\t\t\t<div class=\"elementor-element elementor-element-c687706 elementor-widget elementor-widget-image\" data-id=\"c687706\" data-element_type=\"widget\" data-e-type=\"widget\" data-widget_type=\"image.default\">\n\t\t\t\t<div class=\"elementor-widget-container\">\n\t\t\t\t\t\t\t\t\t\t\t\t\t\t\t<img decoding=\"async\" width=\"907\" height=\"743\" src=\"https:\/\/lasikenka.fi\/wp-content\/uploads\/2024\/06\/1_kortti_teksti.jpg\" class=\"attachment-large size-large wp-image-4194\" alt=\"\" srcset=\"https:\/\/lasikenka.fi\/wp-content\/uploads\/2024\/06\/1_kortti_teksti.jpg 907w, https:\/\/lasikenka.fi\/wp-content\/uploads\/2024\/06\/1_kortti_teksti-300x246.jpg 300w, https:\/\/lasikenka.fi\/wp-content\/uploads\/2024\/06\/1_kortti_teksti-768x629.jpg 768w\" sizes=\"(max-width: 907px) 100vw, 907px\" \/>\t\t\t\t\t\t\t\t\t\t\t\t\t\t\t<\/div>\n\t\t\t\t<\/div>\n\t\t\t\t<div class=\"elementor-element elementor-element-da613f5 elementor-widget elementor-widget-image\" data-id=\"da613f5\" data-element_type=\"widget\" data-e-type=\"widget\" data-widget_type=\"image.default\">\n\t\t\t\t<div class=\"elementor-widget-container\">\n\t\t\t\t\t\t\t\t\t\t\t\t\t\t\t<img decoding=\"async\" width=\"1024\" height=\"856\" src=\"https:\/\/lasikenka.fi\/wp-content\/uploads\/2024\/06\/2_korttia_teksti-1024x856.jpg\" class=\"attachment-large size-large wp-image-4195\" alt=\"\" srcset=\"https:\/\/lasikenka.fi\/wp-content\/uploads\/2024\/06\/2_korttia_teksti-1024x856.jpg 1024w, https:\/\/lasikenka.fi\/wp-content\/uploads\/2024\/06\/2_korttia_teksti-300x251.jpg 300w, https:\/\/lasikenka.fi\/wp-content\/uploads\/2024\/06\/2_korttia_teksti-768x642.jpg 768w, https:\/\/lasikenka.fi\/wp-content\/uploads\/2024\/06\/2_korttia_teksti.jpg 1208w\" sizes=\"(max-width: 1024px) 100vw, 1024px\" \/>\t\t\t\t\t\t\t\t\t\t\t\t\t\t\t<\/div>\n\t\t\t\t<\/div>\n\t\t\t\t<\/div>\n\t\t\t\t<\/div>\n\t\t\t\t<div class=\"elementor-element elementor-element-cac66b1 elementor-widget elementor-widget-text-editor\" data-id=\"cac66b1\" data-element_type=\"widget\" data-e-type=\"widget\" data-widget_type=\"text-editor.default\">\n\t\t\t\t<div class=\"elementor-widget-container\">\n\t\t\t\t\t\t\t\t\t<p><span style=\"color: #ff00ff;\"><strong>Maksutavat:<\/strong><\/span> k\u00e4teinen, pankkikortti, epassi, smartum.<\/p>\t\t\t\t\t\t\t\t<\/div>\n\t\t\t\t<\/div>\n\t\t\t\t<\/div>\n\t\t\t\t<\/div>\n\t\t\t\t\t<\/div>\n\t\t\t\t<\/div>\n\t\t<div class=\"elementor-element elementor-element-59b9309 e-flex e-con-boxed e-con e-parent\" data-id=\"59b9309\" data-element_type=\"container\" data-e-type=\"container\">\n\t\t\t\t\t<div class=\"e-con-inner\">\n\t\t\t\t\t<\/div>\n\t\t\t\t<\/div>\n\t\t\t\t<\/div>\n\t\t","protected":false},"excerpt":{"rendered":"<p>LASIKENG\u00c4N TEEMATUNNIT HUOM! Teematunnit ovat tauolla t\u00e4ll\u00e4 hetkell\u00e4, palaamme aiheeseen jossain vaiheessa! Syksyll\u00e4 2024 Lasikeng\u00e4ss\u00e4 alkoivat Teematunnit. Ensimm\u00e4inen kerta oli ke 31.7. klo 19.15-20.15 ja tunnit jatkuvat joka keskiviikko samaan aikaan. Opettaja: Outi Tonteri. Mist\u00e4 on kyse? Teematunneilla haemme tanssitaitoa perusaskelen ulkopuolisessa ulottuvuudessa. Syvenn\u00e4mme tanssin perustekniikkaa (tukijalan k\u00e4ytt\u00f6, vartalon k\u00e4ytt\u00f6, jalkaty\u00f6) ja tutkimme miten n\u00e4m\u00e4 &hellip;<\/p>\n<p class=\"read-more\"> <a class=\"\" href=\"https:\/\/lasikenka.fi\/index.php\/teematunnit\/\"> <span class=\"screen-reader-text\">Teematunnit<\/span> Lue lis\u00e4\u00e4 &raquo;<\/a><\/p>\n","protected":false},"author":4,"featured_media":0,"parent":0,"menu_order":0,"comment_status":"closed","ping_status":"closed","template":"","meta":{"site-sidebar-layout":"no-sidebar","site-content-layout":"page-builder","ast-site-content-layout":"full-width-container","site-content-style":"default","site-sidebar-style":"default","ast-global-header-display":"","ast-banner-title-visibility":"","ast-main-header-display":"","ast-hfb-above-header-display":"","ast-hfb-below-header-display":"","ast-hfb-mobile-header-display":"","site-post-title":"disabled","ast-breadcrumbs-content":"","ast-featured-img":"disabled","footer-sml-layout":"","theme-transparent-header-meta":"","adv-header-id-meta":"","stick-header-meta":"","header-above-stick-meta":"","header-main-stick-meta":"","header-below-stick-meta":"","astra-migrate-meta-layouts":"set","footnotes":""},"class_list":["post-4223","page","type-page","status-publish","hentry"],"_links":{"self":[{"href":"https:\/\/lasikenka.fi\/index.php\/wp-json\/wp\/v2\/pages\/4223","targetHints":{"allow":["GET"]}}],"collection":[{"href":"https:\/\/lasikenka.fi\/index.php\/wp-json\/wp\/v2\/pages"}],"about":[{"href":"https:\/\/lasikenka.fi\/index.php\/wp-json\/wp\/v2\/types\/page"}],"author":[{"embeddable":true,"href":"https:\/\/lasikenka.fi\/index.php\/wp-json\/wp\/v2\/users\/4"}],"replies":[{"embeddable":true,"href":"https:\/\/lasikenka.fi\/index.php\/wp-json\/wp\/v2\/comments?post=4223"}],"version-history":[{"count":77,"href":"https:\/\/lasikenka.fi\/index.php\/wp-json\/wp\/v2\/pages\/4223\/revisions"}],"predecessor-version":[{"id":5149,"href":"https:\/\/lasikenka.fi\/index.php\/wp-json\/wp\/v2\/pages\/4223\/revisions\/5149"}],"wp:attachment":[{"href":"https:\/\/lasikenka.fi\/index.php\/wp-json\/wp\/v2\/media?parent=4223"}],"curies":[{"name":"wp","href":"https:\/\/api.w.org\/{rel}","templated":true}]}}