{"id":483,"date":"2023-08-10T07:58:05","date_gmt":"2023-08-10T07:58:05","guid":{"rendered":"https:\/\/lasikenka.tietokettu.net\/?page_id=483"},"modified":"2025-12-22T16:29:44","modified_gmt":"2025-12-22T13:29:44","slug":"suvin-ja-hannun-tunnit","status":"publish","type":"page","link":"https:\/\/lasikenka.fi\/index.php\/suvin-ja-hannun-tunnit\/","title":{"rendered":"Suvin Ja Hannun tunnit"},"content":{"rendered":"\t\t<div data-elementor-type=\"wp-page\" data-elementor-id=\"483\" class=\"elementor elementor-483\">\n\t\t\t\t\t\t<section class=\"elementor-section elementor-top-section elementor-element elementor-element-9683349 elementor-section-boxed elementor-section-height-default elementor-section-height-default elementor-invisible\" data-id=\"9683349\" data-element_type=\"section\" data-e-type=\"section\" data-settings=\"{&quot;animation&quot;:&quot;slideInLeft&quot;}\">\n\t\t\t\t\t\t<div class=\"elementor-container elementor-column-gap-default\">\n\t\t\t\t\t<div class=\"elementor-column elementor-col-100 elementor-top-column elementor-element elementor-element-610eae4\" data-id=\"610eae4\" data-element_type=\"column\" data-e-type=\"column\">\n\t\t\t<div class=\"elementor-widget-wrap\">\n\t\t\t\t\t\t\t<\/div>\n\t\t<\/div>\n\t\t\t\t\t<\/div>\n\t\t<\/section>\n\t\t\t\t<section class=\"elementor-section elementor-top-section elementor-element elementor-element-76aebe8 elementor-section-boxed elementor-section-height-default elementor-section-height-default elementor-invisible\" data-id=\"76aebe8\" data-element_type=\"section\" data-e-type=\"section\" data-settings=\"{&quot;animation&quot;:&quot;slideInLeft&quot;}\">\n\t\t\t\t\t\t<div class=\"elementor-container elementor-column-gap-default\">\n\t\t\t\t\t<div class=\"elementor-column elementor-col-100 elementor-top-column elementor-element elementor-element-07e9563\" data-id=\"07e9563\" data-element_type=\"column\" data-e-type=\"column\">\n\t\t\t<div class=\"elementor-widget-wrap elementor-element-populated\">\n\t\t\t\t\t\t<section class=\"elementor-section elementor-inner-section elementor-element elementor-element-99ff8a5 elementor-section-boxed elementor-section-height-default elementor-section-height-default\" data-id=\"99ff8a5\" data-element_type=\"section\" data-e-type=\"section\">\n\t\t\t\t\t\t<div class=\"elementor-container elementor-column-gap-default\">\n\t\t\t\t\t<div class=\"elementor-column elementor-col-50 elementor-inner-column elementor-element elementor-element-f6594bb\" data-id=\"f6594bb\" data-element_type=\"column\" data-e-type=\"column\">\n\t\t\t<div class=\"elementor-widget-wrap elementor-element-populated\">\n\t\t\t\t\t\t<div class=\"elementor-element elementor-element-92c91b3 elementor-widget elementor-widget-image\" data-id=\"92c91b3\" data-element_type=\"widget\" data-e-type=\"widget\" data-widget_type=\"image.default\">\n\t\t\t\t<div class=\"elementor-widget-container\">\n\t\t\t\t\t\t\t\t\t\t\t\t\t\t\t<img fetchpriority=\"high\" decoding=\"async\" width=\"296\" height=\"300\" src=\"https:\/\/lasikenka.fi\/wp-content\/uploads\/2023\/07\/Suvi-ja-Hannu-reunuksella-296x300-1.jpg\" class=\"attachment-large size-large wp-image-156\" alt=\"\" \/>\t\t\t\t\t\t\t\t\t\t\t\t\t\t\t<\/div>\n\t\t\t\t<\/div>\n\t\t\t\t\t<\/div>\n\t\t<\/div>\n\t\t\t\t<div class=\"elementor-column elementor-col-50 elementor-inner-column elementor-element elementor-element-06779ba\" data-id=\"06779ba\" data-element_type=\"column\" data-e-type=\"column\">\n\t\t\t<div class=\"elementor-widget-wrap\">\n\t\t\t\t\t\t\t<\/div>\n\t\t<\/div>\n\t\t\t\t\t<\/div>\n\t\t<\/section>\n\t\t\t\t\t<\/div>\n\t\t<\/div>\n\t\t\t\t\t<\/div>\n\t\t<\/section>\n\t\t<div class=\"elementor-element elementor-element-a3b877a e-flex e-con-boxed e-con e-parent\" data-id=\"a3b877a\" data-element_type=\"container\" data-e-type=\"container\">\n\t\t\t\t\t<div class=\"e-con-inner\">\n\t\t\t\t<div class=\"elementor-element elementor-element-5d14372 elementor-invisible elementor-widget elementor-widget-heading\" data-id=\"5d14372\" data-element_type=\"widget\" data-e-type=\"widget\" data-settings=\"{&quot;_animation&quot;:&quot;slideInLeft&quot;}\" data-widget_type=\"heading.default\">\n\t\t\t\t<div class=\"elementor-widget-container\">\n\t\t\t\t\t<h2 class=\"elementor-heading-title elementor-size-default\">Suvin &amp; Hannun tunnit<\/h2>\t\t\t\t<\/div>\n\t\t\t\t<\/div>\n\t\t\t\t\t<\/div>\n\t\t\t\t<\/div>\n\t\t<div class=\"elementor-element elementor-element-dcba9af e-flex e-con-boxed e-con e-parent\" data-id=\"dcba9af\" data-element_type=\"container\" data-e-type=\"container\">\n\t\t\t\t\t<div class=\"e-con-inner\">\n\t\t\t\t<div class=\"elementor-element elementor-element-a9060cf elementor-widget-divider--view-line elementor-widget elementor-widget-divider\" data-id=\"a9060cf\" data-element_type=\"widget\" data-e-type=\"widget\" data-widget_type=\"divider.default\">\n\t\t\t\t<div class=\"elementor-widget-container\">\n\t\t\t\t\t\t\t<div class=\"elementor-divider\">\n\t\t\t<span class=\"elementor-divider-separator\">\n\t\t\t\t\t\t<\/span>\n\t\t<\/div>\n\t\t\t\t\t\t<\/div>\n\t\t\t\t<\/div>\n\t\t\t\t<div class=\"elementor-element elementor-element-2a84911 elementor-invisible elementor-widget elementor-widget-text-editor\" data-id=\"2a84911\" data-element_type=\"widget\" data-e-type=\"widget\" data-settings=\"{&quot;_animation&quot;:&quot;slideInLeft&quot;}\" data-widget_type=\"text-editor.default\">\n\t\t\t\t<div class=\"elementor-widget-container\">\n\t\t\t\t\t\t\t\t\t<p><strong>Suvin ja Hannun tunnit <\/strong>ovat\u00a0<span style=\"font-weight: normal;\">torstaisin klo 17.30-20.10.<\/span><\/p><hr \/><p>Tunneille voi tulla vasta-alkaja tai enemm\u00e4n tanssinut tanssija. Tunneilla tanssitaan lajin perusaskelta ja joitain helppoja kuviota.\u00a0Jatkokursseilla perehdyt\u00e4\u00e4n kuvioihin.<\/p><hr \/><p>Voit tulla yksin tai parin kanssa. Ei ennakkoilmoittautumista.\u00a0Tervetuloa!<\/p>\t\t\t\t\t\t\t\t<\/div>\n\t\t\t\t<\/div>\n\t\t\t\t\t<\/div>\n\t\t\t\t<\/div>\n\t\t<div class=\"elementor-element elementor-element-3f74b55 e-flex e-con-boxed e-con e-parent\" data-id=\"3f74b55\" data-element_type=\"container\" data-e-type=\"container\">\n\t\t\t\t\t<div class=\"e-con-inner\">\n\t\t\t\t<div class=\"elementor-element elementor-element-e1ab016 elementor-widget elementor-widget-text-editor\" data-id=\"e1ab016\" data-element_type=\"widget\" data-e-type=\"widget\" data-widget_type=\"text-editor.default\">\n\t\t\t\t<div class=\"elementor-widget-container\">\n\t\t\t\t\t\t\t\t\t<div><span style=\"color: #000000;\"><strong>Hinnat:\u00a0<\/strong><\/span><br \/><span style=\"color: #000000;\">Alkeiskurssi\u00a0<span style=\"font-size: 1rem;\">klo 17.30-18.30\u00a0<\/span><strong>8\u20ac\u00a0<\/strong><\/span><\/div><div><span style=\"color: #000000;\">Jatkokurssi klo 18.40-20.10 <strong>10\u20ac\u00a0<\/strong><\/span><\/div><div>Suvin ja Hannun tunneilla maksutapa: k\u00e4teinen.<\/div>\t\t\t\t\t\t\t\t<\/div>\n\t\t\t\t<\/div>\n\t\t\t\t\t<\/div>\n\t\t\t\t<\/div>\n\t\t<div class=\"elementor-element elementor-element-df7cf56 e-flex e-con-boxed e-con e-parent\" data-id=\"df7cf56\" data-element_type=\"container\" data-e-type=\"container\">\n\t\t\t\t\t<div class=\"e-con-inner\">\n\t\t\t\t<div class=\"elementor-element elementor-element-08dc28e elementor-widget elementor-widget-text-editor\" data-id=\"08dc28e\" data-element_type=\"widget\" data-e-type=\"widget\" data-widget_type=\"text-editor.default\">\n\t\t\t\t<div class=\"elementor-widget-container\">\n\t\t\t\t\t\t\t\t\t<p><span style=\"color: #0000ff;\"><strong>Kev\u00e4tkauden 2026 kurssisis\u00e4ll\u00f6t\u00a0<\/strong><\/span><\/p><p>ks. alla olevien linkkien takaa taulukosta:<\/p><p><span style=\"color: #ff00ff;\"><a style=\"color: #ff00ff;\" href=\"https:\/\/lasikenka.fi\/index.php\/kevatkausi-2026_mobiili\/\"><strong>*t\u00e4\u00e4ll\u00e4 mobiiliversio<\/strong><\/a>\u00a0<\/span>(p\u00e4iv\u00e4t ovat alekkain)<\/p><p><span style=\"color: #ff00ff;\"><a style=\"color: #ff00ff;\" href=\"https:\/\/lasikenka.fi\/index.php\/kevatkausi-2026\/\"><strong>*t\u00e4\u00e4ll\u00e4 tietokoneversio<\/strong><\/a>\u00a0<\/span>(yksi viikko on yhdell\u00e4 rivill\u00e4)<\/p><p>Tietokoneversio on selke\u00e4mpi, siit\u00e4 n\u00e4kee kokonaisuudet paremmin \u2014 mutta samat tiedot l\u00f6ytyv\u00e4t my\u00f6s mobiiliversiosta.<\/p>\t\t\t\t\t\t\t\t<\/div>\n\t\t\t\t<\/div>\n\t\t\t\t\t<\/div>\n\t\t\t\t<\/div>\n\t\t\t\t<\/div>\n\t\t","protected":false},"excerpt":{"rendered":"<p>Suvin &amp; Hannun tunnit Suvin ja Hannun tunnit ovat\u00a0torstaisin klo 17.30-20.10. Tunneille voi tulla vasta-alkaja tai enemm\u00e4n tanssinut tanssija. Tunneilla tanssitaan lajin perusaskelta ja joitain helppoja kuviota.\u00a0Jatkokursseilla perehdyt\u00e4\u00e4n kuvioihin. Voit tulla yksin tai parin kanssa. Ei ennakkoilmoittautumista.\u00a0Tervetuloa! Hinnat:\u00a0Alkeiskurssi\u00a0klo 17.30-18.30\u00a08\u20ac\u00a0Jatkokurssi klo 18.40-20.10 10\u20ac\u00a0Suvin ja Hannun tunneilla maksutapa: k\u00e4teinen. Kev\u00e4tkauden 2026 kurssisis\u00e4ll\u00f6t\u00a0 ks. alla olevien linkkien takaa &hellip;<\/p>\n<p class=\"read-more\"> <a class=\"\" href=\"https:\/\/lasikenka.fi\/index.php\/suvin-ja-hannun-tunnit\/\"> <span class=\"screen-reader-text\">Suvin Ja Hannun tunnit<\/span> Lue lis\u00e4\u00e4 &raquo;<\/a><\/p>\n","protected":false},"author":1,"featured_media":0,"parent":0,"menu_order":0,"comment_status":"closed","ping_status":"closed","template":"","meta":{"site-sidebar-layout":"no-sidebar","site-content-layout":"page-builder","ast-site-content-layout":"","site-content-style":"default","site-sidebar-style":"default","ast-global-header-display":"","ast-banner-title-visibility":"","ast-main-header-display":"","ast-hfb-above-header-display":"","ast-hfb-below-header-display":"","ast-hfb-mobile-header-display":"","site-post-title":"disabled","ast-breadcrumbs-content":"","ast-featured-img":"disabled","footer-sml-layout":"","theme-transparent-header-meta":"","adv-header-id-meta":"","stick-header-meta":"","header-above-stick-meta":"","header-main-stick-meta":"","header-below-stick-meta":"","astra-migrate-meta-layouts":"","footnotes":""},"class_list":["post-483","page","type-page","status-publish","hentry"],"_links":{"self":[{"href":"https:\/\/lasikenka.fi\/index.php\/wp-json\/wp\/v2\/pages\/483","targetHints":{"allow":["GET"]}}],"collection":[{"href":"https:\/\/lasikenka.fi\/index.php\/wp-json\/wp\/v2\/pages"}],"about":[{"href":"https:\/\/lasikenka.fi\/index.php\/wp-json\/wp\/v2\/types\/page"}],"author":[{"embeddable":true,"href":"https:\/\/lasikenka.fi\/index.php\/wp-json\/wp\/v2\/users\/1"}],"replies":[{"embeddable":true,"href":"https:\/\/lasikenka.fi\/index.php\/wp-json\/wp\/v2\/comments?post=483"}],"version-history":[{"count":325,"href":"https:\/\/lasikenka.fi\/index.php\/wp-json\/wp\/v2\/pages\/483\/revisions"}],"predecessor-version":[{"id":7907,"href":"https:\/\/lasikenka.fi\/index.php\/wp-json\/wp\/v2\/pages\/483\/revisions\/7907"}],"wp:attachment":[{"href":"https:\/\/lasikenka.fi\/index.php\/wp-json\/wp\/v2\/media?parent=483"}],"curies":[{"name":"wp","href":"https:\/\/api.w.org\/{rel}","templated":true}]}}