{"id":509,"date":"2023-08-10T10:36:43","date_gmt":"2023-08-10T10:36:43","guid":{"rendered":"https:\/\/lasikenka.tietokettu.net\/?page_id=509"},"modified":"2025-12-24T14:28:39","modified_gmt":"2025-12-24T11:28:39","slug":"lavatanssin-peruskurssi","status":"publish","type":"page","link":"https:\/\/lasikenka.fi\/index.php\/lavatanssin-peruskurssi\/","title":{"rendered":"Lavatanssin peruskurssi"},"content":{"rendered":"\t\t<div data-elementor-type=\"wp-page\" data-elementor-id=\"509\" class=\"elementor elementor-509\">\n\t\t\t\t\t\t<section class=\"elementor-section elementor-top-section elementor-element elementor-element-cf6775c elementor-section-boxed elementor-section-height-default elementor-section-height-default\" data-id=\"cf6775c\" data-element_type=\"section\" data-e-type=\"section\">\n\t\t\t\t\t\t<div class=\"elementor-container elementor-column-gap-default\">\n\t\t\t\t\t<div class=\"elementor-column elementor-col-100 elementor-top-column elementor-element elementor-element-abed664\" data-id=\"abed664\" data-element_type=\"column\" data-e-type=\"column\">\n\t\t\t<div class=\"elementor-widget-wrap\">\n\t\t\t\t\t\t\t<\/div>\n\t\t<\/div>\n\t\t\t\t\t<\/div>\n\t\t<\/section>\n\t\t\t\t<section class=\"elementor-section elementor-top-section elementor-element elementor-element-3cb2259 elementor-section-boxed elementor-section-height-default elementor-section-height-default\" data-id=\"3cb2259\" data-element_type=\"section\" data-e-type=\"section\">\n\t\t\t\t\t\t<div class=\"elementor-container elementor-column-gap-default\">\n\t\t\t\t\t<div class=\"elementor-column elementor-col-100 elementor-top-column elementor-element elementor-element-e91812d elementor-invisible\" data-id=\"e91812d\" data-element_type=\"column\" data-e-type=\"column\" data-settings=\"{&quot;animation&quot;:&quot;slideInLeft&quot;}\">\n\t\t\t<div class=\"elementor-widget-wrap elementor-element-populated\">\n\t\t\t\t\t\t<section class=\"elementor-section elementor-inner-section elementor-element elementor-element-80dcbfc elementor-section-boxed elementor-section-height-default elementor-section-height-default\" data-id=\"80dcbfc\" data-element_type=\"section\" data-e-type=\"section\">\n\t\t\t\t\t\t<div class=\"elementor-container elementor-column-gap-default\">\n\t\t\t\t\t<div class=\"elementor-column elementor-col-50 elementor-inner-column elementor-element elementor-element-7e04254\" data-id=\"7e04254\" data-element_type=\"column\" data-e-type=\"column\">\n\t\t\t<div class=\"elementor-widget-wrap elementor-element-populated\">\n\t\t\t\t\t\t<div class=\"elementor-element elementor-element-b42916a elementor-invisible elementor-widget elementor-widget-image\" data-id=\"b42916a\" data-element_type=\"widget\" data-e-type=\"widget\" data-settings=\"{&quot;_animation&quot;:&quot;slideInLeft&quot;}\" data-widget_type=\"image.default\">\n\t\t\t\t<div class=\"elementor-widget-container\">\n\t\t\t\t\t\t\t\t\t\t\t\t\t\t\t<img fetchpriority=\"high\" decoding=\"async\" width=\"417\" height=\"315\" src=\"https:\/\/lasikenka.fi\/wp-content\/uploads\/2023\/08\/tanssijat_10_7_23.jpg\" class=\"attachment-large size-large wp-image-512\" alt=\"\" srcset=\"https:\/\/lasikenka.fi\/wp-content\/uploads\/2023\/08\/tanssijat_10_7_23.jpg 417w, https:\/\/lasikenka.fi\/wp-content\/uploads\/2023\/08\/tanssijat_10_7_23-300x227.jpg 300w\" sizes=\"(max-width: 417px) 100vw, 417px\" \/>\t\t\t\t\t\t\t\t\t\t\t\t\t\t\t<\/div>\n\t\t\t\t<\/div>\n\t\t\t\t\t<\/div>\n\t\t<\/div>\n\t\t\t\t<div class=\"elementor-column elementor-col-50 elementor-inner-column elementor-element elementor-element-3768627\" data-id=\"3768627\" data-element_type=\"column\" data-e-type=\"column\">\n\t\t\t<div class=\"elementor-widget-wrap\">\n\t\t\t\t\t\t\t<\/div>\n\t\t<\/div>\n\t\t\t\t\t<\/div>\n\t\t<\/section>\n\t\t\t\t\t<\/div>\n\t\t<\/div>\n\t\t\t\t\t<\/div>\n\t\t<\/section>\n\t\t<div class=\"elementor-element elementor-element-548d307 e-flex e-con-boxed e-con e-parent\" data-id=\"548d307\" data-element_type=\"container\" data-e-type=\"container\">\n\t\t\t\t\t<div class=\"e-con-inner\">\n\t\t\t\t<div class=\"elementor-element elementor-element-b018ea8 elementor-invisible elementor-widget elementor-widget-heading\" data-id=\"b018ea8\" data-element_type=\"widget\" data-e-type=\"widget\" data-settings=\"{&quot;_animation&quot;:&quot;slideInLeft&quot;}\" data-widget_type=\"heading.default\">\n\t\t\t\t<div class=\"elementor-widget-container\">\n\t\t\t\t\t<h2 class=\"elementor-heading-title elementor-size-default\">Lavatanssin peruskurssi\u200b<\/h2>\t\t\t\t<\/div>\n\t\t\t\t<\/div>\n\t\t<div class=\"elementor-element elementor-element-1636c1b e-con-full e-flex e-con e-child\" data-id=\"1636c1b\" data-element_type=\"container\" data-e-type=\"container\">\n\t\t\t\t<div class=\"elementor-element elementor-element-fa2a940 elementor-widget elementor-widget-text-editor\" data-id=\"fa2a940\" data-element_type=\"widget\" data-e-type=\"widget\" data-widget_type=\"text-editor.default\">\n\t\t\t\t<div class=\"elementor-widget-container\">\n\t\t\t\t\t\t\t\t\t<p><span style=\"color: #999999;\"><strong>(vanhat sivut kev\u00e4t-kes\u00e4 2025)<\/strong><\/span><\/p>\t\t\t\t\t\t\t\t<\/div>\n\t\t\t\t<\/div>\n\t\t\t\t<\/div>\n\t\t\t\t\t<\/div>\n\t\t\t\t<\/div>\n\t\t<div class=\"elementor-element elementor-element-7f8a2a4 e-flex e-con-boxed e-con e-parent\" data-id=\"7f8a2a4\" data-element_type=\"container\" data-e-type=\"container\">\n\t\t\t\t\t<div class=\"e-con-inner\">\n\t\t\t\t<div class=\"elementor-element elementor-element-516fa56 elementor-invisible elementor-widget elementor-widget-text-editor\" data-id=\"516fa56\" data-element_type=\"widget\" data-e-type=\"widget\" data-settings=\"{&quot;_animation&quot;:&quot;slideInLeft&quot;}\" data-widget_type=\"text-editor.default\">\n\t\t\t\t<div class=\"elementor-widget-container\">\n\t\t\t\t\t\t\t\t\t<p><span style=\"color: #ff00ff;\"><strong><span style=\"color: #808080;\">Mit\u00e4 t\u00e4h\u00e4n menness\u00e4 on<\/span> <a href=\"https:\/\/lasikenka.fi\/index.php\/lavat_perus_vanhaa\/\">tapahtunut<\/a><\/strong><\/span><\/p><p><span style=\"color: #808080;\">Lavatanssin peruskurssi k\u00e4ynnistyi kes\u00e4ll\u00e4 2023 ja sama reilun 10 hengen porukka on &#8211; hiukan vaihtelevalla kokoonpanolla &#8211; ollut mukana siit\u00e4 l\u00e4htien. T\u00e4m\u00e4n vajaan 2 vuoden aikana olemme nyt k\u00e4yneet l\u00e4pi tavallisimmat lavoilla tanssittavat tanssilajit (foksi, tango, fusku, bugg, suomalainen valssi, hidas valssi, k\u00e4velyhumppa) ja joitakin lattareita my\u00f6s (kuubalainen salsa, rumba-bolero, chacha). Tunnit ovat olleet joka keskiviikko ja lis\u00e4ksi ohjatut vapaaharjoitukset ovat toteutuneet joka toinen viikko &#8211; niihin on osallistunut useimmiten 2-4 henkil\u00f6\u00e4.\u00a0<\/span><\/p><p><span style=\"color: #808080;\"><strong>***Tiedoksi uudelle oppilaalle***<\/strong><\/span><\/p><div class=\"x11i5rnm xat24cr x1mh8g0r x1vvkbs xtlvy1s x126k92a\"><div dir=\"auto\"><span style=\"color: #808080;\"><span style=\"text-align: var(--text-align); font-size: 1rem; font-weight: inherit;\">Uudet oppilaat ovat tervetulleita mukaan lavatanssin peruskurssille! Meill\u00e4 on iloinen porukka ja my\u00f6nteinen oppimisymp\u00e4rist\u00f6.\u00a0 Saat parhaan hy\u00f6dyn itsellesi, jos pystyt osallistumaan kaikkiin tunteihin, mutta on t\u00e4ysin mahdollista osallistua valikoiden \/kun sinulle sopii. Kurssin o<\/span><span style=\"font-size: 1rem; text-align: var(--text-align);\">pettaja on<strong> <a style=\"color: #808080;\" href=\"https:\/\/lasikenka.fi\/index.php\/outi\/\">Outi Tonteri<\/a><\/strong>. Ei ennakkoilmoittautumista, tulet vain paikalle. Voit tulla ilman omaa paria; meill\u00e4 on vapaaehtoinen parinvaihto.<\/span><\/span><\/div><\/div>\t\t\t\t\t\t\t\t<\/div>\n\t\t\t\t<\/div>\n\t\t<div class=\"elementor-element elementor-element-3c28018 e-con-full e-flex e-con e-child\" data-id=\"3c28018\" data-element_type=\"container\" data-e-type=\"container\">\n\t\t<div class=\"elementor-element elementor-element-4d28e56 e-con-full e-flex e-con e-child\" data-id=\"4d28e56\" data-element_type=\"container\" data-e-type=\"container\">\n\t\t\t\t<div class=\"elementor-element elementor-element-95de5c2 elementor-widget elementor-widget-text-editor\" data-id=\"95de5c2\" data-element_type=\"widget\" data-e-type=\"widget\" data-widget_type=\"text-editor.default\">\n\t\t\t\t<div class=\"elementor-widget-container\">\n\t\t\t\t\t\t\t\t\t<p><span style=\"color: #808080;\">Mennytt\u00e4 kurssiohjelmaa:<\/span><\/p><p><span style=\"color: #808080;\"><del>ke 2.4.25<span style=\"text-align: var(--text-align); font-size: 1rem;\">\u00a0<\/span><span style=\"text-align: var(--text-align); font-size: 1rem;\">klo 18-19<\/span><span style=\"text-align: var(--text-align); font-size: 1rem;\"> BUGG 1\/5<\/span><\/del><\/span><\/p><p><span style=\"color: #808080;\"><del>ke 9.4.25<span style=\"text-align: var(--text-align); font-size: 1rem;\">\u00a0<\/span><span style=\"text-align: var(--text-align); font-size: 1rem;\">klo 18-19<\/span><span style=\"text-align: var(--text-align); font-size: 1rem;\">\u00a0BUGG 2\/5<\/span><\/del><\/span><\/p><p><span style=\"color: #808080;\"><del>ke 16.4.25<span style=\"text-align: var(--text-align); font-size: 1rem;\">\u00a0<\/span><span style=\"text-align: var(--text-align); font-size: 1rem;\">klo 18-19<\/span><span style=\"text-align: var(--text-align); font-size: 1rem;\">\u00a0BUGG 3\/5<\/span><\/del><\/span><\/p><p><span style=\"color: #808080;\"><del>ke 23.4.25<span style=\"text-align: var(--text-align); font-size: 1rem;\">\u00a0<\/span><span style=\"text-align: var(--text-align); font-size: 1rem;\">klo 18-19<\/span><span style=\"text-align: var(--text-align); font-size: 1rem;\">\u00a0BUGG 4\/5<\/span><\/del><\/span><\/p><p><span style=\"color: #808080;\"><del>ke 30.4.25<span style=\"text-align: var(--text-align); font-size: 1rem;\">\u00a0<\/span><span style=\"text-align: var(--text-align); font-size: 1rem;\">klo 18-19<\/span><span style=\"text-align: var(--text-align); font-size: 1rem;\">\u00a0BUGG 5\/5<\/span><\/del><\/span><\/p><hr \/><p><span style=\"color: #808080;\"><strong>TOUKOKUUSSA kertausta:<\/strong><\/span><\/p><p><span style=\"color: #808080;\"><del>7.5.25 klo 18-19 BUGG<\/del><\/span><\/p><p><span style=\"color: #808080;\"><del>14.5.25 klo 18-19 Suomalainen valssi + Hidas valssi<\/del><\/span><\/p><p><span style=\"color: #808080;\"><del>21.5.25 klo 18-19 TANGO<\/del><\/span><\/p><p><span style=\"color: #808080;\"><del>28.5.25 klo 18-19 Rumba-bolero + chacha<\/del><\/span><\/p>\t\t\t\t\t\t\t\t<\/div>\n\t\t\t\t<\/div>\n\t\t<div class=\"elementor-element elementor-element-6c1b4bf e-con-full e-flex e-con e-child\" data-id=\"6c1b4bf\" data-element_type=\"container\" data-e-type=\"container\">\n\t\t\t\t<div class=\"elementor-element elementor-element-ff6947d elementor-widget elementor-widget-text-editor\" data-id=\"ff6947d\" data-element_type=\"widget\" data-e-type=\"widget\" data-widget_type=\"text-editor.default\">\n\t\t\t\t<div class=\"elementor-widget-container\">\n\t\t\t\t\t\t\t\t\t<p><span style=\"color: #808080;\"><strong>KES\u00c4KUUSSA:<\/strong><\/span><\/p><hr \/><p><span style=\"color: #808080;\"><del>4.6.25 klo 18-19 kuviohumppa<\/del><\/span><\/p><hr \/><p><span style=\"color: #808080;\"><del>11.6.25 klo 18-19 k\u00e4velyjenkka OSA1<\/del><\/span><\/p><hr \/><p><span style=\"color: #808080;\"><del>18.6.25 klo 18-19 <span style=\"font-size: 1rem;\">k\u00e4velyjenkka ja polketti<\/span><span style=\"font-size: 1rem;\"> (=&#8221;vaihtoaskelpolkka&#8221;) OSA2<\/span><\/del><\/span><\/p><p><span style=\"color: #808080;\"><del>*Polketti-askelilla voit tanssia polkan \/ masurkan B-osan<\/del><\/span><\/p><hr \/><p><span style=\"color: #808080;\"><del>25.6.25 klo 18-19 l\u00e4sn\u00e4olijoiden toiveiden mukaiset tanssilajit (=muutos alkuper\u00e4iseen suunnitelmaan)<\/del><\/span><\/p>\t\t\t\t\t\t\t\t<\/div>\n\t\t\t\t<\/div>\n\t\t\t\t<\/div>\n\t\t\t\t<\/div>\n\t\t\t\t<\/div>\n\t\t\t\t\t<\/div>\n\t\t\t\t<\/div>\n\t\t<div class=\"elementor-element elementor-element-7c3b3f8 e-flex e-con-boxed e-con e-parent\" data-id=\"7c3b3f8\" data-element_type=\"container\" data-e-type=\"container\">\n\t\t\t\t\t<div class=\"e-con-inner\">\n\t\t<div class=\"elementor-element elementor-element-b3cbbc5 e-flex e-con-boxed e-con e-child\" data-id=\"b3cbbc5\" data-element_type=\"container\" data-e-type=\"container\">\n\t\t\t\t\t<div class=\"e-con-inner\">\n\t\t\t\t<div class=\"elementor-element elementor-element-341f422 elementor-widget elementor-widget-text-editor\" data-id=\"341f422\" data-element_type=\"widget\" data-e-type=\"widget\" data-widget_type=\"text-editor.default\">\n\t\t\t\t<div class=\"elementor-widget-container\">\n\t\t\t\t\t\t\t\t\t<p><span style=\"color: #808080;\"><strong>Ohjatut vapaaharjoitukset<\/strong><\/span><\/p><p><span style=\"color: #808080;\">Ohjatut vapaaharjoitukset lavatanssin peruskurssin oppilaille alkoivat ensi kertaa tammikuussa 2024.\u00a0<span style=\"font-style: inherit; font-weight: inherit; text-align: var(--text-align);\">Vapaaharjoituksissa Outi soittaa musiikit (oppilaiden toiveiden mukaan) ja ohjeistaa mahdolliset parinvaihdot. Treeneiss\u00e4 ei opeteta uutta, mutta Outi on paikalla teit\u00e4 varten, voitte kysy\u00e4 neuvoa mist\u00e4 tahansa tanssiin liittyv\u00e4st\u00e4 asiasta. <\/span><span style=\"font-style: inherit; font-weight: inherit; text-align: var(--text-align);\">Ohjattuihin vapaaharjoituksiin ei tarvitse ilmoittautua, mutta varmista ett\u00e4 sinulla on treenipari. Toisaalta my\u00f6s ilman paria harjoittelu on mahdollista ja etenkin viejille varsin suositeltavaa!<\/span><\/span><\/p><p><span style=\"font-style: inherit; font-weight: inherit; text-align: var(--text-align); color: #808080;\">\u00a0<\/span><\/p><p><span style=\"color: #808080;\"><strong>Kev\u00e4tkauden 2025 vapaaharjoitukset k\u00e4ynnistyv\u00e4t helmikuun ensimm\u00e4isell\u00e4 viikolla ke 5.2.25 tanssitunnin j\u00e4lkeen klo 19.15-20-15<\/strong>. Ne jatkuvat koko kev\u00e4tkauden ajan joka toinen keskiviikko (parillisilla viikoilla).\u00a0Vapaaharjoitusten hinta on sama kuin lavatanssin peruskurssin hinnat. Voit k\u00e4ytt\u00e4\u00e4 samaa korttia kuin keskiviikon tunneilla!<\/span><\/p>\t\t\t\t\t\t\t\t<\/div>\n\t\t\t\t<\/div>\n\t\t\t\t\t<\/div>\n\t\t\t\t<\/div>\n\t\t\t\t\t<\/div>\n\t\t\t\t<\/div>\n\t\t<div class=\"elementor-element elementor-element-54e14c2 e-flex e-con-boxed e-con e-parent\" data-id=\"54e14c2\" data-element_type=\"container\" data-e-type=\"container\">\n\t\t\t\t\t<div class=\"e-con-inner\">\n\t\t\t\t<div class=\"elementor-element elementor-element-44fafd3 elementor-widget-divider--view-line elementor-widget elementor-widget-divider\" data-id=\"44fafd3\" data-element_type=\"widget\" data-e-type=\"widget\" data-widget_type=\"divider.default\">\n\t\t\t\t<div class=\"elementor-widget-container\">\n\t\t\t\t\t\t\t<div class=\"elementor-divider\">\n\t\t\t<span class=\"elementor-divider-separator\">\n\t\t\t\t\t\t<\/span>\n\t\t<\/div>\n\t\t\t\t\t\t<\/div>\n\t\t\t\t<\/div>\n\t\t\t\t\t<\/div>\n\t\t\t\t<\/div>\n\t\t\t\t<\/div>\n\t\t","protected":false},"excerpt":{"rendered":"<p>Lavatanssin peruskurssi\u200b (vanhat sivut kev\u00e4t-kes\u00e4 2025) Mit\u00e4 t\u00e4h\u00e4n menness\u00e4 on tapahtunut Lavatanssin peruskurssi k\u00e4ynnistyi kes\u00e4ll\u00e4 2023 ja sama reilun 10 hengen porukka on &#8211; hiukan vaihtelevalla kokoonpanolla &#8211; ollut mukana siit\u00e4 l\u00e4htien. T\u00e4m\u00e4n vajaan 2 vuoden aikana olemme nyt k\u00e4yneet l\u00e4pi tavallisimmat lavoilla tanssittavat tanssilajit (foksi, tango, fusku, bugg, suomalainen valssi, hidas valssi, k\u00e4velyhumppa) ja &hellip;<\/p>\n<p class=\"read-more\"> <a class=\"\" href=\"https:\/\/lasikenka.fi\/index.php\/lavatanssin-peruskurssi\/\"> <span class=\"screen-reader-text\">Lavatanssin peruskurssi<\/span> Lue lis\u00e4\u00e4 &raquo;<\/a><\/p>\n","protected":false},"author":1,"featured_media":0,"parent":0,"menu_order":0,"comment_status":"closed","ping_status":"closed","template":"","meta":{"site-sidebar-layout":"no-sidebar","site-content-layout":"page-builder","ast-site-content-layout":"","site-content-style":"default","site-sidebar-style":"default","ast-global-header-display":"","ast-banner-title-visibility":"","ast-main-header-display":"","ast-hfb-above-header-display":"","ast-hfb-below-header-display":"","ast-hfb-mobile-header-display":"","site-post-title":"disabled","ast-breadcrumbs-content":"","ast-featured-img":"disabled","footer-sml-layout":"","theme-transparent-header-meta":"","adv-header-id-meta":"","stick-header-meta":"","header-above-stick-meta":"","header-main-stick-meta":"","header-below-stick-meta":"","astra-migrate-meta-layouts":"","footnotes":""},"class_list":["post-509","page","type-page","status-publish","hentry"],"_links":{"self":[{"href":"https:\/\/lasikenka.fi\/index.php\/wp-json\/wp\/v2\/pages\/509","targetHints":{"allow":["GET"]}}],"collection":[{"href":"https:\/\/lasikenka.fi\/index.php\/wp-json\/wp\/v2\/pages"}],"about":[{"href":"https:\/\/lasikenka.fi\/index.php\/wp-json\/wp\/v2\/types\/page"}],"author":[{"embeddable":true,"href":"https:\/\/lasikenka.fi\/index.php\/wp-json\/wp\/v2\/users\/1"}],"replies":[{"embeddable":true,"href":"https:\/\/lasikenka.fi\/index.php\/wp-json\/wp\/v2\/comments?post=509"}],"version-history":[{"count":781,"href":"https:\/\/lasikenka.fi\/index.php\/wp-json\/wp\/v2\/pages\/509\/revisions"}],"predecessor-version":[{"id":7930,"href":"https:\/\/lasikenka.fi\/index.php\/wp-json\/wp\/v2\/pages\/509\/revisions\/7930"}],"wp:attachment":[{"href":"https:\/\/lasikenka.fi\/index.php\/wp-json\/wp\/v2\/media?parent=509"}],"curies":[{"name":"wp","href":"https:\/\/api.w.org\/{rel}","templated":true}]}}