{"id":5651,"date":"2024-12-26T10:56:13","date_gmt":"2024-12-26T07:56:13","guid":{"rendered":"https:\/\/lasikenka.fi\/?page_id=5651"},"modified":"2025-12-24T14:30:36","modified_gmt":"2025-12-24T11:30:36","slug":"lavat_perus_vanhaa","status":"publish","type":"page","link":"https:\/\/lasikenka.fi\/index.php\/lavat_perus_vanhaa\/","title":{"rendered":"Lavat_perus_vanhaa"},"content":{"rendered":"\t\t<div data-elementor-type=\"wp-page\" data-elementor-id=\"5651\" class=\"elementor elementor-5651\">\n\t\t\t\t<div class=\"elementor-element elementor-element-cf0ccfe e-flex e-con-boxed e-con e-parent\" data-id=\"cf0ccfe\" data-element_type=\"container\" data-e-type=\"container\">\n\t\t\t\t\t<div class=\"e-con-inner\">\n\t\t\t\t<div class=\"elementor-element elementor-element-9c47bac elementor-invisible elementor-widget elementor-widget-text-editor\" data-id=\"9c47bac\" data-element_type=\"widget\" data-e-type=\"widget\" data-settings=\"{&quot;_animation&quot;:&quot;slideInLeft&quot;}\" data-widget_type=\"text-editor.default\">\n\t\t\t\t<div class=\"elementor-widget-container\">\n\t\t\t\t\t\t\t\t\t<p><span style=\"color: #808080;\"><strong>Mit\u00e4 kaudella 2023-24 tapahtui?<\/strong><\/span><\/p><p><span style=\"color: #808080;\">Lavatanssin peruskurssi k\u00e4ynnistyi kes\u00e4ll\u00e4 2023 ja sama reilun 10 hengen porukka on &#8211; hiukan vaihtelevalla kokoonpanolla &#8211; ollut mukana siit\u00e4 l\u00e4htien. Viime kaudella olemme treenanneet tavallisimpia lavoilla tanssittavia tanssilajeja (foksi, tango, fusku, suomalainen valssi, rumba-bolero, k\u00e4velyhumppa&#8230;) Tunnit ovat olleet joka keskiviikko ja lis\u00e4ksi ohjatut vapaaharjoitukset ovat toteutuneet joka toinen maanantai &#8211; niihin on osallistunut useimmiten 2-4 henkil\u00f6\u00e4.\u00a0<\/span><\/p><p><span style=\"color: #808080;\"><strong>Mit\u00e4 syksyll\u00e4 2024 on jo treenattu?<\/strong><\/span><\/p><p><span style=\"color: #808080;\">Aloitimme hein\u00e4-elokuun vaihteessa k\u00e4velyjenkalla ja\u00a0 masurkalla (ilman hyppimist\u00e4). Sen j\u00e4lkeen treenasimme kuubalaista salsaa.\u00a0<\/span><\/p><p><span style=\"color: #808080;\"><strong>Miten syksyn 2024 opetus jatkuu?<\/strong><\/span><\/p><p><span style=\"color: #808080;\">Tavallisimmista lavoilla tanssittavista lajeista meill\u00e4 on viel\u00e4 oppimatta hidas valssi, chacha ja bugg. Lis\u00e4ksi on olemassa mystinen tanssilaji nimelt\u00e4 &#8221;hitaat&#8221;. N\u00e4iden tanssien kimppuun k\u00e4ymme t\u00e4ll\u00e4 kaudella. Luultavasti k\u00e4yt\u00e4mme v\u00e4hint\u00e4\u00e4n nelj\u00e4 iltaa jokaiseen n\u00e4ist\u00e4, ehk\u00e4 enemm\u00e4nkin.\u00a0<\/span><\/p><p><span style=\"color: #808080;\"><strong>***Tiedoksi uudelle oppilaalle***<\/strong><\/span><\/p><div class=\"x11i5rnm xat24cr x1mh8g0r x1vvkbs xtlvy1s x126k92a\"><div dir=\"auto\"><span style=\"color: #808080;\"><span style=\"text-align: var(--text-align); font-size: 1rem; font-weight: inherit;\">Uudet oppilaat ovat tervetulleita mukaan! Meill\u00e4 on iloinen porukka ja my\u00f6nteinen oppimisymp\u00e4rist\u00f6. Kaikkien tanssien osalta opetus alkaa aivan alkeista, sinun ei tarvitse osata mit\u00e4\u00e4n tanssilajia ennest\u00e4\u00e4n. Saat parhaan hy\u00f6dyn itsellesi, jos pystyt osallistumaan kaikkiin tunteihin, mutta on t\u00e4ysin mahdollista osallistua valikoiden \/kun sinulle sopii. Kurssin o<\/span><span style=\"font-size: 1rem; text-align: var(--text-align);\">pettaja on<strong> <a style=\"color: #808080;\" href=\"https:\/\/lasikenka.fi\/index.php\/outi\/\">Outi Tonteri<\/a><\/strong>. Ei ennakkoilmoittautumista, tulet vain paikalle. Voit tulla ilman omaa paria; meill\u00e4 on vapaaehtoinen parinvaihto.<\/span><\/span><\/div><\/div>\t\t\t\t\t\t\t\t<\/div>\n\t\t\t\t<\/div>\n\t\t\t\t\t<\/div>\n\t\t\t\t<\/div>\n\t\t<div class=\"elementor-element elementor-element-bce6c7e e-flex e-con-boxed e-con e-parent\" data-id=\"bce6c7e\" data-element_type=\"container\" data-e-type=\"container\">\n\t\t\t\t\t<div class=\"e-con-inner\">\n\t\t<div class=\"elementor-element elementor-element-40c6c01 e-con-full e-flex e-con e-child\" data-id=\"40c6c01\" data-element_type=\"container\" data-e-type=\"container\">\n\t\t\t\t<div class=\"elementor-element elementor-element-c884538 elementor-widget elementor-widget-text-editor\" data-id=\"c884538\" data-element_type=\"widget\" data-e-type=\"widget\" data-widget_type=\"text-editor.default\">\n\t\t\t\t<div class=\"elementor-widget-container\">\n\t\t\t\t\t\t\t\t\t<p><span style=\"color: #808080;\">Salsaa treenattiin nelj\u00e4n\u00e4 keskiviikkona. Kyseess\u00e4 oli kuubalainen parisalsa (casino). Salsa on mielenkiintoista, mutta se vaatii paljon treeni\u00e4.\u00a0 Jatkamme harjoittelua my\u00f6hemmin taas jossain vaiheessa.\u00a0<\/span><\/p><p><span style=\"color: #808080;\"><del>*ke 28.8.24 klo 18-19 salsa 1\/4<\/del><\/span><\/p><p><span style=\"color: #808080;\"><del>*ke 4.9.24<span style=\"text-align: var(--text-align); font-size: 1rem; font-weight: inherit;\">\u00a0<\/span><span style=\"text-align: var(--text-align); font-size: 1rem; font-weight: inherit;\">klo 18-19<\/span><span style=\"text-align: var(--text-align); font-size: 1rem; font-weight: inherit;\">\u00a0<\/span><span style=\"text-align: var(--text-align); font-size: 1rem; font-weight: inherit;\">salsa 2\/4<\/span><\/del><\/span><\/p><p><span style=\"color: #808080;\"><del>*ke 11.9.24<span style=\"text-align: var(--text-align); font-size: 1rem; font-weight: inherit;\">\u00a0<\/span><span style=\"text-align: var(--text-align); font-size: 1rem; font-weight: inherit;\">klo 18-19<\/span><span style=\"text-align: var(--text-align); font-size: 1rem; font-weight: inherit;\">\u00a0<\/span><span style=\"text-align: var(--text-align); font-size: 1rem; font-weight: inherit;\">salsa 3\/4<\/span><\/del><\/span><\/p><p><span style=\"color: #808080;\"><del>*ke 18.9.24<span style=\"text-align: var(--text-align); font-size: 1rem; font-weight: inherit;\">\u00a0<\/span><span style=\"text-align: var(--text-align); font-size: 1rem; font-weight: inherit;\">klo 18-19<\/span><span style=\"text-align: var(--text-align); font-size: 1rem; font-weight: inherit;\">\u00a0<\/span><span style=\"text-align: var(--text-align); font-size: 1rem; font-weight: inherit;\">salsa 4\/4<\/span><\/del><\/span><\/p>\t\t\t\t\t\t\t\t<\/div>\n\t\t\t\t<\/div>\n\t\t\t\t<\/div>\n\t\t\t\t\t<\/div>\n\t\t\t\t<\/div>\n\t\t<div class=\"elementor-element elementor-element-57912b1 e-flex e-con-boxed e-con e-parent\" data-id=\"57912b1\" data-element_type=\"container\" data-e-type=\"container\">\n\t\t\t\t\t<div class=\"e-con-inner\">\n\t\t<div class=\"elementor-element elementor-element-fbb46aa e-con-full e-flex e-con e-child\" data-id=\"fbb46aa\" data-element_type=\"container\" data-e-type=\"container\">\n\t\t\t\t<div class=\"elementor-element elementor-element-a333207 elementor-widget elementor-widget-text-editor\" data-id=\"a333207\" data-element_type=\"widget\" data-e-type=\"widget\" data-widget_type=\"text-editor.default\">\n\t\t\t\t<div class=\"elementor-widget-container\">\n\t\t\t\t\t\t\t\t\t<p><span style=\"color: #808080;\"><strong>SUUNNITELMAN MUUTOS<\/strong><\/span><\/p><p><span style=\"color: #808080;\">Yhdess\u00e4 oppilaiden kanssa p\u00e4\u00e4tettiin, ett\u00e4 salsan j\u00e4lkeen ei oteta uusia tanssilajeja, vaan <strong>kerrataan<\/strong> aiemmin opittuja tansseja.\u00a0<\/span><\/p><p><span style=\"color: #808080;\">Kertaustunnit sopivat hyvin my\u00f6s uusille oppilaille, sill\u00e4 tarkoitus ei ole niink\u00e4\u00e4n opetella uusia kuvioita, vaan vahvistaa perustekniikkaa. Vaikka et olisi aiemmin tanssinut kyseist\u00e4 tanssilajia, niin voit hyvin osallistua kertaustunneille.\u00a0<\/span><\/p>\t\t\t\t\t\t\t\t<\/div>\n\t\t\t\t<\/div>\n\t\t\t\t<\/div>\n\t\t\t\t\t<\/div>\n\t\t\t\t<\/div>\n\t\t<div class=\"elementor-element elementor-element-8fe5ca6 e-flex e-con-boxed e-con e-parent\" data-id=\"8fe5ca6\" data-element_type=\"container\" data-e-type=\"container\">\n\t\t\t\t\t<div class=\"e-con-inner\">\n\t\t<div class=\"elementor-element elementor-element-e22e035 e-con-full e-flex e-con e-child\" data-id=\"e22e035\" data-element_type=\"container\" data-e-type=\"container\">\n\t\t\t\t<div class=\"elementor-element elementor-element-6c2b469 elementor-widget elementor-widget-text-editor\" data-id=\"6c2b469\" data-element_type=\"widget\" data-e-type=\"widget\" data-widget_type=\"text-editor.default\">\n\t\t\t\t<div class=\"elementor-widget-container\">\n\t\t\t\t\t\t\t\t\t<p><span style=\"color: #808080;\"><del>ke 25.9.24 klo 18-19 TANGO (kertaus)<\/del><\/span><\/p><p><span style=\"color: #808080;\"><del>ke 2.10.24 klo 18-19 TANGO<del> (kertaus)<\/del><\/del><\/span><\/p><p><span style=\"color: #808080;\"><del>ke 9.10.24 klo 18-19 HUMPPA (k\u00e4vely\/kuviohumppaa)<del> (kertaus)<\/del><\/del><\/span><\/p><p><span style=\"color: #808080;\"><del>ke 16.10.24 klo 18-19 HUMPPA (k\u00e4vely\/kuviohumppaa)<del> (kertaus)<\/del><\/del><\/span><\/p><p><span style=\"color: #808080;\"><del>ke 23.10.24 klo 18-19 FUSKU!<del> (kertaus)<\/del><\/del><\/span><\/p><p><span style=\"color: #808080;\"><del>ke 30.10.24 klo 18-19 FUSKU!<del> (kertaus)<\/del><\/del><\/span><\/p><p><span style=\"color: #808080;\"><del>ke 6.11.24 klo 18-19 FUSKU!<del> (kertaus)<\/del><\/del><\/span><\/p><p><span style=\"color: #808080;\"><del>ke 13.11.24 klo 18-19 FUSKU!<del> (kertaus)<\/del><\/del><\/span><\/p><p><span style=\"color: #808080;\"><del>ke 20.11.24 klo 18-19: Rumba-bolero (kertaus) ja <strong>Chacha 1\/4<\/strong><\/del><\/span><\/p><p><span style=\"color: #808080;\"><del>ke 27.11.24 klo 18-19: Rumba-bolero (kertaus) ja <strong>Chacha 2\/4<\/strong><\/del><\/span><\/p><p><span style=\"color: #808080;\"><del>ke 4.12.24 klo 18-20 PIKKUJOULUT<\/del><\/span><\/p><p><span style=\"color: #808080;\"><del>ke 11.12.24 klo 18-19 Rumba-bolero (kertaus) ja Chacha 3\/4<\/del><\/span><\/p><p><span style=\"color: #808080;\"><del>ke 18.12.24 klo 18-19 Rumba-bolero (kertaus) ja Chacha 4\/4 (tunti peruttiiin)<\/del><\/span><\/p>\t\t\t\t\t\t\t\t<\/div>\n\t\t\t\t<\/div>\n\t\t\t\t<\/div>\n\t\t<div class=\"elementor-element elementor-element-1c9a804 e-con-full e-flex e-con e-child\" data-id=\"1c9a804\" data-element_type=\"container\" data-e-type=\"container\">\n\t\t\t\t<div class=\"elementor-element elementor-element-e45e1c8 elementor-widget elementor-widget-text-editor\" data-id=\"e45e1c8\" data-element_type=\"widget\" data-e-type=\"widget\" data-widget_type=\"text-editor.default\">\n\t\t\t\t<div class=\"elementor-widget-container\">\n\t\t\t\t\t\t\t\t\t<p><span style=\"color: #808080;\"><del>ke 5.2.25 klo 18-19: hidas valssi 1\/4<\/del><\/span><\/p><p><span style=\"color: #808080;\"><del>ke 12.2.25 klo 18-19: hidas valssi 2\/4<\/del><\/span><\/p><p><span style=\"color: #808080;\"><del>ke 19.2.25 klo 18-19: hidas valssi 3\/4<\/del><\/span><\/p><p><span style=\"color: #808080;\"><del>ke 26.2.25 klo 18-19: hidas valssi 4\/4<\/del><\/span><\/p>\t\t\t\t\t\t\t\t<\/div>\n\t\t\t\t<\/div>\n\t\t\t\t<\/div>\n\t\t\t\t\t<\/div>\n\t\t\t\t<\/div>\n\t\t<div class=\"elementor-element elementor-element-e248f70 e-flex e-con-boxed e-con e-parent\" data-id=\"e248f70\" data-element_type=\"container\" data-e-type=\"container\">\n\t\t\t\t\t<div class=\"e-con-inner\">\n\t\t<div class=\"elementor-element elementor-element-bbece85 e-con-full e-flex e-con e-child\" data-id=\"bbece85\" data-element_type=\"container\" data-e-type=\"container\">\n\t\t\t\t<div class=\"elementor-element elementor-element-b5e578f elementor-widget elementor-widget-text-editor\" data-id=\"b5e578f\" data-element_type=\"widget\" data-e-type=\"widget\" data-widget_type=\"text-editor.default\">\n\t\t\t\t<div class=\"elementor-widget-container\">\n\t\t\t\t\t\t\t\t\t<p><span style=\"color: #808080;\"><strong>Tanssilavak\u00e4ynnit<\/strong><\/span><\/p><p><span style=\"color: #808080;\">Viiden hengen porukalla osallistuimme auringonlaskun tansseihin, ja todellakin &#8212; tanssimme hyv\u00e4n musiikin tahtiin ja n\u00e4imme auringonlaskun! Kiitokset osallistuneille! Ps. toppatakkeja ei tarvittu!\u00a0<\/span><\/p>\t\t\t\t\t\t\t\t<\/div>\n\t\t\t\t<\/div>\n\t\t\t\t<\/div>\n\t\t\t\t\t<\/div>\n\t\t\t\t<\/div>\n\t\t<div class=\"elementor-element elementor-element-5b67dd4 e-flex e-con-boxed e-con e-parent\" data-id=\"5b67dd4\" data-element_type=\"container\" data-e-type=\"container\">\n\t\t\t\t\t<div class=\"e-con-inner\">\n\t\t\t\t<div class=\"elementor-element elementor-element-f656313 elementor-widget elementor-widget-image\" data-id=\"f656313\" data-element_type=\"widget\" data-e-type=\"widget\" data-widget_type=\"image.default\">\n\t\t\t\t<div class=\"elementor-widget-container\">\n\t\t\t\t\t\t\t\t\t\t\t\t\t\t\t<img fetchpriority=\"high\" decoding=\"async\" width=\"212\" height=\"300\" src=\"https:\/\/lasikenka.fi\/wp-content\/uploads\/2024\/09\/Untulan_lava-212x300.jpg\" class=\"attachment-medium size-medium wp-image-5027\" alt=\"\" srcset=\"https:\/\/lasikenka.fi\/wp-content\/uploads\/2024\/09\/Untulan_lava-212x300.jpg 212w, https:\/\/lasikenka.fi\/wp-content\/uploads\/2024\/09\/Untulan_lava-724x1024.jpg 724w, https:\/\/lasikenka.fi\/wp-content\/uploads\/2024\/09\/Untulan_lava-768x1086.jpg 768w, https:\/\/lasikenka.fi\/wp-content\/uploads\/2024\/09\/Untulan_lava-1086x1536.jpg 1086w, https:\/\/lasikenka.fi\/wp-content\/uploads\/2024\/09\/Untulan_lava.jpg 1448w\" sizes=\"(max-width: 212px) 100vw, 212px\" \/>\t\t\t\t\t\t\t\t\t\t\t\t\t\t\t<\/div>\n\t\t\t\t<\/div>\n\t\t\t\t\t<\/div>\n\t\t\t\t<\/div>\n\t\t\t\t<\/div>\n\t\t","protected":false},"excerpt":{"rendered":"<p>Mit\u00e4 kaudella 2023-24 tapahtui? Lavatanssin peruskurssi k\u00e4ynnistyi kes\u00e4ll\u00e4 2023 ja sama reilun 10 hengen porukka on &#8211; hiukan vaihtelevalla kokoonpanolla &#8211; ollut mukana siit\u00e4 l\u00e4htien. Viime kaudella olemme treenanneet tavallisimpia lavoilla tanssittavia tanssilajeja (foksi, tango, fusku, suomalainen valssi, rumba-bolero, k\u00e4velyhumppa&#8230;) Tunnit ovat olleet joka keskiviikko ja lis\u00e4ksi ohjatut vapaaharjoitukset ovat toteutuneet joka toinen maanantai &#8211; &hellip;<\/p>\n<p class=\"read-more\"> <a class=\"\" href=\"https:\/\/lasikenka.fi\/index.php\/lavat_perus_vanhaa\/\"> <span class=\"screen-reader-text\">Lavat_perus_vanhaa<\/span> Lue lis\u00e4\u00e4 &raquo;<\/a><\/p>\n","protected":false},"author":1,"featured_media":0,"parent":0,"menu_order":0,"comment_status":"closed","ping_status":"closed","template":"","meta":{"site-sidebar-layout":"no-sidebar","site-content-layout":"page-builder","ast-site-content-layout":"full-width-container","site-content-style":"default","site-sidebar-style":"default","ast-global-header-display":"","ast-banner-title-visibility":"","ast-main-header-display":"","ast-hfb-above-header-display":"","ast-hfb-below-header-display":"","ast-hfb-mobile-header-display":"","site-post-title":"disabled","ast-breadcrumbs-content":"","ast-featured-img":"disabled","footer-sml-layout":"","theme-transparent-header-meta":"","adv-header-id-meta":"","stick-header-meta":"","header-above-stick-meta":"","header-main-stick-meta":"","header-below-stick-meta":"","astra-migrate-meta-layouts":"set","footnotes":""},"class_list":["post-5651","page","type-page","status-publish","hentry"],"_links":{"self":[{"href":"https:\/\/lasikenka.fi\/index.php\/wp-json\/wp\/v2\/pages\/5651","targetHints":{"allow":["GET"]}}],"collection":[{"href":"https:\/\/lasikenka.fi\/index.php\/wp-json\/wp\/v2\/pages"}],"about":[{"href":"https:\/\/lasikenka.fi\/index.php\/wp-json\/wp\/v2\/types\/page"}],"author":[{"embeddable":true,"href":"https:\/\/lasikenka.fi\/index.php\/wp-json\/wp\/v2\/users\/1"}],"replies":[{"embeddable":true,"href":"https:\/\/lasikenka.fi\/index.php\/wp-json\/wp\/v2\/comments?post=5651"}],"version-history":[{"count":19,"href":"https:\/\/lasikenka.fi\/index.php\/wp-json\/wp\/v2\/pages\/5651\/revisions"}],"predecessor-version":[{"id":7933,"href":"https:\/\/lasikenka.fi\/index.php\/wp-json\/wp\/v2\/pages\/5651\/revisions\/7933"}],"wp:attachment":[{"href":"https:\/\/lasikenka.fi\/index.php\/wp-json\/wp\/v2\/media?parent=5651"}],"curies":[{"name":"wp","href":"https:\/\/api.w.org\/{rel}","templated":true}]}}