{"id":6481,"date":"2025-06-14T11:59:09","date_gmt":"2025-06-14T08:59:09","guid":{"rendered":"https:\/\/lasikenka.fi\/?page_id=6481"},"modified":"2026-03-27T11:20:55","modified_gmt":"2026-03-27T08:20:55","slug":"lavatanssin-peruskurssi-uusi-syksy-2025","status":"publish","type":"page","link":"https:\/\/lasikenka.fi\/index.php\/lavatanssin-peruskurssi-uusi-syksy-2025\/","title":{"rendered":"Lavatanssin peruskurssi (uusi, syksy 2025)"},"content":{"rendered":"\t\t<div data-elementor-type=\"wp-page\" data-elementor-id=\"6481\" class=\"elementor elementor-6481\">\n\t\t\t\t<div class=\"elementor-element elementor-element-301a52f e-flex e-con-boxed e-con e-parent\" data-id=\"301a52f\" data-element_type=\"container\" data-e-type=\"container\">\n\t\t\t\t\t<div class=\"e-con-inner\">\n\t\t<div class=\"elementor-element elementor-element-8d98c66 e-con-full e-flex e-con e-child\" data-id=\"8d98c66\" data-element_type=\"container\" data-e-type=\"container\">\n\t\t\t\t<div class=\"elementor-element elementor-element-42d663f elementor-widget-divider--separator-type-pattern elementor-widget-divider--view-line elementor-widget elementor-widget-divider\" data-id=\"42d663f\" data-element_type=\"widget\" data-e-type=\"widget\" data-widget_type=\"divider.default\">\n\t\t\t\t<div class=\"elementor-widget-container\">\n\t\t\t\t\t\t\t<div class=\"elementor-divider\" style=\"--divider-pattern-url: url(&quot;data:image\/svg+xml,%3Csvg xmlns=&#039;http:\/\/www.w3.org\/2000\/svg&#039; preserveAspectRatio=&#039;none&#039; overflow=&#039;visible&#039; height=&#039;100%&#039; viewBox=&#039;0 0 24 24&#039; fill=&#039;none&#039; stroke=&#039;black&#039; stroke-width=&#039;1&#039; stroke-linecap=&#039;square&#039; stroke-miterlimit=&#039;10&#039;%3E%3Cpath d=&#039;M0,21c3.3,0,8.3-0.9,15.7-7.1c6.6-5.4,4.4-9.3,2.4-10.3c-3.4-1.8-7.7,1.3-7.3,8.8C11.2,20,17.1,21,24,21&#039;\/%3E%3C\/svg%3E&quot;);\">\n\t\t\t<span class=\"elementor-divider-separator\">\n\t\t\t\t\t\t<\/span>\n\t\t<\/div>\n\t\t\t\t\t\t<\/div>\n\t\t\t\t<\/div>\n\t\t\t\t<\/div>\n\t\t\t\t<div class=\"elementor-element elementor-element-463e0eb elementor-widget elementor-widget-heading\" data-id=\"463e0eb\" data-element_type=\"widget\" data-e-type=\"widget\" data-widget_type=\"heading.default\">\n\t\t\t\t<div class=\"elementor-widget-container\">\n\t\t\t\t\t<h2 class=\"elementor-heading-title elementor-size-default\">Lavatanssin peruskurssi<br>(uusi, syksy 2025)<\/h2>\t\t\t\t<\/div>\n\t\t\t\t<\/div>\n\t\t<div class=\"elementor-element elementor-element-7e6077d e-con-full e-flex e-con e-child\" data-id=\"7e6077d\" data-element_type=\"container\" data-e-type=\"container\">\n\t\t\t\t<div class=\"elementor-element elementor-element-247b974 elementor-widget-divider--separator-type-pattern elementor-widget-divider--view-line elementor-widget elementor-widget-divider\" data-id=\"247b974\" data-element_type=\"widget\" data-e-type=\"widget\" data-widget_type=\"divider.default\">\n\t\t\t\t<div class=\"elementor-widget-container\">\n\t\t\t\t\t\t\t<div class=\"elementor-divider\" style=\"--divider-pattern-url: url(&quot;data:image\/svg+xml,%3Csvg xmlns=&#039;http:\/\/www.w3.org\/2000\/svg&#039; preserveAspectRatio=&#039;none&#039; overflow=&#039;visible&#039; height=&#039;100%&#039; viewBox=&#039;0 0 24 24&#039; fill=&#039;none&#039; stroke=&#039;black&#039; stroke-width=&#039;1&#039; stroke-linecap=&#039;square&#039; stroke-miterlimit=&#039;10&#039;%3E%3Cpath d=&#039;M0,21c3.3,0,8.3-0.9,15.7-7.1c6.6-5.4,4.4-9.3,2.4-10.3c-3.4-1.8-7.7,1.3-7.3,8.8C11.2,20,17.1,21,24,21&#039;\/%3E%3C\/svg%3E&quot;);\">\n\t\t\t<span class=\"elementor-divider-separator\">\n\t\t\t\t\t\t<\/span>\n\t\t<\/div>\n\t\t\t\t\t\t<\/div>\n\t\t\t\t<\/div>\n\t\t\t\t<\/div>\n\t\t<div class=\"elementor-element elementor-element-c4788f4 e-con-full e-flex e-con e-child\" data-id=\"c4788f4\" data-element_type=\"container\" data-e-type=\"container\">\n\t\t\t\t<div class=\"elementor-element elementor-element-bf16a7f elementor-widget elementor-widget-image\" data-id=\"bf16a7f\" data-element_type=\"widget\" data-e-type=\"widget\" data-widget_type=\"image.default\">\n\t\t\t\t<div class=\"elementor-widget-container\">\n\t\t\t\t\t\t\t\t\t\t\t\t\t\t\t<img fetchpriority=\"high\" decoding=\"async\" width=\"1024\" height=\"643\" src=\"https:\/\/lasikenka.fi\/wp-content\/uploads\/2025\/06\/tanssinalkuun-1024x643.jpg\" class=\"attachment-large size-large wp-image-6767\" alt=\"\" srcset=\"https:\/\/lasikenka.fi\/wp-content\/uploads\/2025\/06\/tanssinalkuun-1024x643.jpg 1024w, https:\/\/lasikenka.fi\/wp-content\/uploads\/2025\/06\/tanssinalkuun-300x188.jpg 300w, https:\/\/lasikenka.fi\/wp-content\/uploads\/2025\/06\/tanssinalkuun-768x482.jpg 768w, https:\/\/lasikenka.fi\/wp-content\/uploads\/2025\/06\/tanssinalkuun-1536x964.jpg 1536w, https:\/\/lasikenka.fi\/wp-content\/uploads\/2025\/06\/tanssinalkuun-2048x1285.jpg 2048w\" sizes=\"(max-width: 1024px) 100vw, 1024px\" \/>\t\t\t\t\t\t\t\t\t\t\t\t\t\t\t<\/div>\n\t\t\t\t<\/div>\n\t\t\t\t<\/div>\n\t\t\t\t\t<\/div>\n\t\t\t\t<\/div>\n\t\t<div class=\"elementor-element elementor-element-cbbacca e-flex e-con-boxed e-con e-parent\" data-id=\"cbbacca\" data-element_type=\"container\" data-e-type=\"container\">\n\t\t\t\t\t<div class=\"e-con-inner\">\n\t\t\t\t<div class=\"elementor-element elementor-element-a6fb9b2 elementor-widget elementor-widget-text-editor\" data-id=\"a6fb9b2\" data-element_type=\"widget\" data-e-type=\"widget\" data-widget_type=\"text-editor.default\">\n\t\t\t\t<div class=\"elementor-widget-container\">\n\t\t\t\t\t\t\t\t\t<p>Uusi lavatanssin peruskurssi k\u00e4ynnistyi 12.8.25 ja jatkui <strong>tiistaisin<\/strong> <strong>klo 18-19<\/strong> koko syksyn; kurssi oli tarkoitettu henkil\u00f6ille, jotka eiv\u00e4t ole tanssineet aiemmin. Sama porukka jatkaa my\u00f6s kev\u00e4tkaudella samaan aikaan. Mukaan mahtuu my\u00f6s uusia tanssijoita, joten jos sinulla on hiukan tanssikokemusta ennest\u00e4\u00e4n \/uskot olevasi nopea oppija, niin<strong> tervetuloa mukaan!<\/strong><\/p>\t\t\t\t\t\t\t\t<\/div>\n\t\t\t\t<\/div>\n\t\t\t\t\t<\/div>\n\t\t\t\t<\/div>\n\t\t<div class=\"elementor-element elementor-element-655ab91 e-flex e-con-boxed e-con e-parent\" data-id=\"655ab91\" data-element_type=\"container\" data-e-type=\"container\">\n\t\t\t\t\t<div class=\"e-con-inner\">\n\t\t\t\t<div class=\"elementor-element elementor-element-c9795bb elementor-widget elementor-widget-text-editor\" data-id=\"c9795bb\" data-element_type=\"widget\" data-e-type=\"widget\" data-widget_type=\"text-editor.default\">\n\t\t\t\t<div class=\"elementor-widget-container\">\n\t\t\t\t\t\t\t\t\t<p>Saat parhaan hy\u00f6dyn itsellesi, jos pystyt osallistumaan kaikkiin tunteihin, mutta on t\u00e4ysin mahdollista osallistua valikoiden \/kun sinulle sopii. Kurssin opettaja on <strong><a href=\"https:\/\/lasikenka.fi\/index.php\/elementor-1185\/\">Outi Tonteri<\/a><\/strong>. Ei ennakkoilmoittautumista, tulet vain paikalle. Voit tulla ilman omaa paria; meill\u00e4 on vapaaehtoinen parinvaihto.<\/p>\t\t\t\t\t\t\t\t<\/div>\n\t\t\t\t<\/div>\n\t\t\t\t\t<\/div>\n\t\t\t\t<\/div>\n\t\t<div class=\"elementor-element elementor-element-d180b52 e-flex e-con-boxed e-con e-parent\" data-id=\"d180b52\" data-element_type=\"container\" data-e-type=\"container\">\n\t\t\t\t\t<div class=\"e-con-inner\">\n\t\t<div class=\"elementor-element elementor-element-57a5e3b e-con-full e-flex e-con e-child\" data-id=\"57a5e3b\" data-element_type=\"container\" data-e-type=\"container\">\n\t\t\t\t<\/div>\n\t\t\t\t<div class=\"elementor-element elementor-element-34ab677 elementor-widget elementor-widget-text-editor\" data-id=\"34ab677\" data-element_type=\"widget\" data-e-type=\"widget\" data-widget_type=\"text-editor.default\">\n\t\t\t\t<div class=\"elementor-widget-container\">\n\t\t\t\t\t\t\t\t\t<p><span style=\"color: #808080;\"><strong>Syksyn 2025 kurssisis\u00e4ll\u00f6t olivat:<\/strong><\/span><\/p><p><span style=\"color: #808080;\">*foksi (12.8. &#8211; 26.8.25 eli 3 krt)\u00a0<\/span><\/p><p><span style=\"color: #808080;\">*fusku (2.9. &#8211; 30.9.25 eli 5 krt)\u00a0<\/span><\/p><p><span style=\"color: #808080;\">*kuviohumppa (7.10. &#8211; 14.10.25 eli 2 krt)<\/span><\/p><p><span style=\"color: #808080;\">*suomalainen valssi (21.10. &#8211; 4.11.25 eli 3 krt)<\/span><\/p><p><span style=\"color: #808080;\">*kertaus +\u00a0 pikkujoulutansseihin valmentautuminen 11.11.25<\/span><\/p><p><span style=\"color: #808080;\">*rumba-bolero (18.11. &#8211; 2.12.25 eli 3 krt)\u00a0<\/span><\/p><p><span style=\"color: #808080;\">*kertausta (9.12. &#8211; 16.12.25: fusku ja rumba-bolero)<\/span><\/p>\t\t\t\t\t\t\t\t<\/div>\n\t\t\t\t<\/div>\n\t\t<div class=\"elementor-element elementor-element-8b01757 e-con-full e-flex e-con e-child\" data-id=\"8b01757\" data-element_type=\"container\" data-e-type=\"container\">\n\t\t\t\t<div class=\"elementor-element elementor-element-b3d4acf elementor-widget-divider--separator-type-pattern elementor-widget-divider--view-line elementor-widget elementor-widget-divider\" data-id=\"b3d4acf\" data-element_type=\"widget\" data-e-type=\"widget\" data-widget_type=\"divider.default\">\n\t\t\t\t<div class=\"elementor-widget-container\">\n\t\t\t\t\t\t\t<div class=\"elementor-divider\" style=\"--divider-pattern-url: url(&quot;data:image\/svg+xml,%3Csvg xmlns=&#039;http:\/\/www.w3.org\/2000\/svg&#039; preserveAspectRatio=&#039;none&#039; overflow=&#039;visible&#039; height=&#039;100%&#039; viewBox=&#039;0 0 24 24&#039; fill=&#039;none&#039; stroke=&#039;black&#039; stroke-width=&#039;1&#039; stroke-linecap=&#039;square&#039; stroke-miterlimit=&#039;10&#039;%3E%3Cpath d=&#039;M0,21c3.3,0,8.3-0.9,15.7-7.1c6.6-5.4,4.4-9.3,2.4-10.3c-3.4-1.8-7.7,1.3-7.3,8.8C11.2,20,17.1,21,24,21&#039;\/%3E%3C\/svg%3E&quot;);\">\n\t\t\t<span class=\"elementor-divider-separator\">\n\t\t\t\t\t\t<\/span>\n\t\t<\/div>\n\t\t\t\t\t\t<\/div>\n\t\t\t\t<\/div>\n\t\t\t\t<\/div>\n\t\t<div class=\"elementor-element elementor-element-dbf7019 e-con-full e-flex e-con e-child\" data-id=\"dbf7019\" data-element_type=\"container\" data-e-type=\"container\">\n\t\t\t\t<div class=\"elementor-element elementor-element-719ef42 elementor-widget elementor-widget-text-editor\" data-id=\"719ef42\" data-element_type=\"widget\" data-e-type=\"widget\" data-widget_type=\"text-editor.default\">\n\t\t\t\t<div class=\"elementor-widget-container\">\n\t\t\t\t\t\t\t\t\t<p><span style=\"text-decoration: underline;\"><span style=\"color: #99cc00; text-decoration: underline;\"><strong>Kev\u00e4tkauden 2026 kurssisis\u00e4ll\u00f6t\u00a0<\/strong><\/span><\/span><\/p><p>ks. alla olevien linkkien takaa taulukosta:<\/p><p><a href=\"https:\/\/lasikenka.fi\/index.php\/kevatkausi-2026_mobiili\/#viikko\"><strong><span style=\"color: #ff00ff;\">*t\u00e4\u00e4ll\u00e4 mobiiliversio<\/span><\/strong><\/a>\u00a0(p\u00e4iv\u00e4t ovat alekkain)<\/p><p><a href=\"https:\/\/lasikenka.fi\/index.php\/kevatkausi-2026\/#viikko\"><strong><span style=\"color: #ff00ff;\">*t\u00e4\u00e4ll\u00e4 tietokoneversio<\/span><\/strong><\/a>\u00a0(yksi viikko on yhdell\u00e4 rivill\u00e4)<\/p><p>Tietokoneversio on selke\u00e4mpi, siit\u00e4 n\u00e4kee kokonaisuudet paremmin \u2014 mutta samat tiedot l\u00f6ytyv\u00e4t my\u00f6s mobiiliversiosta.<\/p>\t\t\t\t\t\t\t\t<\/div>\n\t\t\t\t<\/div>\n\t\t\t\t<\/div>\n\t\t\t\t\t<\/div>\n\t\t\t\t<\/div>\n\t\t<div class=\"elementor-element elementor-element-a183640 e-flex e-con-boxed e-con e-parent\" data-id=\"a183640\" data-element_type=\"container\" data-e-type=\"container\">\n\t\t\t\t\t<div class=\"e-con-inner\">\n\t\t<div class=\"elementor-element elementor-element-f70f296 e-con-full e-flex e-con e-child\" data-id=\"f70f296\" data-element_type=\"container\" data-e-type=\"container\">\n\t\t<div class=\"elementor-element elementor-element-1090da8 e-con-full e-flex e-con e-child\" data-id=\"1090da8\" data-element_type=\"container\" data-e-type=\"container\">\n\t\t\t\t<div class=\"elementor-element elementor-element-cef401b elementor-widget elementor-widget-text-editor\" data-id=\"cef401b\" data-element_type=\"widget\" data-e-type=\"widget\" data-widget_type=\"text-editor.default\">\n\t\t\t\t<div class=\"elementor-widget-container\">\n\t\t\t\t\t\t\t\t\t<p><span style=\"color: #ff00ff;\"><strong><span style=\"color: #000000;\">HINNAT Outin tunneilla<\/span><\/strong><\/span><\/p><p>*yksi kerta: 8\u20ac<\/p><p>*kortti 4krt: 28\u20ac<\/p><p>*kun ostat kerrallaan 2kpl 4krt korttia: 50\u20ac<\/p>\t\t\t\t\t\t\t\t<\/div>\n\t\t\t\t<\/div>\n\t\t\t\t<\/div>\n\t\t<div class=\"elementor-element elementor-element-49d37ee e-con-full e-flex e-con e-child\" data-id=\"49d37ee\" data-element_type=\"container\" data-e-type=\"container\">\n\t\t<div class=\"elementor-element elementor-element-9b39b83 e-grid e-con-full e-con e-child\" data-id=\"9b39b83\" data-element_type=\"container\" data-e-type=\"container\">\n\t\t\t\t<div class=\"elementor-element elementor-element-e77ab46 elementor-widget elementor-widget-image\" data-id=\"e77ab46\" data-element_type=\"widget\" data-e-type=\"widget\" data-widget_type=\"image.default\">\n\t\t\t\t<div class=\"elementor-widget-container\">\n\t\t\t\t\t\t\t\t\t\t\t\t\t\t\t<img decoding=\"async\" width=\"1024\" height=\"871\" src=\"https:\/\/lasikenka.fi\/wp-content\/uploads\/2024\/06\/kahdeksan_euroa-1024x871.jpg\" class=\"attachment-large size-large wp-image-4199\" alt=\"\" srcset=\"https:\/\/lasikenka.fi\/wp-content\/uploads\/2024\/06\/kahdeksan_euroa-1024x871.jpg 1024w, https:\/\/lasikenka.fi\/wp-content\/uploads\/2024\/06\/kahdeksan_euroa-300x255.jpg 300w, https:\/\/lasikenka.fi\/wp-content\/uploads\/2024\/06\/kahdeksan_euroa-768x653.jpg 768w, https:\/\/lasikenka.fi\/wp-content\/uploads\/2024\/06\/kahdeksan_euroa-1536x1306.jpg 1536w, https:\/\/lasikenka.fi\/wp-content\/uploads\/2024\/06\/kahdeksan_euroa.jpg 1993w\" sizes=\"(max-width: 1024px) 100vw, 1024px\" \/>\t\t\t\t\t\t\t\t\t\t\t\t\t\t\t<\/div>\n\t\t\t\t<\/div>\n\t\t\t\t<div class=\"elementor-element elementor-element-f143291 elementor-widget elementor-widget-image\" data-id=\"f143291\" data-element_type=\"widget\" data-e-type=\"widget\" data-widget_type=\"image.default\">\n\t\t\t\t<div class=\"elementor-widget-container\">\n\t\t\t\t\t\t\t\t\t\t\t\t\t\t\t<img decoding=\"async\" width=\"907\" height=\"743\" src=\"https:\/\/lasikenka.fi\/wp-content\/uploads\/2024\/06\/1_kortti_teksti.jpg\" class=\"attachment-large size-large wp-image-4194\" alt=\"\" srcset=\"https:\/\/lasikenka.fi\/wp-content\/uploads\/2024\/06\/1_kortti_teksti.jpg 907w, https:\/\/lasikenka.fi\/wp-content\/uploads\/2024\/06\/1_kortti_teksti-300x246.jpg 300w, https:\/\/lasikenka.fi\/wp-content\/uploads\/2024\/06\/1_kortti_teksti-768x629.jpg 768w\" sizes=\"(max-width: 907px) 100vw, 907px\" \/>\t\t\t\t\t\t\t\t\t\t\t\t\t\t\t<\/div>\n\t\t\t\t<\/div>\n\t\t\t\t<div class=\"elementor-element elementor-element-c0ff67a elementor-widget elementor-widget-image\" data-id=\"c0ff67a\" data-element_type=\"widget\" data-e-type=\"widget\" data-widget_type=\"image.default\">\n\t\t\t\t<div class=\"elementor-widget-container\">\n\t\t\t\t\t\t\t\t\t\t\t\t\t\t\t<img loading=\"lazy\" decoding=\"async\" width=\"1024\" height=\"856\" src=\"https:\/\/lasikenka.fi\/wp-content\/uploads\/2024\/06\/2_korttia_teksti-1024x856.jpg\" class=\"attachment-large size-large wp-image-4195\" alt=\"\" srcset=\"https:\/\/lasikenka.fi\/wp-content\/uploads\/2024\/06\/2_korttia_teksti-1024x856.jpg 1024w, https:\/\/lasikenka.fi\/wp-content\/uploads\/2024\/06\/2_korttia_teksti-300x251.jpg 300w, https:\/\/lasikenka.fi\/wp-content\/uploads\/2024\/06\/2_korttia_teksti-768x642.jpg 768w, https:\/\/lasikenka.fi\/wp-content\/uploads\/2024\/06\/2_korttia_teksti.jpg 1208w\" sizes=\"(max-width: 1024px) 100vw, 1024px\" \/>\t\t\t\t\t\t\t\t\t\t\t\t\t\t\t<\/div>\n\t\t\t\t<\/div>\n\t\t\t\t<\/div>\n\t\t\t\t<\/div>\n\t\t<div class=\"elementor-element elementor-element-0453438 e-con-full e-flex e-con e-child\" data-id=\"0453438\" data-element_type=\"container\" data-e-type=\"container\">\n\t\t\t\t<div class=\"elementor-element elementor-element-2a180a5 elementor-widget elementor-widget-text-editor\" data-id=\"2a180a5\" data-element_type=\"widget\" data-e-type=\"widget\" data-widget_type=\"text-editor.default\">\n\t\t\t\t<div class=\"elementor-widget-container\">\n\t\t\t\t\t\t\t\t\t<p><span style=\"font-size: 1rem; text-align: var(--text-align);\"><strong>Maksutavat Outin tunneilla:<\/strong> k\u00e4teinen, pankkikortti, MobilePay, Epassi.\u00a0<\/span><\/p>\t\t\t\t\t\t\t\t<\/div>\n\t\t\t\t<\/div>\n\t\t\t\t<\/div>\n\t\t\t\t<\/div>\n\t\t\t\t\t<\/div>\n\t\t\t\t<\/div>\n\t\t\t\t<\/div>\n\t\t","protected":false},"excerpt":{"rendered":"<p>Lavatanssin peruskurssi(uusi, syksy 2025) Uusi lavatanssin peruskurssi k\u00e4ynnistyi 12.8.25 ja jatkui tiistaisin klo 18-19 koko syksyn; kurssi oli tarkoitettu henkil\u00f6ille, jotka eiv\u00e4t ole tanssineet aiemmin. Sama porukka jatkaa my\u00f6s kev\u00e4tkaudella samaan aikaan. Mukaan mahtuu my\u00f6s uusia tanssijoita, joten jos sinulla on hiukan tanssikokemusta ennest\u00e4\u00e4n \/uskot olevasi nopea oppija, niin tervetuloa mukaan! Saat parhaan hy\u00f6dyn itsellesi, &hellip;<\/p>\n<p class=\"read-more\"> <a class=\"\" href=\"https:\/\/lasikenka.fi\/index.php\/lavatanssin-peruskurssi-uusi-syksy-2025\/\"> <span class=\"screen-reader-text\">Lavatanssin peruskurssi (uusi, syksy 2025)<\/span> Lue lis\u00e4\u00e4 &raquo;<\/a><\/p>\n","protected":false},"author":1,"featured_media":0,"parent":0,"menu_order":0,"comment_status":"closed","ping_status":"closed","template":"","meta":{"site-sidebar-layout":"no-sidebar","site-content-layout":"page-builder","ast-site-content-layout":"full-width-container","site-content-style":"default","site-sidebar-style":"default","ast-global-header-display":"","ast-banner-title-visibility":"","ast-main-header-display":"","ast-hfb-above-header-display":"","ast-hfb-below-header-display":"","ast-hfb-mobile-header-display":"","site-post-title":"disabled","ast-breadcrumbs-content":"","ast-featured-img":"disabled","footer-sml-layout":"","theme-transparent-header-meta":"","adv-header-id-meta":"","stick-header-meta":"","header-above-stick-meta":"","header-main-stick-meta":"","header-below-stick-meta":"","astra-migrate-meta-layouts":"set","footnotes":""},"class_list":["post-6481","page","type-page","status-publish","hentry"],"_links":{"self":[{"href":"https:\/\/lasikenka.fi\/index.php\/wp-json\/wp\/v2\/pages\/6481","targetHints":{"allow":["GET"]}}],"collection":[{"href":"https:\/\/lasikenka.fi\/index.php\/wp-json\/wp\/v2\/pages"}],"about":[{"href":"https:\/\/lasikenka.fi\/index.php\/wp-json\/wp\/v2\/types\/page"}],"author":[{"embeddable":true,"href":"https:\/\/lasikenka.fi\/index.php\/wp-json\/wp\/v2\/users\/1"}],"replies":[{"embeddable":true,"href":"https:\/\/lasikenka.fi\/index.php\/wp-json\/wp\/v2\/comments?post=6481"}],"version-history":[{"count":205,"href":"https:\/\/lasikenka.fi\/index.php\/wp-json\/wp\/v2\/pages\/6481\/revisions"}],"predecessor-version":[{"id":9008,"href":"https:\/\/lasikenka.fi\/index.php\/wp-json\/wp\/v2\/pages\/6481\/revisions\/9008"}],"wp:attachment":[{"href":"https:\/\/lasikenka.fi\/index.php\/wp-json\/wp\/v2\/media?parent=6481"}],"curies":[{"name":"wp","href":"https:\/\/api.w.org\/{rel}","templated":true}]}}