{"id":6496,"date":"2025-06-14T12:09:08","date_gmt":"2025-06-14T09:09:08","guid":{"rendered":"https:\/\/lasikenka.fi\/?page_id=6496"},"modified":"2026-01-17T10:26:55","modified_gmt":"2026-01-17T07:26:55","slug":"lavatanssin-alkeisjatko","status":"publish","type":"page","link":"https:\/\/lasikenka.fi\/index.php\/lavatanssin-alkeisjatko\/","title":{"rendered":"Lavatanssin alkeisjatko"},"content":{"rendered":"\t\t<div data-elementor-type=\"wp-page\" data-elementor-id=\"6496\" class=\"elementor elementor-6496\">\n\t\t\t\t<div class=\"elementor-element elementor-element-84236d1 e-flex e-con-boxed e-con e-parent\" data-id=\"84236d1\" data-element_type=\"container\" data-e-type=\"container\">\n\t\t\t\t\t<div class=\"e-con-inner\">\n\t\t<div class=\"elementor-element elementor-element-a16adaf e-con-full e-flex e-con e-child\" data-id=\"a16adaf\" data-element_type=\"container\" data-e-type=\"container\">\n\t\t\t\t<div class=\"elementor-element elementor-element-2df8c12 elementor-widget-divider--separator-type-pattern elementor-widget-divider--view-line elementor-widget elementor-widget-divider\" data-id=\"2df8c12\" data-element_type=\"widget\" data-e-type=\"widget\" data-widget_type=\"divider.default\">\n\t\t\t\t<div class=\"elementor-widget-container\">\n\t\t\t\t\t\t\t<div class=\"elementor-divider\" style=\"--divider-pattern-url: url(&quot;data:image\/svg+xml,%3Csvg xmlns=&#039;http:\/\/www.w3.org\/2000\/svg&#039; preserveAspectRatio=&#039;none&#039; overflow=&#039;visible&#039; height=&#039;100%&#039; viewBox=&#039;0 0 24 24&#039; fill=&#039;none&#039; stroke=&#039;black&#039; stroke-width=&#039;1&#039; stroke-linecap=&#039;square&#039; stroke-miterlimit=&#039;10&#039;%3E%3Cpath d=&#039;M0,21c3.3,0,8.3-0.9,15.7-7.1c6.6-5.4,4.4-9.3,2.4-10.3c-3.4-1.8-7.7,1.3-7.3,8.8C11.2,20,17.1,21,24,21&#039;\/%3E%3C\/svg%3E&quot;);\">\n\t\t\t<span class=\"elementor-divider-separator\">\n\t\t\t\t\t\t<\/span>\n\t\t<\/div>\n\t\t\t\t\t\t<\/div>\n\t\t\t\t<\/div>\n\t\t\t\t<\/div>\n\t\t\t\t<div class=\"elementor-element elementor-element-cf65528 elementor-widget elementor-widget-heading\" data-id=\"cf65528\" data-element_type=\"widget\" data-e-type=\"widget\" data-widget_type=\"heading.default\">\n\t\t\t\t<div class=\"elementor-widget-container\">\n\t\t\t\t\t<h2 class=\"elementor-heading-title elementor-size-default\">Lavatanssin alkeisjatko<\/h2>\t\t\t\t<\/div>\n\t\t\t\t<\/div>\n\t\t<div class=\"elementor-element elementor-element-45e7b26 e-con-full e-flex e-con e-child\" data-id=\"45e7b26\" data-element_type=\"container\" data-e-type=\"container\">\n\t\t\t\t<div class=\"elementor-element elementor-element-89f34e0 elementor-widget-divider--separator-type-pattern elementor-widget-divider--view-line elementor-widget elementor-widget-divider\" data-id=\"89f34e0\" data-element_type=\"widget\" data-e-type=\"widget\" data-widget_type=\"divider.default\">\n\t\t\t\t<div class=\"elementor-widget-container\">\n\t\t\t\t\t\t\t<div class=\"elementor-divider\" style=\"--divider-pattern-url: url(&quot;data:image\/svg+xml,%3Csvg xmlns=&#039;http:\/\/www.w3.org\/2000\/svg&#039; preserveAspectRatio=&#039;none&#039; overflow=&#039;visible&#039; height=&#039;100%&#039; viewBox=&#039;0 0 24 24&#039; fill=&#039;none&#039; stroke=&#039;black&#039; stroke-width=&#039;1&#039; stroke-linecap=&#039;square&#039; stroke-miterlimit=&#039;10&#039;%3E%3Cpath d=&#039;M0,21c3.3,0,8.3-0.9,15.7-7.1c6.6-5.4,4.4-9.3,2.4-10.3c-3.4-1.8-7.7,1.3-7.3,8.8C11.2,20,17.1,21,24,21&#039;\/%3E%3C\/svg%3E&quot;);\">\n\t\t\t<span class=\"elementor-divider-separator\">\n\t\t\t\t\t\t<\/span>\n\t\t<\/div>\n\t\t\t\t\t\t<\/div>\n\t\t\t\t<\/div>\n\t\t\t\t<\/div>\n\t\t\t\t\t<\/div>\n\t\t\t\t<\/div>\n\t\t<div class=\"elementor-element elementor-element-0914014 e-flex e-con-boxed e-con e-parent\" data-id=\"0914014\" data-element_type=\"container\" data-e-type=\"container\">\n\t\t\t\t\t<div class=\"e-con-inner\">\n\t\t<div class=\"elementor-element elementor-element-2fa1036 e-con-full e-flex e-con e-child\" data-id=\"2fa1036\" data-element_type=\"container\" data-e-type=\"container\">\n\t\t\t\t<div class=\"elementor-element elementor-element-5266c1e elementor-widget elementor-widget-image\" data-id=\"5266c1e\" data-element_type=\"widget\" data-e-type=\"widget\" data-widget_type=\"image.default\">\n\t\t\t\t<div class=\"elementor-widget-container\">\n\t\t\t\t\t\t\t\t\t\t\t\t<figure class=\"wp-caption\">\n\t\t\t\t\t\t\t\t\t\t<img fetchpriority=\"high\" decoding=\"async\" width=\"2560\" height=\"1231\" src=\"https:\/\/lasikenka.fi\/wp-content\/uploads\/2025\/06\/ohiaskel_blur-scaled.jpg\" class=\"attachment-full size-full wp-image-6707\" alt=\"ohiaskelta Kimmo Luukkosen tunnilla\" srcset=\"https:\/\/lasikenka.fi\/wp-content\/uploads\/2025\/06\/ohiaskel_blur-scaled.jpg 2560w, https:\/\/lasikenka.fi\/wp-content\/uploads\/2025\/06\/ohiaskel_blur-300x144.jpg 300w, https:\/\/lasikenka.fi\/wp-content\/uploads\/2025\/06\/ohiaskel_blur-1024x492.jpg 1024w, https:\/\/lasikenka.fi\/wp-content\/uploads\/2025\/06\/ohiaskel_blur-768x369.jpg 768w, https:\/\/lasikenka.fi\/wp-content\/uploads\/2025\/06\/ohiaskel_blur-1536x739.jpg 1536w, https:\/\/lasikenka.fi\/wp-content\/uploads\/2025\/06\/ohiaskel_blur-2048x985.jpg 2048w\" sizes=\"(max-width: 2560px) 100vw, 2560px\" \/>\t\t\t\t\t\t\t\t\t\t\t<figcaption class=\"widget-image-caption wp-caption-text\"><\/figcaption>\n\t\t\t\t\t\t\t\t\t\t<\/figure>\n\t\t\t\t\t\t\t\t\t<\/div>\n\t\t\t\t<\/div>\n\t\t\t\t<\/div>\n\t\t\t\t\t<\/div>\n\t\t\t\t<\/div>\n\t\t<div class=\"elementor-element elementor-element-65302da e-flex e-con-boxed e-con e-parent\" data-id=\"65302da\" data-element_type=\"container\" data-e-type=\"container\">\n\t\t\t\t\t<div class=\"e-con-inner\">\n\t\t<div class=\"elementor-element elementor-element-232e23c e-con-full e-flex e-con e-child\" data-id=\"232e23c\" data-element_type=\"container\" data-e-type=\"container\">\n\t\t\t\t<div class=\"elementor-element elementor-element-9030e2d elementor-widget elementor-widget-text-editor\" data-id=\"9030e2d\" data-element_type=\"widget\" data-e-type=\"widget\" data-widget_type=\"text-editor.default\">\n\t\t\t\t<div class=\"elementor-widget-container\">\n\t\t\t\t\t\t\t\t\t<p>Kes\u00e4st\u00e4 2023 l\u00e4htien kokoontunut <a href=\"https:\/\/lasikenka.fi\/index.php\/lavatanssin-peruskurssi\/\">Lavatanssin peruskurssi<\/a> on saavutti syksyll\u00e4 2025 yhden virstanpylv\u00e4\u00e4n ja kurssilaiset siirtyv\u00e4t seuraavalle tasolle, jota kutsumme Lavatanssin alkeisjatkoksi. Lavatanssipuolella ryhmien tasokuvaukset ovat eri seuroissa ja tanssikouluissa hiukan erilaiset, mutta Lasikeng\u00e4n alkeisjatko voisi suunnilleen vastata ns. sinivihre\u00e4\u00e4 tasoa.<\/p><hr \/><p><strong>Alkeisjatkoryhm\u00e4\u00e4n mielell\u00e4\u00e4n otetaan my\u00f6s uusia oppilaita.<\/strong> Voit osallistua t\u00e4h\u00e4n ryhm\u00e4\u00e4n, jos viej\u00e4n\u00e4 kyseisen tanssilajin perusaskel on sinulla hyvin hallussa ja osaat vied\u00e4 muutamia peruskuvioita. Seuraajan pit\u00e4\u00e4 hallita\u00a0<span style=\"font-size: 1rem; font-weight: inherit;\">kyseisen tanssilajin <\/span><span style=\"font-style: inherit; font-weight: inherit;\">perusaskel ja tunnistaa omat kehityskohteensa seuraajana.\u00a0 Alkeisjatkokurssilla p\u00e4\u00e4paino ei ole uusissa kuvioissa vaan tekemisen laadussa: vahva askel, vartalonk\u00e4ytt\u00f6, parity\u00f6skentely. Musiikkiin tanssiminen (jota musiikin tulkinnaksi aiemmin kutsuttiin) on my\u00f6s koko ajan mukana oppimisessa.<\/span><\/p><hr \/><p>Voit osallistua ilman omaa paria, sill\u00e4 meill\u00e4 on k\u00e4yt\u00f6ss\u00e4 parinvaihto. Toki voit tanssia vain oman parisi kanssa. Opettaja on <strong>Outi Tonteri<\/strong>.\u00a0<\/p>\t\t\t\t\t\t\t\t<\/div>\n\t\t\t\t<\/div>\n\t\t\t\t<\/div>\n\t\t\t\t<div class=\"elementor-element elementor-element-e9ed333 elementor-widget elementor-widget-text-editor\" data-id=\"e9ed333\" data-element_type=\"widget\" data-e-type=\"widget\" data-widget_type=\"text-editor.default\">\n\t\t\t\t<div class=\"elementor-widget-container\">\n\t\t\t\t\t\t\t\t\t<p><span style=\"text-decoration: underline; color: #808080;\">Yhteenveto syyskaudesta 2025<\/span><\/p><p><span style=\"color: #808080;\">Alkeisjatkokurssi k\u00e4ynnistyi 30.7.25 ja jatkui\u00a0keskiviikkoisin klo 18-19. Ensimm\u00e4isen\u00e4 tanssilajina meill\u00e4 oli <em><strong>tango<\/strong><\/em>, jota opiskelimme viiten\u00e4 iltana (vartalonk\u00e4ytt\u00f6\u00e4, ohiaskeltangoa). 3.9.-24.9. treenasimme <em><strong>fuskua. <\/strong><\/em> <em><strong>Kuviohumppa<\/strong><\/em> oli vuorossa 1.10.-8.10.\u00a0Sen j\u00e4lkeen alkoikin mielenkiintoinen vaihe, kun 15.-29.10 treenasimme <em> <strong>perusrytmin rikkomista ja musiikkiin tanssimista<\/strong> <\/em>(=musiikintulkintaa) foksiin ja tangoon. T\u00e4m\u00e4 uusi asia aiheutti ehk\u00e4 hiukan ihmetyst\u00e4 mutta my\u00f6s ahaa-el\u00e4myksi\u00e4. T\u00e4h\u00e4n teemaan palaamme taas jossain vaiheessa.\u00a05.11. ja 12.11. treenattiin <em> <strong>vasenta k\u00e4\u00e4nn\u00f6st\u00e4 tangoon \/ foksiin ja suomalaiseen valssiin. <\/strong> <\/em> Tangoon\u00a0 opeteltiin &#8221;pitk\u00e4 vasen k\u00e4\u00e4nn\u00f6s&#8221; (=rytmityksell\u00e4 HHNN &#8211; HHNN). <em><strong>Tangovalssiin<\/strong> <\/em>tutustuttiin kolmena iltana 19.11.-3.12.25. Joulukuun kaksi viimeist\u00e4 opetuskertaa olivat kertausta: 10.12. kerrattiin tangoa ja 17.12. fuskua.<\/span><\/p>\t\t\t\t\t\t\t\t<\/div>\n\t\t\t\t<\/div>\n\t\t<div class=\"elementor-element elementor-element-258e4d2 e-con-full e-flex e-con e-child\" data-id=\"258e4d2\" data-element_type=\"container\" data-e-type=\"container\">\n\t\t<div class=\"elementor-element elementor-element-6ae25f8 e-con-full e-flex e-con e-child\" data-id=\"6ae25f8\" data-element_type=\"container\" data-e-type=\"container\">\n\t\t<div class=\"elementor-element elementor-element-3833810 e-con-full e-flex e-con e-child\" data-id=\"3833810\" data-element_type=\"container\" data-e-type=\"container\">\n\t\t\t\t<div class=\"elementor-element elementor-element-10b037f elementor-widget-divider--separator-type-pattern elementor-widget-divider--view-line elementor-widget elementor-widget-divider\" data-id=\"10b037f\" data-element_type=\"widget\" data-e-type=\"widget\" data-widget_type=\"divider.default\">\n\t\t\t\t<div class=\"elementor-widget-container\">\n\t\t\t\t\t\t\t<div class=\"elementor-divider\" style=\"--divider-pattern-url: url(&quot;data:image\/svg+xml,%3Csvg xmlns=&#039;http:\/\/www.w3.org\/2000\/svg&#039; preserveAspectRatio=&#039;none&#039; overflow=&#039;visible&#039; height=&#039;100%&#039; viewBox=&#039;0 0 24 24&#039; fill=&#039;none&#039; stroke=&#039;black&#039; stroke-width=&#039;1&#039; stroke-linecap=&#039;square&#039; stroke-miterlimit=&#039;10&#039;%3E%3Cpath d=&#039;M0,21c3.3,0,8.3-0.9,15.7-7.1c6.6-5.4,4.4-9.3,2.4-10.3c-3.4-1.8-7.7,1.3-7.3,8.8C11.2,20,17.1,21,24,21&#039;\/%3E%3C\/svg%3E&quot;);\">\n\t\t\t<span class=\"elementor-divider-separator\">\n\t\t\t\t\t\t<\/span>\n\t\t<\/div>\n\t\t\t\t\t\t<\/div>\n\t\t\t\t<\/div>\n\t\t\t\t<\/div>\n\t\t\t\t<\/div>\n\t\t\t\t<div class=\"elementor-element elementor-element-fc6b628 elementor-widget elementor-widget-text-editor\" data-id=\"fc6b628\" data-element_type=\"widget\" data-e-type=\"widget\" data-widget_type=\"text-editor.default\">\n\t\t\t\t<div class=\"elementor-widget-container\">\n\t\t\t\t\t\t\t\t\t<p><span style=\"color: #ff0000;\"><strong>KEV\u00c4TKAUDELLA 2026 KESKIVIIKON\u00a0 OPETUS ON 1,5 TUNNIN PITUINEN (eli klo 18-19.30)!<\/strong><\/span><\/p><hr \/><p><strong>Kev\u00e4tkauden 2026 kurssisis\u00e4ll\u00f6t\u00a0<\/strong><\/p><p>ks. alla olevien linkkien takaa taulukosta:\u00a0<\/p><p><span style=\"color: #ff00ff;\"><a style=\"color: #ff00ff;\" href=\"https:\/\/lasikenka.fi\/index.php\/kevatkausi-2026_mobiili\/\"><strong>*t\u00e4\u00e4ll\u00e4 mobiiliversio<\/strong><\/a>\u00a0<\/span>(p\u00e4iv\u00e4t ovat alekkain)<\/p><p><span style=\"color: #ff00ff;\"><a style=\"color: #ff00ff;\" href=\"https:\/\/lasikenka.fi\/index.php\/kevatkausi-2026\/\"><strong>*t\u00e4\u00e4ll\u00e4 tietokoneversio<\/strong><\/a>\u00a0<\/span>(yksi viikko on yhdell\u00e4 rivill\u00e4)<\/p><p>Tietokoneversio on selke\u00e4mpi, siit\u00e4 n\u00e4kee kokonaisuudet paremmin \u2014 mutta samat tiedot l\u00f6ytyv\u00e4t my\u00f6s mobiiliversiosta.\u00a0<\/p>\t\t\t\t\t\t\t\t<\/div>\n\t\t\t\t<\/div>\n\t\t\t\t<\/div>\n\t\t<div class=\"elementor-element elementor-element-040527c e-con-full e-flex e-con e-child\" data-id=\"040527c\" data-element_type=\"container\" data-e-type=\"container\">\n\t\t<div class=\"elementor-element elementor-element-7ea3255 e-con-full e-flex e-con e-child\" data-id=\"7ea3255\" data-element_type=\"container\" data-e-type=\"container\">\n\t\t\t\t<div class=\"elementor-element elementor-element-abcf5c4 elementor-widget elementor-widget-text-editor\" data-id=\"abcf5c4\" data-element_type=\"widget\" data-e-type=\"widget\" data-widget_type=\"text-editor.default\">\n\t\t\t\t<div class=\"elementor-widget-container\">\n\t\t\t\t\t\t\t\t\t<p><a href=\"https:\/\/lasikenka.fi\/index.php\/vapaaharjoitukset\/\"><strong>Ohjatut vapaaharjoitukset<\/strong><\/a> (jotka olivat syyskaudella 2025 joka 2. keskiviikko opetustunnin j\u00e4lkeen) <span style=\"color: #ff0000;\"><strong>ovat toistaiseksi tauolla!<\/strong><\/span><\/p>\t\t\t\t\t\t\t\t<\/div>\n\t\t\t\t<\/div>\n\t\t\t\t<\/div>\n\t\t\t\t<\/div>\n\t\t\t\t\t<\/div>\n\t\t\t\t<\/div>\n\t\t<div class=\"elementor-element elementor-element-549bf6a e-flex e-con-boxed e-con e-parent\" data-id=\"549bf6a\" data-element_type=\"container\" data-e-type=\"container\">\n\t\t\t\t\t<div class=\"e-con-inner\">\n\t\t<div class=\"elementor-element elementor-element-cea406d e-con-full e-flex e-con e-child\" data-id=\"cea406d\" data-element_type=\"container\" data-e-type=\"container\">\n\t\t<div class=\"elementor-element elementor-element-b0317f1 e-con-full e-flex e-con e-child\" data-id=\"b0317f1\" data-element_type=\"container\" data-e-type=\"container\">\n\t\t\t\t<div class=\"elementor-element elementor-element-722dc61 elementor-widget elementor-widget-text-editor\" data-id=\"722dc61\" data-element_type=\"widget\" data-e-type=\"widget\" data-widget_type=\"text-editor.default\">\n\t\t\t\t<div class=\"elementor-widget-container\">\n\t\t\t\t\t\t\t\t\t<p><span style=\"color: #ff00ff;\"><strong><span style=\"color: #000000;\">HINNAT Outin tunneilla keskiviikkoisin 1.1.2026 alkaen:<\/span><\/strong><\/span><\/p><p>\u00a0<\/p><p><span style=\"color: #ff0000;\"><strong>*yksi kerta (1,5h): 12\u20ac<\/strong><\/span><\/p><p>*alennuskortti 4krt: 28\u20ac<\/p><p>*kun ostat kerrallaan 2kpl 4krt korttia: 50\u20ac<\/p><p>Keskiviikon opetuskerralla kortista ruksataan <strong>kolme keng\u00e4n kuvaa<\/strong>.<\/p><p><a name=\"hinta\"><\/a><\/p>\t\t\t\t\t\t\t\t<\/div>\n\t\t\t\t<\/div>\n\t\t\t\t<\/div>\n\t\t<div class=\"elementor-element elementor-element-636da54 e-con-full e-flex e-con e-child\" data-id=\"636da54\" data-element_type=\"container\" data-e-type=\"container\">\n\t\t<div class=\"elementor-element elementor-element-2edbda7 e-grid e-con-full e-con e-child\" data-id=\"2edbda7\" data-element_type=\"container\" data-e-type=\"container\">\n\t\t\t\t<div class=\"elementor-element elementor-element-d39aeff elementor-widget elementor-widget-image\" data-id=\"d39aeff\" data-element_type=\"widget\" data-e-type=\"widget\" data-widget_type=\"image.default\">\n\t\t\t\t<div class=\"elementor-widget-container\">\n\t\t\t\t\t\t\t\t\t\t\t\t\t\t\t<img decoding=\"async\" width=\"907\" height=\"743\" src=\"https:\/\/lasikenka.fi\/wp-content\/uploads\/2024\/06\/1_kortti_teksti.jpg\" class=\"attachment-large size-large wp-image-4194\" alt=\"\" srcset=\"https:\/\/lasikenka.fi\/wp-content\/uploads\/2024\/06\/1_kortti_teksti.jpg 907w, https:\/\/lasikenka.fi\/wp-content\/uploads\/2024\/06\/1_kortti_teksti-300x246.jpg 300w, https:\/\/lasikenka.fi\/wp-content\/uploads\/2024\/06\/1_kortti_teksti-768x629.jpg 768w\" sizes=\"(max-width: 907px) 100vw, 907px\" \/>\t\t\t\t\t\t\t\t\t\t\t\t\t\t\t<\/div>\n\t\t\t\t<\/div>\n\t\t\t\t<div class=\"elementor-element elementor-element-f9acfa0 elementor-widget elementor-widget-image\" data-id=\"f9acfa0\" data-element_type=\"widget\" data-e-type=\"widget\" data-widget_type=\"image.default\">\n\t\t\t\t<div class=\"elementor-widget-container\">\n\t\t\t\t\t\t\t\t\t\t\t\t\t\t\t<img decoding=\"async\" width=\"1024\" height=\"856\" src=\"https:\/\/lasikenka.fi\/wp-content\/uploads\/2024\/06\/2_korttia_teksti-1024x856.jpg\" class=\"attachment-large size-large wp-image-4195\" alt=\"\" srcset=\"https:\/\/lasikenka.fi\/wp-content\/uploads\/2024\/06\/2_korttia_teksti-1024x856.jpg 1024w, https:\/\/lasikenka.fi\/wp-content\/uploads\/2024\/06\/2_korttia_teksti-300x251.jpg 300w, https:\/\/lasikenka.fi\/wp-content\/uploads\/2024\/06\/2_korttia_teksti-768x642.jpg 768w, https:\/\/lasikenka.fi\/wp-content\/uploads\/2024\/06\/2_korttia_teksti.jpg 1208w\" sizes=\"(max-width: 1024px) 100vw, 1024px\" \/>\t\t\t\t\t\t\t\t\t\t\t\t\t\t\t<\/div>\n\t\t\t\t<\/div>\n\t\t\t\t<div class=\"elementor-element elementor-element-1bed882 elementor-widget elementor-widget-image\" data-id=\"1bed882\" data-element_type=\"widget\" data-e-type=\"widget\" data-widget_type=\"image.default\">\n\t\t\t\t<div class=\"elementor-widget-container\">\n\t\t\t\t\t\t\t\t\t\t\t\t\t\t\t<img loading=\"lazy\" decoding=\"async\" width=\"1024\" height=\"683\" src=\"https:\/\/lasikenka.fi\/wp-content\/uploads\/2026\/01\/3_kenkaa-1024x683.jpg\" class=\"attachment-large size-large wp-image-8213\" alt=\"\" srcset=\"https:\/\/lasikenka.fi\/wp-content\/uploads\/2026\/01\/3_kenkaa-1024x683.jpg 1024w, https:\/\/lasikenka.fi\/wp-content\/uploads\/2026\/01\/3_kenkaa-300x200.jpg 300w, https:\/\/lasikenka.fi\/wp-content\/uploads\/2026\/01\/3_kenkaa-768x512.jpg 768w, https:\/\/lasikenka.fi\/wp-content\/uploads\/2026\/01\/3_kenkaa.jpg 1071w\" sizes=\"(max-width: 1024px) 100vw, 1024px\" \/>\t\t\t\t\t\t\t\t\t\t\t\t\t\t\t<\/div>\n\t\t\t\t<\/div>\n\t\t\t\t<div class=\"elementor-element elementor-element-de1e6f6 elementor-widget elementor-widget-image\" data-id=\"de1e6f6\" data-element_type=\"widget\" data-e-type=\"widget\" data-widget_type=\"image.default\">\n\t\t\t\t<div class=\"elementor-widget-container\">\n\t\t\t\t\t\t\t\t\t\t\t\t\t\t\t<img loading=\"lazy\" decoding=\"async\" width=\"1024\" height=\"871\" src=\"https:\/\/lasikenka.fi\/wp-content\/uploads\/2026\/01\/kaksitoista_euroa2-1024x871.jpg\" class=\"attachment-large size-large wp-image-8214\" alt=\"\" srcset=\"https:\/\/lasikenka.fi\/wp-content\/uploads\/2026\/01\/kaksitoista_euroa2-1024x871.jpg 1024w, https:\/\/lasikenka.fi\/wp-content\/uploads\/2026\/01\/kaksitoista_euroa2-300x255.jpg 300w, https:\/\/lasikenka.fi\/wp-content\/uploads\/2026\/01\/kaksitoista_euroa2-768x653.jpg 768w, https:\/\/lasikenka.fi\/wp-content\/uploads\/2026\/01\/kaksitoista_euroa2-1536x1306.jpg 1536w, https:\/\/lasikenka.fi\/wp-content\/uploads\/2026\/01\/kaksitoista_euroa2.jpg 1993w\" sizes=\"(max-width: 1024px) 100vw, 1024px\" \/>\t\t\t\t\t\t\t\t\t\t\t\t\t\t\t<\/div>\n\t\t\t\t<\/div>\n\t\t\t\t<\/div>\n\t\t\t\t<\/div>\n\t\t<div class=\"elementor-element elementor-element-16140d9 e-con-full e-flex e-con e-child\" data-id=\"16140d9\" data-element_type=\"container\" data-e-type=\"container\">\n\t\t\t\t<div class=\"elementor-element elementor-element-3173745 elementor-widget elementor-widget-text-editor\" data-id=\"3173745\" data-element_type=\"widget\" data-e-type=\"widget\" data-widget_type=\"text-editor.default\">\n\t\t\t\t<div class=\"elementor-widget-container\">\n\t\t\t\t\t\t\t\t\t<p><span style=\"font-size: 1rem; text-align: var(--text-align);\"><strong>Maksutavat Outin tunneilla:<\/strong> k\u00e4teinen, pankkikortti, MobilePay, Epassi.\u00a0<\/span><\/p>\t\t\t\t\t\t\t\t<\/div>\n\t\t\t\t<\/div>\n\t\t\t\t<\/div>\n\t\t\t\t<\/div>\n\t\t\t\t\t<\/div>\n\t\t\t\t<\/div>\n\t\t\t\t<\/div>\n\t\t","protected":false},"excerpt":{"rendered":"<p>Lavatanssin alkeisjatko Kes\u00e4st\u00e4 2023 l\u00e4htien kokoontunut Lavatanssin peruskurssi on saavutti syksyll\u00e4 2025 yhden virstanpylv\u00e4\u00e4n ja kurssilaiset siirtyv\u00e4t seuraavalle tasolle, jota kutsumme Lavatanssin alkeisjatkoksi. Lavatanssipuolella ryhmien tasokuvaukset ovat eri seuroissa ja tanssikouluissa hiukan erilaiset, mutta Lasikeng\u00e4n alkeisjatko voisi suunnilleen vastata ns. sinivihre\u00e4\u00e4 tasoa. Alkeisjatkoryhm\u00e4\u00e4n mielell\u00e4\u00e4n otetaan my\u00f6s uusia oppilaita. Voit osallistua t\u00e4h\u00e4n ryhm\u00e4\u00e4n, jos viej\u00e4n\u00e4 kyseisen &hellip;<\/p>\n<p class=\"read-more\"> <a class=\"\" href=\"https:\/\/lasikenka.fi\/index.php\/lavatanssin-alkeisjatko\/\"> <span class=\"screen-reader-text\">Lavatanssin alkeisjatko<\/span> Lue lis\u00e4\u00e4 &raquo;<\/a><\/p>\n","protected":false},"author":1,"featured_media":0,"parent":0,"menu_order":0,"comment_status":"closed","ping_status":"closed","template":"","meta":{"site-sidebar-layout":"no-sidebar","site-content-layout":"page-builder","ast-site-content-layout":"full-width-container","site-content-style":"default","site-sidebar-style":"default","ast-global-header-display":"","ast-banner-title-visibility":"","ast-main-header-display":"","ast-hfb-above-header-display":"","ast-hfb-below-header-display":"","ast-hfb-mobile-header-display":"","site-post-title":"disabled","ast-breadcrumbs-content":"","ast-featured-img":"disabled","footer-sml-layout":"","theme-transparent-header-meta":"","adv-header-id-meta":"","stick-header-meta":"","header-above-stick-meta":"","header-main-stick-meta":"","header-below-stick-meta":"","astra-migrate-meta-layouts":"set","footnotes":""},"class_list":["post-6496","page","type-page","status-publish","hentry"],"_links":{"self":[{"href":"https:\/\/lasikenka.fi\/index.php\/wp-json\/wp\/v2\/pages\/6496","targetHints":{"allow":["GET"]}}],"collection":[{"href":"https:\/\/lasikenka.fi\/index.php\/wp-json\/wp\/v2\/pages"}],"about":[{"href":"https:\/\/lasikenka.fi\/index.php\/wp-json\/wp\/v2\/types\/page"}],"author":[{"embeddable":true,"href":"https:\/\/lasikenka.fi\/index.php\/wp-json\/wp\/v2\/users\/1"}],"replies":[{"embeddable":true,"href":"https:\/\/lasikenka.fi\/index.php\/wp-json\/wp\/v2\/comments?post=6496"}],"version-history":[{"count":193,"href":"https:\/\/lasikenka.fi\/index.php\/wp-json\/wp\/v2\/pages\/6496\/revisions"}],"predecessor-version":[{"id":8306,"href":"https:\/\/lasikenka.fi\/index.php\/wp-json\/wp\/v2\/pages\/6496\/revisions\/8306"}],"wp:attachment":[{"href":"https:\/\/lasikenka.fi\/index.php\/wp-json\/wp\/v2\/media?parent=6496"}],"curies":[{"name":"wp","href":"https:\/\/api.w.org\/{rel}","templated":true}]}}