{"id":7286,"date":"2025-10-27T12:28:36","date_gmt":"2025-10-27T09:28:36","guid":{"rendered":"https:\/\/lasikenka.fi\/?page_id=7286"},"modified":"2026-03-01T10:39:33","modified_gmt":"2026-03-01T07:39:33","slug":"paritanssi-tutuksi","status":"publish","type":"page","link":"https:\/\/lasikenka.fi\/index.php\/paritanssi-tutuksi\/","title":{"rendered":"Paritanssi tutuksi"},"content":{"rendered":"\t\t<div data-elementor-type=\"wp-page\" data-elementor-id=\"7286\" class=\"elementor elementor-7286\">\n\t\t\t\t<div class=\"elementor-element elementor-element-7a60e5e e-flex e-con-boxed e-con e-parent\" data-id=\"7a60e5e\" data-element_type=\"container\" data-e-type=\"container\" data-settings=\"{&quot;shape_divider_top&quot;:&quot;drops&quot;,&quot;shape_divider_bottom&quot;:&quot;drops&quot;}\">\n\t\t\t\t\t<div class=\"e-con-inner\">\n\t\t\t\t<div class=\"elementor-shape elementor-shape-top\" aria-hidden=\"true\" data-negative=\"false\">\n\t\t\t<svg xmlns=\"http:\/\/www.w3.org\/2000\/svg\" height=\"100%\" viewBox=\"0 0 283.5 27.8\" preserveAspectRatio=\"xMidYMax slice\">\n\t<path class=\"elementor-shape-fill\" d=\"M0 0v1.4c.6.7 1.1 1.4 1.4 2 2 3.8 2.2 6.6 1.8 10.8-.3 3.3-2.4 9.4 0 12.3 1.7 2 3.7 1.4 4.6-.9 1.4-3.8-.7-8.2-.6-12 .1-3.7 3.2-5.5 6.9-4.9 4 .6 4.8 4 4.9 7.4.1 1.8-1.1 7 0 8.5.6.8 1.6 1.2 2.4.5 1.4-1.1.1-5.4.1-6.9.1-3.7.3-8.6 4.1-10.5 5-2.5 6.2 1.6 5.4 5.6-.4 1.7-1 9.2 2.9 6.3 1.5-1.1.7-3.5.5-4.9-.4-2.4-.4-4.3 1-6.5.9-1.4 2.4-3.1 4.2-3 2.4.1 2.7 2.2 4 3.7 1.5 1.8 1.8 2.2 3 .1 1.1-1.9 1.2-2.8 3.6-3.3 1.3-.3 4.8-1.4 5.9-.5 1.5 1.1.6 2.8.4 4.3-.2 1.1-.6 4 1.8 3.4 1.7-.4-.3-4.1.6-5.6 1.3-2.2 5.8-1.4 7 .5 1.3 2.1.5 5.8.1 8.1s-1.2 5-.6 7.4c1.3 5.1 4.4.9 4.3-2.4-.1-4.4-2-8.8-.5-13 .9-2.4 4.6-6.6 7.7-4.5 2.7 1.8.5 7.8.2 10.3-.2 1.7-.8 4.6.2 6.2.9 1.4 2 1.5 2.6-.3.5-1.5-.9-4.5-1-6.1-.2-1.7-.4-3.7.2-5.4 1.8-5.6 3.5 2.4 6.3.6 1.4-.9 4.3-9.4 6.1-3.1.6 2.2-1.3 7.8.7 8.9 4.2 2.3 1.5-7.1 2.2-8 3.1-4 4.7 3.8 6.1 4.1 3.1.7 2.8-7.9 8.1-4.5 1.7 1.1 2.9 3.3 3.2 5.2.4 2.2-1 4.5-.6 6.6 1 4.3 4.4 1.5 4.4-1.7 0-2.7-3-8.3 1.4-9.1 4.4-.9 7.3 3.5 7.8 6.9.3 2-1.5 10.9 1.3 11.3 4.1.6-3.2-15.7 4.8-15.8 4.7-.1 2.8 4.1 3.9 6.6 1 2.4 2.1 1 2.3-.8.3-1.9-.9-3.2 1.3-4.3 5.9-2.9 5.9 5.4 5.5 8.5-.3 2-1.7 8.4 2 8.1 6.9-.5-2.8-16.9 4.8-18.7 4.7-1.2 6.1 3.6 6.3 7.1.1 1.7-1.2 8.1.6 9.1 3.5 2 1.9-7 2-8.4.2-4 1.2-9.6 6.4-9.8 4.7-.2 3.2 4.6 2.7 7.5-.4 2.2 1.3 8.6 3.8 4.4 1.1-1.9-.3-4.1-.3-6 0-1.7.4-3.2 1.3-4.6 1-1.6 2.9-3.5 5.1-2.9 2.5.6 2.3 4.1 4.1 4.9 1.9.8 1.6-.9 2.3-2.1 1.2-2.1 2.1-2.1 4.4-2.4 1.4-.2 3.6-1.5 4.9-.5 2.3 1.7-.7 4.4.1 6.5.6 1.5 2.1 1.7 2.8.3.7-1.4-1.1-3.4-.3-4.8 1.4-2.5 6.2-1.2 7.2 1 2.3 4.8-3.3 12-.2 16.3 3 4.1 3.9-2.8 3.8-4.8-.4-4.3-2.1-8.9 0-13.1 1.3-2.5 5.9-5.7 7.9-2.4 2 3.2-1.3 9.8-.8 13.4.5 4.4 3.5 3.3 2.7-.8-.4-1.9-2.4-10 .6-11.1 3.7-1.4 2.8 7.2 6.5.4 2.2-4.1 4.9-3.1 5.2 1.2.1 1.5-.6 3.1-.4 4.6.2 1.9 1.8 3.7 3.3 1.3 1-1.6-2.6-10.4 2.9-7.3 2.6 1.5 1.6 6.5 4.8 2.7 1.3-1.5 1.7-3.6 4-3.7 2.2-.1 4 2.3 4.8 4.1 1.3 2.9-1.5 8.4.9 10.3 4.2 3.3 3-5.5 2.7-6.9-.6-3.9 1-7.2 5.5-5 4.1 2.1 4.3 7.7 4.1 11.6 0 .8-.6 9.5 2.5 5.2 1.2-1.7-.1-7.7.1-9.6.3-2.9 1.2-5.5 4.3-6.2 4.5-1 7.7 1.5 7.4 5.8-.2 3.5-1.8 7.7-.5 11.1 1 2.7 3.6 2.8 5 .2 1.6-3.1 0-8.3-.4-11.6-.4-4.2-.2-7 1.8-10.8 0 0-.1.1-.1.2-.2.4-.3.7-.4.8v.1c-.1.2-.1.2 0 0v-.1l.4-.8c0-.1.1-.1.1-.2.2-.4.5-.8.8-1.2V0H0zM282.7 3.4z\"\/>\n<\/svg>\t\t<\/div>\n\t\t\t\t<div class=\"elementor-shape elementor-shape-bottom\" aria-hidden=\"true\" data-negative=\"false\">\n\t\t\t<svg xmlns=\"http:\/\/www.w3.org\/2000\/svg\" height=\"100%\" viewBox=\"0 0 283.5 27.8\" preserveAspectRatio=\"xMidYMax slice\">\n\t<path class=\"elementor-shape-fill\" d=\"M0 0v1.4c.6.7 1.1 1.4 1.4 2 2 3.8 2.2 6.6 1.8 10.8-.3 3.3-2.4 9.4 0 12.3 1.7 2 3.7 1.4 4.6-.9 1.4-3.8-.7-8.2-.6-12 .1-3.7 3.2-5.5 6.9-4.9 4 .6 4.8 4 4.9 7.4.1 1.8-1.1 7 0 8.5.6.8 1.6 1.2 2.4.5 1.4-1.1.1-5.4.1-6.9.1-3.7.3-8.6 4.1-10.5 5-2.5 6.2 1.6 5.4 5.6-.4 1.7-1 9.2 2.9 6.3 1.5-1.1.7-3.5.5-4.9-.4-2.4-.4-4.3 1-6.5.9-1.4 2.4-3.1 4.2-3 2.4.1 2.7 2.2 4 3.7 1.5 1.8 1.8 2.2 3 .1 1.1-1.9 1.2-2.8 3.6-3.3 1.3-.3 4.8-1.4 5.9-.5 1.5 1.1.6 2.8.4 4.3-.2 1.1-.6 4 1.8 3.4 1.7-.4-.3-4.1.6-5.6 1.3-2.2 5.8-1.4 7 .5 1.3 2.1.5 5.8.1 8.1s-1.2 5-.6 7.4c1.3 5.1 4.4.9 4.3-2.4-.1-4.4-2-8.8-.5-13 .9-2.4 4.6-6.6 7.7-4.5 2.7 1.8.5 7.8.2 10.3-.2 1.7-.8 4.6.2 6.2.9 1.4 2 1.5 2.6-.3.5-1.5-.9-4.5-1-6.1-.2-1.7-.4-3.7.2-5.4 1.8-5.6 3.5 2.4 6.3.6 1.4-.9 4.3-9.4 6.1-3.1.6 2.2-1.3 7.8.7 8.9 4.2 2.3 1.5-7.1 2.2-8 3.1-4 4.7 3.8 6.1 4.1 3.1.7 2.8-7.9 8.1-4.5 1.7 1.1 2.9 3.3 3.2 5.2.4 2.2-1 4.5-.6 6.6 1 4.3 4.4 1.5 4.4-1.7 0-2.7-3-8.3 1.4-9.1 4.4-.9 7.3 3.5 7.8 6.9.3 2-1.5 10.9 1.3 11.3 4.1.6-3.2-15.7 4.8-15.8 4.7-.1 2.8 4.1 3.9 6.6 1 2.4 2.1 1 2.3-.8.3-1.9-.9-3.2 1.3-4.3 5.9-2.9 5.9 5.4 5.5 8.5-.3 2-1.7 8.4 2 8.1 6.9-.5-2.8-16.9 4.8-18.7 4.7-1.2 6.1 3.6 6.3 7.1.1 1.7-1.2 8.1.6 9.1 3.5 2 1.9-7 2-8.4.2-4 1.2-9.6 6.4-9.8 4.7-.2 3.2 4.6 2.7 7.5-.4 2.2 1.3 8.6 3.8 4.4 1.1-1.9-.3-4.1-.3-6 0-1.7.4-3.2 1.3-4.6 1-1.6 2.9-3.5 5.1-2.9 2.5.6 2.3 4.1 4.1 4.9 1.9.8 1.6-.9 2.3-2.1 1.2-2.1 2.1-2.1 4.4-2.4 1.4-.2 3.6-1.5 4.9-.5 2.3 1.7-.7 4.4.1 6.5.6 1.5 2.1 1.7 2.8.3.7-1.4-1.1-3.4-.3-4.8 1.4-2.5 6.2-1.2 7.2 1 2.3 4.8-3.3 12-.2 16.3 3 4.1 3.9-2.8 3.8-4.8-.4-4.3-2.1-8.9 0-13.1 1.3-2.5 5.9-5.7 7.9-2.4 2 3.2-1.3 9.8-.8 13.4.5 4.4 3.5 3.3 2.7-.8-.4-1.9-2.4-10 .6-11.1 3.7-1.4 2.8 7.2 6.5.4 2.2-4.1 4.9-3.1 5.2 1.2.1 1.5-.6 3.1-.4 4.6.2 1.9 1.8 3.7 3.3 1.3 1-1.6-2.6-10.4 2.9-7.3 2.6 1.5 1.6 6.5 4.8 2.7 1.3-1.5 1.7-3.6 4-3.7 2.2-.1 4 2.3 4.8 4.1 1.3 2.9-1.5 8.4.9 10.3 4.2 3.3 3-5.5 2.7-6.9-.6-3.9 1-7.2 5.5-5 4.1 2.1 4.3 7.7 4.1 11.6 0 .8-.6 9.5 2.5 5.2 1.2-1.7-.1-7.7.1-9.6.3-2.9 1.2-5.5 4.3-6.2 4.5-1 7.7 1.5 7.4 5.8-.2 3.5-1.8 7.7-.5 11.1 1 2.7 3.6 2.8 5 .2 1.6-3.1 0-8.3-.4-11.6-.4-4.2-.2-7 1.8-10.8 0 0-.1.1-.1.2-.2.4-.3.7-.4.8v.1c-.1.2-.1.2 0 0v-.1l.4-.8c0-.1.1-.1.1-.2.2-.4.5-.8.8-1.2V0H0zM282.7 3.4z\"\/>\n<\/svg>\t\t<\/div>\n\t\t<div class=\"elementor-element elementor-element-1b5657f e-con-full e-flex e-con e-child\" data-id=\"1b5657f\" data-element_type=\"container\" data-e-type=\"container\">\n\t\t<div class=\"elementor-element elementor-element-8686057 e-con-full e-flex e-con e-child\" data-id=\"8686057\" data-element_type=\"container\" data-e-type=\"container\">\n\t\t<div class=\"elementor-element elementor-element-61a861b e-con-full e-flex e-con e-child\" data-id=\"61a861b\" data-element_type=\"container\" data-e-type=\"container\">\n\t\t<div class=\"elementor-element elementor-element-97df4d9 e-con-full e-flex e-con e-child\" data-id=\"97df4d9\" data-element_type=\"container\" data-e-type=\"container\">\n\t\t\t\t<div class=\"elementor-element elementor-element-9ccc0ad elementor-widget elementor-widget-heading\" data-id=\"9ccc0ad\" data-element_type=\"widget\" data-e-type=\"widget\" data-widget_type=\"heading.default\">\n\t\t\t\t<div class=\"elementor-widget-container\">\n\t\t\t\t\t<h2 class=\"elementor-heading-title elementor-size-default\">Paritanssi tutuksi - lauantaikurssit<\/h2>\t\t\t\t<\/div>\n\t\t\t\t<\/div>\n\t\t\t\t<\/div>\n\t\t\t\t<\/div>\n\t\t\t\t<\/div>\n\t\t\t\t<\/div>\n\t\t\t\t<div class=\"elementor-element elementor-element-028f944 elementor-widget elementor-widget-text-editor\" data-id=\"028f944\" data-element_type=\"widget\" data-e-type=\"widget\" data-widget_type=\"text-editor.default\">\n\t\t\t\t<div class=\"elementor-widget-container\">\n\t\t\t\t\t\t\t\t\t<p><span style=\"color: #808080;\"><strong>Lauantai 31.1.26 klo 12-13.30 Salsa tutuksi (op. Outi Tonteri) KURSSI TOTEUTUU!<\/strong><\/span><\/p><p><span style=\"color: #808080;\"><span style=\"text-decoration: underline;\">kurssin sis\u00e4lt\u00f6<\/span>:<\/span><\/p><p><span style=\"color: #808080;\">*salsan alkeet<\/span><\/p><p><span style=\"color: #808080;\">*et tarvitse aiempaa kokemusta paritanssista<\/span><\/p><p><span style=\"color: #808080;\">*perusaskel ja muutama kuvio soolotanssina (=ilman paria)<\/span><\/p><p><span style=\"color: #808080;\">*muutama helppo kuvio parin kanssa<\/span><\/p><p><span style=\"color: #808080;\">*tietoisku salsamusiikista<\/span><\/p><p><span style=\"color: #808080;\"><span style=\"text-decoration: underline;\">hinta<\/span>:<\/span><\/p><p><span style=\"color: #808080;\">*12\u20ac \/hl\u00f6 (k\u00e4teinen, pankkikortti, epassi, mobilepay) TAI <a style=\"color: #808080;\" href=\"lasikenka.fi\/index.php\/lavatanssin-alkeisjatko\/#hinta\"><strong>kolme<\/strong>\u00a0<strong>keng\u00e4n<\/strong> <strong>kuvaa<\/strong><\/a> alennuskortista<\/span><\/p><p><span style=\"color: #808080;\"><span style=\"text-decoration: underline;\">ilmoittautuminen<\/span>:<\/span><\/p><p><span style=\"color: #808080;\"><strong>*KURSSI TOTEUTUU! Mukaan mahtuu viel\u00e4 (my\u00f6s ilman omaa paria) sek\u00e4 vieji\u00e4 ett\u00e4 seuraajia.\u00a0<\/strong><\/span><\/p><p><span style=\"color: #808080;\">*ilmoittaudu: outi(at)lasikenka.fi<\/span><\/p>\t\t\t\t\t\t\t\t<\/div>\n\t\t\t\t<\/div>\n\t\t\t\t\t<\/div>\n\t\t\t\t<\/div>\n\t\t<div class=\"elementor-element elementor-element-f2fc9ec e-flex e-con-boxed e-con e-parent\" data-id=\"f2fc9ec\" data-element_type=\"container\" data-e-type=\"container\">\n\t\t\t\t\t<div class=\"e-con-inner\">\n\t\t\t\t<div class=\"elementor-element elementor-element-1381a3a elementor-widget elementor-widget-text-editor\" data-id=\"1381a3a\" data-element_type=\"widget\" data-e-type=\"widget\" data-widget_type=\"text-editor.default\">\n\t\t\t\t<div class=\"elementor-widget-container\">\n\t\t\t\t\t\t\t\t\t<p><span style=\"color: #808080;\"><strong style=\"font-size: 1rem;\">Lauantai\u00a0<\/strong><strong>28.2.26 klo 12-14 West coast swing tutuksi (op. Otto Valtamo) KURSSI TOTEUTUU!<\/strong><\/span><\/p><p><span style=\"color: #808080;\"><span style=\"text-decoration: underline;\">West coast swing<\/span>:<\/span><\/p><p><span style=\"color: #808080;\">*West coast swing (WCS) on viimeisin Suomeen rantautunut rock&#8217;n swing-tanssi (ne muut ovat jive, bugg, boogie woogie, lindy hop&#8230;)<\/span><\/p><p><span style=\"color: #808080;\">*ks. videoklippi (Youtube): <a style=\"color: #808080;\" href=\"https:\/\/youtu.be\/kQIUIp1Y9fw?si=mCd9oVRrlLmLolXD\">https:\/\/youtu.be\/kQIUIp1Y9fw?si=mCd9oVRrlLmLolXD<\/a><\/span><\/p><p><span style=\"color: #808080;\"><span style=\"text-decoration: underline;\"><strong><a style=\"color: #808080; text-decoration: underline;\" href=\"https:\/\/lasikenka.fi\/index.php\/elementor-1185\/#Otto\">Otto Valtamon<\/a><\/strong> esitt\u00e4ytyminen<\/span>:<\/span><\/p><p><span style=\"color: #808080;\">*Otto on kokenut rock&#8217;n swing-tanssien opettaja. H\u00e4nell\u00e4 on pitk\u00e4 kokemus boogie woogien, buggin ja muiden swing-tanssilajien opettamisesta.<\/span><\/p><p><span style=\"color: #808080;\"><span style=\"text-decoration: underline;\">kurssin sis\u00e4lt\u00f6<\/span>:<\/span><\/p><p><span style=\"color: #808080;\">*WCS alkeet<\/span><\/p><p><span style=\"color: #808080;\">*aiempaa kokemusta WCS-tanssista et tarvitse, mutta olisi hyv\u00e4 jos sinulla kuitenkin olisi jkv tanssitaustaa k\u00e4denalitansseista ja triple-step-askelluksesta (=1, 2, 3et4, 5et6)<\/span><\/p><p><span style=\"color: #808080;\">*tiedustelut: outi(at)lasikenka.fi tai p. 045 208 2610<\/span><\/p><p><span style=\"color: #808080;\"><span style=\"text-decoration: underline;\">hinta<\/span>:<\/span><\/p><p><span style=\"color: #808080;\">*30\u20ac \/hl\u00f6 (k\u00e4teinen, pankkikortti, epassi, mobilepay) (alennuskortti ei ole k\u00e4yt\u00f6ss\u00e4)<\/span><\/p><p><span style=\"color: #808080;\"><span style=\"text-decoration: underline;\">ilmoittautuminen<\/span>:<\/span><\/p><p><span style=\"color: #808080;\"><strong>*KURSSI TOTEUTUU! Mukaan mahtuu viel\u00e4 muutama tanssija, tiedustele Outilta!<\/strong><\/span><\/p>\t\t\t\t\t\t\t\t<\/div>\n\t\t\t\t<\/div>\n\t\t\t\t\t<\/div>\n\t\t\t\t<\/div>\n\t\t<div class=\"elementor-element elementor-element-98dabcc e-flex e-con-boxed e-con e-parent\" data-id=\"98dabcc\" data-element_type=\"container\" data-e-type=\"container\">\n\t\t\t\t\t<div class=\"e-con-inner\">\n\t\t\t\t<div class=\"elementor-element elementor-element-2e6a336 elementor-widget elementor-widget-text-editor\" data-id=\"2e6a336\" data-element_type=\"widget\" data-e-type=\"widget\" data-widget_type=\"text-editor.default\">\n\t\t\t\t<div class=\"elementor-widget-container\">\n\t\t\t\t\t\t\t\t\t<p><span style=\"color: #808080;\"><strong>Lauantai 28.2.26 klo 14.15-15.15 Bugg tutuksi (op. Otto Valtamo) KURSSI TOTEUTUU!<\/strong><\/span><\/p><p><span style=\"color: #808080;\"><span style=\"text-decoration: underline;\">Bugg<\/span>:<\/span><\/p><p><span style=\"color: #808080;\">*bugg on toinen kahdesta tanssilavoilla yleisimmin tanssitusta k\u00e4denalitanssista (se toinen on fusku)<\/span><\/p><p><span style=\"color: #808080;\">*bugg on kotoisin Ruotsista ja se on rock&#8217;n swing-tanssi, jossa my\u00f6s kilpaillaan sek\u00e4 Ruotsissa ett\u00e4 Suomessa<\/span><\/p><p><span style=\"color: #808080;\">*googleta &#8221;bugg SM&#8221; niin n\u00e4et kisavideoita (Ruotsista)<\/span><\/p><p><span style=\"color: #808080;\"><span style=\"text-decoration: underline;\"><strong><a style=\"color: #808080; text-decoration: underline;\" href=\"https:\/\/lasikenka.fi\/index.php\/elementor-1185\/#Otto\">Otto Valtamon<\/a><\/strong>\u00a0esitt\u00e4ytyminen<\/span>:<\/span><\/p><p><span style=\"color: #808080;\">*Otto on kokenut rock&#8217;n swing-tanssien opettaja. H\u00e4nell\u00e4 on pitk\u00e4 kokemus boogie woogien, buggin ja muiden swing-tanssilajien opettamisesta.<\/span><\/p><p><span style=\"color: #808080;\"><span style=\"text-decoration: underline;\">kurssin sis\u00e4lt\u00f6<\/span>:<\/span><\/p><p><span style=\"color: #808080;\">*bugg alkeet<\/span><\/p><p><span style=\"color: #808080;\">*et tarvitse aiempaa kokemusta paritansseista<\/span><\/p><p><span style=\"color: #808080;\">*tiedustelut: outi(at)lasikenka.fi tai p. 045 208 2610<\/span><\/p><p><span style=\"color: #808080;\"><span style=\"text-decoration: underline;\">hinta<\/span>:<\/span><\/p><p><span style=\"color: #808080;\">*16\u20ac \/hl\u00f6 (k\u00e4teinen, pankkikortti, epassi, mobilepay) TAI <strong>nelj\u00e4 keng\u00e4n kuvaa<\/strong> alennuskortista<\/span><\/p><p><span style=\"color: #808080;\"><span style=\"text-decoration: underline;\">ilmoittautuminen<\/span>:<\/span><\/p><p><span style=\"color: #808080;\"><strong>*KURSSI TOTEUTUU! T\u00e4ll\u00e4 hetkell\u00e4 kurssille ei mahdu enemp\u00e4\u00e4 oppilaita, mutta tiedustele mahdollisia peruutuspaikkoja Outilta!<\/strong><\/span><\/p>\t\t\t\t\t\t\t\t<\/div>\n\t\t\t\t<\/div>\n\t\t\t\t\t<\/div>\n\t\t\t\t<\/div>\n\t\t\t\t<\/div>\n\t\t","protected":false},"excerpt":{"rendered":"<p>Paritanssi tutuksi &#8211; lauantaikurssit Lauantai 31.1.26 klo 12-13.30 Salsa tutuksi (op. Outi Tonteri) KURSSI TOTEUTUU! kurssin sis\u00e4lt\u00f6: *salsan alkeet *et tarvitse aiempaa kokemusta paritanssista *perusaskel ja muutama kuvio soolotanssina (=ilman paria) *muutama helppo kuvio parin kanssa *tietoisku salsamusiikista hinta: *12\u20ac \/hl\u00f6 (k\u00e4teinen, pankkikortti, epassi, mobilepay) TAI kolme\u00a0keng\u00e4n kuvaa alennuskortista ilmoittautuminen: *KURSSI TOTEUTUU! Mukaan mahtuu viel\u00e4 &hellip;<\/p>\n<p class=\"read-more\"> <a class=\"\" href=\"https:\/\/lasikenka.fi\/index.php\/paritanssi-tutuksi\/\"> <span class=\"screen-reader-text\">Paritanssi tutuksi<\/span> Lue lis\u00e4\u00e4 &raquo;<\/a><\/p>\n","protected":false},"author":1,"featured_media":0,"parent":0,"menu_order":0,"comment_status":"closed","ping_status":"closed","template":"","meta":{"site-sidebar-layout":"no-sidebar","site-content-layout":"page-builder","ast-site-content-layout":"full-width-container","site-content-style":"default","site-sidebar-style":"default","ast-global-header-display":"","ast-banner-title-visibility":"","ast-main-header-display":"","ast-hfb-above-header-display":"","ast-hfb-below-header-display":"","ast-hfb-mobile-header-display":"","site-post-title":"disabled","ast-breadcrumbs-content":"","ast-featured-img":"disabled","footer-sml-layout":"","theme-transparent-header-meta":"","adv-header-id-meta":"","stick-header-meta":"","header-above-stick-meta":"","header-main-stick-meta":"","header-below-stick-meta":"","astra-migrate-meta-layouts":"set","footnotes":""},"class_list":["post-7286","page","type-page","status-publish","hentry"],"_links":{"self":[{"href":"https:\/\/lasikenka.fi\/index.php\/wp-json\/wp\/v2\/pages\/7286","targetHints":{"allow":["GET"]}}],"collection":[{"href":"https:\/\/lasikenka.fi\/index.php\/wp-json\/wp\/v2\/pages"}],"about":[{"href":"https:\/\/lasikenka.fi\/index.php\/wp-json\/wp\/v2\/types\/page"}],"author":[{"embeddable":true,"href":"https:\/\/lasikenka.fi\/index.php\/wp-json\/wp\/v2\/users\/1"}],"replies":[{"embeddable":true,"href":"https:\/\/lasikenka.fi\/index.php\/wp-json\/wp\/v2\/comments?post=7286"}],"version-history":[{"count":178,"href":"https:\/\/lasikenka.fi\/index.php\/wp-json\/wp\/v2\/pages\/7286\/revisions"}],"predecessor-version":[{"id":8748,"href":"https:\/\/lasikenka.fi\/index.php\/wp-json\/wp\/v2\/pages\/7286\/revisions\/8748"}],"wp:attachment":[{"href":"https:\/\/lasikenka.fi\/index.php\/wp-json\/wp\/v2\/media?parent=7286"}],"curies":[{"name":"wp","href":"https:\/\/api.w.org\/{rel}","templated":true}]}}