{"id":9090,"date":"2026-04-05T11:46:56","date_gmt":"2026-04-05T08:46:56","guid":{"rendered":"https:\/\/lasikenka.fi\/?page_id=9090"},"modified":"2026-04-08T10:11:04","modified_gmt":"2026-04-08T07:11:04","slug":"9090-2","status":"publish","type":"page","link":"https:\/\/lasikenka.fi\/index.php\/9090-2\/","title":{"rendered":"SoiPelit"},"content":{"rendered":"\t\t<div data-elementor-type=\"wp-page\" data-elementor-id=\"9090\" class=\"elementor elementor-9090\">\n\t\t\t\t<div class=\"elementor-element elementor-element-5dc66ce e-flex e-con-boxed e-con e-parent\" data-id=\"5dc66ce\" data-element_type=\"container\" data-e-type=\"container\">\n\t\t\t\t\t<div class=\"e-con-inner\">\n\t\t<div class=\"elementor-element elementor-element-977d35d e-con-full e-flex e-con e-child\" data-id=\"977d35d\" data-element_type=\"container\" data-e-type=\"container\" data-settings=\"{&quot;background_background&quot;:&quot;classic&quot;}\">\n\t\t\t\t<div class=\"elementor-element elementor-element-491fc8a elementor-widget elementor-widget-text-editor\" data-id=\"491fc8a\" data-element_type=\"widget\" data-e-type=\"widget\" data-widget_type=\"text-editor.default\">\n\t\t\t\t<div class=\"elementor-widget-container\">\n\t\t\t\t\t\t\t\t\t<p style=\"text-align: center;\"><span style=\"color: #008000;\"><strong>Olipa hauskat p\u00e4iv\u00e4tanssit<\/strong><\/span><\/p><p style=\"text-align: center;\"><span style=\"color: #008000;\"><strong>Lasikeng\u00e4ss\u00e4 p\u00e4\u00e4si\u00e4islauantaina, kiitos kaikille osallistuneille! <\/strong><\/span><\/p><p style=\"text-align: center;\"><span style=\"color: #008000;\"><strong>Ja kiitokset mainiolle SoiPelit-yhtyeelle!<\/strong><\/span><\/p>\t\t\t\t\t\t\t\t<\/div>\n\t\t\t\t<\/div>\n\t\t\t\t<\/div>\n\t\t<div class=\"elementor-element elementor-element-ae79296 e-con-full e-flex e-con e-child\" data-id=\"ae79296\" data-element_type=\"container\" data-e-type=\"container\" data-settings=\"{&quot;background_background&quot;:&quot;classic&quot;}\">\n\t\t\t\t<div class=\"elementor-element elementor-element-2193c69 elementor-widget elementor-widget-text-editor\" data-id=\"2193c69\" data-element_type=\"widget\" data-e-type=\"widget\" data-widget_type=\"text-editor.default\">\n\t\t\t\t<div class=\"elementor-widget-container\">\n\t\t\t\t\t\t\t\t\t<p style=\"text-align: center;\"><a name=\"tanssit\"><\/a><strong>Lasikeng\u00e4ss\u00e4 <span style=\"color: #ff0000;\">P\u00c4IV\u00c4TANSSIT<\/span><\/strong><\/p><p style=\"text-align: center;\"><strong>el\u00e4v\u00e4n musiikin tahtiin<\/strong><\/p><p style=\"text-align: center;\"><strong><span style=\"color: #008000;\"> p\u00e4\u00e4si\u00e4islauantaina 4.4.26\u00a0<\/span><\/strong><\/p><p style=\"text-align: center;\"><strong><span style=\"color: #008000;\">klo 16-19<\/span><\/strong><strong><span style=\"color: #008000;\">\u00a0<\/span><\/strong><\/p>\t\t\t\t\t\t\t\t<\/div>\n\t\t\t\t<\/div>\n\t\t\t\t<div class=\"elementor-element elementor-element-79238df elementor-widget elementor-widget-image\" data-id=\"79238df\" data-element_type=\"widget\" data-e-type=\"widget\" data-widget_type=\"image.default\">\n\t\t\t\t<div class=\"elementor-widget-container\">\n\t\t\t\t\t\t\t\t\t\t\t\t\t\t\t<img fetchpriority=\"high\" decoding=\"async\" width=\"300\" height=\"169\" src=\"https:\/\/lasikenka.fi\/wp-content\/uploads\/2026\/03\/SoiPeli-300x169.jpg\" class=\"attachment-medium size-medium wp-image-8967\" alt=\"\" srcset=\"https:\/\/lasikenka.fi\/wp-content\/uploads\/2026\/03\/SoiPeli-300x169.jpg 300w, https:\/\/lasikenka.fi\/wp-content\/uploads\/2026\/03\/SoiPeli-1024x576.jpg 1024w, https:\/\/lasikenka.fi\/wp-content\/uploads\/2026\/03\/SoiPeli-768x432.jpg 768w, https:\/\/lasikenka.fi\/wp-content\/uploads\/2026\/03\/SoiPeli-1536x864.jpg 1536w, https:\/\/lasikenka.fi\/wp-content\/uploads\/2026\/03\/SoiPeli-2048x1152.jpg 2048w\" sizes=\"(max-width: 300px) 100vw, 300px\" \/>\t\t\t\t\t\t\t\t\t\t\t\t\t\t\t<\/div>\n\t\t\t\t<\/div>\n\t\t<div class=\"elementor-element elementor-element-177bde7 e-con-full e-flex e-con e-child\" data-id=\"177bde7\" data-element_type=\"container\" data-e-type=\"container\">\n\t\t\t\t<div class=\"elementor-element elementor-element-eefdcc6 elementor-widget elementor-widget-text-editor\" data-id=\"eefdcc6\" data-element_type=\"widget\" data-e-type=\"widget\" data-widget_type=\"text-editor.default\">\n\t\t\t\t<div class=\"elementor-widget-container\">\n\t\t\t\t\t\t\t\t\t<p style=\"text-align: center;\"><strong><span style=\"color: #000000;\">orkesterina<\/span> <span style=\"color: #ff0000;\">SoiPelit<\/span><\/strong><\/p><p style=\"text-align: center;\">liput 10\u20ac (k\u00e4t,kortti,Mobilepay)<\/p><p style=\"text-align: center;\"><strong>Tervetuloa!<\/strong><\/p>\t\t\t\t\t\t\t\t<\/div>\n\t\t\t\t<\/div>\n\t\t\t\t<\/div>\n\t\t\t\t<\/div>\n\t\t\t\t\t<\/div>\n\t\t\t\t<\/div>\n\t\t\t\t<\/div>\n\t\t","protected":false},"excerpt":{"rendered":"<p>Olipa hauskat p\u00e4iv\u00e4tanssit Lasikeng\u00e4ss\u00e4 p\u00e4\u00e4si\u00e4islauantaina, kiitos kaikille osallistuneille! Ja kiitokset mainiolle SoiPelit-yhtyeelle! Lasikeng\u00e4ss\u00e4 P\u00c4IV\u00c4TANSSIT el\u00e4v\u00e4n musiikin tahtiin p\u00e4\u00e4si\u00e4islauantaina 4.4.26\u00a0 klo 16-19\u00a0 orkesterina SoiPelit liput 10\u20ac (k\u00e4t,kortti,Mobilepay) Tervetuloa!<\/p>\n","protected":false},"author":1,"featured_media":0,"parent":0,"menu_order":0,"comment_status":"closed","ping_status":"closed","template":"","meta":{"site-sidebar-layout":"default","site-content-layout":"","ast-site-content-layout":"default","site-content-style":"default","site-sidebar-style":"default","ast-global-header-display":"","ast-banner-title-visibility":"","ast-main-header-display":"","ast-hfb-above-header-display":"","ast-hfb-below-header-display":"","ast-hfb-mobile-header-display":"","site-post-title":"","ast-breadcrumbs-content":"","ast-featured-img":"","footer-sml-layout":"","theme-transparent-header-meta":"","adv-header-id-meta":"","stick-header-meta":"","header-above-stick-meta":"","header-main-stick-meta":"","header-below-stick-meta":"","astra-migrate-meta-layouts":"set","footnotes":""},"class_list":["post-9090","page","type-page","status-publish","hentry"],"_links":{"self":[{"href":"https:\/\/lasikenka.fi\/index.php\/wp-json\/wp\/v2\/pages\/9090","targetHints":{"allow":["GET"]}}],"collection":[{"href":"https:\/\/lasikenka.fi\/index.php\/wp-json\/wp\/v2\/pages"}],"about":[{"href":"https:\/\/lasikenka.fi\/index.php\/wp-json\/wp\/v2\/types\/page"}],"author":[{"embeddable":true,"href":"https:\/\/lasikenka.fi\/index.php\/wp-json\/wp\/v2\/users\/1"}],"replies":[{"embeddable":true,"href":"https:\/\/lasikenka.fi\/index.php\/wp-json\/wp\/v2\/comments?post=9090"}],"version-history":[{"count":35,"href":"https:\/\/lasikenka.fi\/index.php\/wp-json\/wp\/v2\/pages\/9090\/revisions"}],"predecessor-version":[{"id":9188,"href":"https:\/\/lasikenka.fi\/index.php\/wp-json\/wp\/v2\/pages\/9090\/revisions\/9188"}],"wp:attachment":[{"href":"https:\/\/lasikenka.fi\/index.php\/wp-json\/wp\/v2\/media?parent=9090"}],"curies":[{"name":"wp","href":"https:\/\/api.w.org\/{rel}","templated":true}]}}